{"id":931,"date":"2019-07-25T20:41:53","date_gmt":"2019-07-25T20:41:53","guid":{"rendered":"http:\/\/cabeco.es\/?page_id=931"},"modified":"2019-07-28T13:40:32","modified_gmt":"2019-07-28T13:40:32","slug":"sensores","status":"publish","type":"page","link":"https:\/\/cabeco.es\/en\/__trashed\/sensores\/","title":{"rendered":"MAGNETIC SENSORS"},"content":{"rendered":"<p>[et_pb_section fb_built=&#8221;1&#8243; _builder_version=&#8221;3.22.7&#8243; background_image=&#8221;http:\/\/cabeco.es\/wp-content\/uploads\/2019\/05\/stock-photo-flow-sensor-installed-in-factory-pipeline-level-sensor-installed-in-a-factory-1212225925.jpg&#8221; custom_padding=&#8221;100px||100px||true&#8221;][et_pb_row _builder_version=&#8221;3.22.7&#8243;][et_pb_column type=&#8221;4_4&#8243; _builder_version=&#8221;3.0.47&#8243;][et_pb_text _builder_version=&#8221;3.22.7&#8243; text_font=&#8221;||||||||&#8221; header_font=&#8221;||||||||&#8221; header_3_font=&#8221;||||||||&#8221; header_3_font_size=&#8221;28px&#8221; header_5_font=&#8221;|||on|||||&#8221; header_5_font_size=&#8221;32px&#8221; text_orientation=&#8221;center&#8221; background_layout=&#8221;dark&#8221;]<\/p>\n<h5>Magnetic Sensors<\/h5>\n<p>[\/et_pb_text][\/et_pb_column][\/et_pb_row][\/et_pb_section][et_pb_section fb_built=&#8221;1&#8243; _builder_version=&#8221;3.22.7&#8243;][et_pb_row use_custom_gutter=&#8221;on&#8221; make_equal=&#8221;on&#8221; _builder_version=&#8221;3.22.7&#8243;][et_pb_column type=&#8221;1_4&#8243; _builder_version=&#8221;3.0.47&#8243;][et_pb_sidebar _builder_version=&#8221;3.22.7&#8243;][\/et_pb_sidebar][\/et_pb_column][et_pb_column type=&#8221;1_2&#8243; _builder_version=&#8221;3.0.47&#8243;][et_pb_shop type=&#8221;product_category&#8221; columns_number=&#8221;3&#8243; _builder_version=&#8221;3.22.7&#8243; title_font=&#8221;||||||||&#8221; title_font_size=&#8221;16px&#8221; include_categories=&#8221;47&#8243;][\/et_pb_shop][\/et_pb_column][et_pb_column type=&#8221;1_4&#8243; _builder_version=&#8221;3.0.47&#8243;][et_pb_text _builder_version=&#8221;3.22.7&#8243; text_font=&#8221;||||||||&#8221; text_line_height=&#8221;1.2em&#8221; ul_font=&#8221;||||||||&#8221; ul_line_height=&#8221;1.2em&#8221; header_font=&#8221;||||||||&#8221; header_6_font=&#8221;||||||||&#8221; header_6_line_height=&#8221;1.2em&#8221;]<\/p>\n<h6> Cabeco designs, produces and markets a wide range of magnetic sensors &#8211; proximity sensors &#8211; magnetic switch applied in countless and very diverse sectors. <\/h6>\n<p> We have a vast experience in the development and manufacture of magnetic sensors &#8211; proximity sensors &#8211; magnetic switch for all types of applications <\/p>\n<p> Within the wide range of uses, the range focused on elevators and mechanical transporters of people and goods deserves special mention. The unquestionable experience provided by being so many years developing and manufacturing magnetic switches, is backed by the world&#8217;s leading manufacturers of elevators, of which we take pride in being suppliers, as well as obtaining the ISO91001 and Q-plus quality certificates. <\/p>\n<p> Being a design laboratory leads to constant innovation and improvement of our products, which allows us to adapt to the special characteristics of the different builders and their needs. Thus, it is possible to respond quickly to the innovations that our customers decide to introduce in their products, as well as to their new designs. <\/p>\n<p> The use of top quality materials, as well as the use of switching elements of the world&#8217;s leading manufacturers, together with a rigorous quality control of all manufacturing processes, allow to obtain magnetic sensors &#8211; proximity sensors &#8211; switches High quality magnetic and unsurpassed reliability and precision. In addition, all safety and control regulations that affect the use of environmentally friendly and waste disposal compounds are strictly adhered to. <\/p>\n<p> It is important to note that each magnetic sensor &#8211; magnetic switch &#8211; proximity sensor is tested during 3 stages of its manufacture, <span style = \"text-decoration: underline;\"> resulting in 100% of the units under control. <\/span> <br \/> Our eagerness to achieve total quality coupled with the extreme demand that suppose to provide to market leaders forces us to produce each magnetic sensor &#8211; magnetic switch &#8211; proximity sensor with the highest level of control of the market. <\/p>\n<p>[\/et_pb_text][\/et_pb_column][\/et_pb_row][\/et_pb_section]<\/p>\n","protected":false},"excerpt":{"rendered":"<p>En el a\u00f1o 2018, cabello cumpli\u00f3 su 40 aniversario en el sector de la electr\u00f3nica y la automoci\u00f3n, una experiencia que nos avala ante  nuestros clientes.<\/p>\n","protected":false},"author":1,"featured_media":0,"parent":904,"menu_order":1,"comment_status":"closed","ping_status":"closed","template":"","meta":{"_et_pb_use_builder":"on","_et_pb_old_content":"","_et_gb_content_width":""},"_links":{"self":[{"href":"https:\/\/cabeco.es\/en\/wp-json\/wp\/v2\/pages\/931"}],"collection":[{"href":"https:\/\/cabeco.es\/en\/wp-json\/wp\/v2\/pages"}],"about":[{"href":"https:\/\/cabeco.es\/en\/wp-json\/wp\/v2\/types\/page"}],"author":[{"embeddable":true,"href":"https:\/\/cabeco.es\/en\/wp-json\/wp\/v2\/users\/1"}],"replies":[{"embeddable":true,"href":"https:\/\/cabeco.es\/en\/wp-json\/wp\/v2\/comments?post=931"}],"version-history":[{"count":7,"href":"https:\/\/cabeco.es\/en\/wp-json\/wp\/v2\/pages\/931\/revisions"}],"predecessor-version":[{"id":1191,"href":"https:\/\/cabeco.es\/en\/wp-json\/wp\/v2\/pages\/931\/revisions\/1191"}],"up":[{"embeddable":true,"href":"https:\/\/cabeco.es\/en\/wp-json\/wp\/v2\/pages\/904"}],"wp:attachment":[{"href":"https:\/\/cabeco.es\/en\/wp-json\/wp\/v2\/media?parent=931"}],"curies":[{"name":"wp","href":"https:\/\/api.w.org\/{rel}","templated":true}]}}