{"id":1107,"date":"2019-07-03T08:46:21","date_gmt":"2019-07-03T08:46:21","guid":{"rendered":"http:\/\/cabeco.es\/producto\/cnd3000tg-for-glp-level-sensors\/"},"modified":"2019-08-01T04:18:03","modified_gmt":"2019-08-01T04:18:03","slug":"cnd3000tg-for-glp-level-sensors","status":"publish","type":"product","link":"https:\/\/cabeco.es\/en\/producto\/cnd3000tg-for-glp-level-sensors\/","title":{"rendered":"CND3000TG level sensors for LPG"},"content":{"rendered":"<ul>\n<li>Telemetr\u00eda Integrada<\/li>\n<li>Medici\u00f3n de la protecci\u00f3n cat\u00f3dica<\/li>\n<li>Certificaci\u00f3n ATEX<\/li>\n<li>Compatibilidad total<\/li>\n<li>Precision 2%<\/li>\n<li>Totalmente accesible desde el exterior<\/li>\n<\/ul>\n<p>Los sensores de nivel CND3000TG est\u00e1n formados por un cabezal rectangular fabricado en policarbonato relleno de fibra de vidrio, con la tapa transparente, y por una vaina de acero inoxidable, con un flotador de SPANSIL, material altamente resistente a las altas presiones y a los productos qu\u00edmicos.<\/p>\n<p>En la vaina se montan una serie de resistencias y ampollas red que, al cerrarse por el paso del im\u00e1n colocado en el flotador, generan un efecto potenciom\u00e9trico a lo largo de todo el recorrido de la vaina que env\u00edan una lectura precisa del nivel del tanque que puede ser le\u00edda en todo momento mediante una pantalla visualizadora instalada en el cabezal.<\/p>\n<p>La sujeci\u00f3n al dep\u00f3sito es por medio de brida JR \u00f3 pletina de 8\u201d.<\/p>\n<p>Existen dos versiones de la CND3000, la B\u00e1sica y la TG (Tele-gesti\u00f3n integrada)<\/p>\n<p>Los sensores de nivel CND3000TG disponen de un modem GSM integrado que permite la lectura del nivel desde cualquier lugar del planeta que disponga de cobertura GSM.<\/p>\n<p>Este sistema facilita la instalaci\u00f3n del equipo puesto que se dispone de un solo dispositivo introducido directamente en la boca del tanque sin necesidad de a\u00f1adir ning\u00fan complemento al sistema. La Sonda de nivel y el m\u00f3dulo de tele-medida est\u00e1n unidos sin necesidad de cables repartidos por zonas 1 o 0.<\/p>\n<p>Los sensores de nivel electr\u00f3nico CND3000 TG permiten controlar todo su parque de sondas, mediante un simple mensaje de m\u00f3vil, o bien a trav\u00e9s de un PC con un software de control; por el cual podr\u00e1 realizar un estudio de niveles, controlar hist\u00f3ricos y predecir los consumos de cada tanque para optimizar su log\u00edstica. Los camiones de carga s\u00f3lo visitar\u00e1n los tanques que est\u00e9n acabando sus existencias.<\/p>\n<p>Los sensores de nivel CND3000TG son totalmente compatibles con cualquier entrada de tanque de GLP o dep\u00f3sito de GASOIL.<\/p>\n<p>Por otro lado, en caso de que fuera necesario cambiar la bater\u00eda o cualquier otro componente, no tendr\u00edamos que extraer la sonda del tanque. El equipo es totalmente estanco y permite manipular sus piezas sin recurrir al vaciado del tanque, con el consiguiente ahorro de costes que esto implica.<\/p>\n<p>Adem\u00e1s, estos sensores de nivel permiten visualizar la tensi\u00f3n de protecci\u00f3n cat\u00f3dica de un electrodo de referencia.<\/p>\n<p>Las medidas est\u00e1ndar son:1200mm, 1500mm, 1750mm, 2200mm, 2450mm<\/p>\n","protected":false},"excerpt":{"rendered":"<p>The sensors level CND 3000, are a precision instrument of high reliability, prepared to be installed outdoors. The CND 3000 level sensors have been designed to facilitate the level measurement operations of fuel tanks, liquefied gases (G.L.P) and any other liquid that can be measured by means of a float. For this they have the approvals and certifications II \u00bd G Ex ia IIB T4 Ga \/ Gb, intrinsically safe, in explosive atmospheres. Certificate of type LOM 03atex2151 x.<\/p>\n","protected":false},"featured_media":639,"template":"","meta":{"_et_pb_use_builder":"off","_et_pb_old_content":"","_et_gb_content_width":""},"product_cat":[46],"product_tag":[],"_links":{"self":[{"href":"https:\/\/cabeco.es\/en\/wp-json\/wp\/v2\/product\/1107"}],"collection":[{"href":"https:\/\/cabeco.es\/en\/wp-json\/wp\/v2\/product"}],"about":[{"href":"https:\/\/cabeco.es\/en\/wp-json\/wp\/v2\/types\/product"}],"wp:featuredmedia":[{"embeddable":true,"href":"https:\/\/cabeco.es\/en\/wp-json\/wp\/v2\/media\/639"}],"wp:attachment":[{"href":"https:\/\/cabeco.es\/en\/wp-json\/wp\/v2\/media?parent=1107"}],"wp:term":[{"taxonomy":"product_cat","embeddable":true,"href":"https:\/\/cabeco.es\/en\/wp-json\/wp\/v2\/product_cat?post=1107"},{"taxonomy":"product_tag","embeddable":true,"href":"https:\/\/cabeco.es\/en\/wp-json\/wp\/v2\/product_tag?post=1107"}],"curies":[{"name":"wp","href":"https:\/\/api.w.org\/{rel}","templated":true}]}}