{"id":1123,"date":"2019-07-02T14:38:08","date_gmt":"2019-07-02T14:38:08","guid":{"rendered":"http:\/\/cabeco.es\/producto\/pg-series-magnetic-sensors\/"},"modified":"2019-08-01T04:31:37","modified_gmt":"2019-08-01T04:31:37","slug":"pg-series-magnetic-sensors","status":"publish","type":"product","link":"https:\/\/cabeco.es\/en\/producto\/pg-series-magnetic-sensors\/","title":{"rendered":"PG Series Magnetic Sensors"},"content":{"rendered":"<p><strong> Typical applications of the PG Series magnetic sensors<br \/>\n<\/strong><\/p>\n<ul>\n<li> Pulse generators for counters <\/li>\n<li> Position control for machine tools <\/li>\n<li> Command signals for transport elements, belts, etc. <\/li>\n<li> Textile machinery <\/li>\n<li> Finals for cranes, gates, scales, presses, etc. <\/li>\n<\/ul>\n<p>Looking for a different magnetic sensor? See our catalog of magnetic sensors &#8211; proximity sensors &#8211; magnetic switches<\/p>\n","protected":false},"excerpt":{"rendered":"<p>Los sensores magneticos de la serie PG est\u00e1n encapsulados en una carcasa de pl\u00e1stico ABS azul de 12 mm. de di\u00e1metro y cerrados mediante prensaestopas PG-9, que sirve, a la vez, para su fijaci\u00f3n.Para una mayor robustez y seguridad, dicha carcasa se ha rellenado con un elast\u00f3mero de silicona.<\/p>\n","protected":false},"featured_media":598,"template":"","meta":{"_et_pb_use_builder":"off","_et_pb_old_content":"","_et_gb_content_width":""},"product_cat":[47],"product_tag":[],"_links":{"self":[{"href":"https:\/\/cabeco.es\/en\/wp-json\/wp\/v2\/product\/1123"}],"collection":[{"href":"https:\/\/cabeco.es\/en\/wp-json\/wp\/v2\/product"}],"about":[{"href":"https:\/\/cabeco.es\/en\/wp-json\/wp\/v2\/types\/product"}],"wp:featuredmedia":[{"embeddable":true,"href":"https:\/\/cabeco.es\/en\/wp-json\/wp\/v2\/media\/598"}],"wp:attachment":[{"href":"https:\/\/cabeco.es\/en\/wp-json\/wp\/v2\/media?parent=1123"}],"wp:term":[{"taxonomy":"product_cat","embeddable":true,"href":"https:\/\/cabeco.es\/en\/wp-json\/wp\/v2\/product_cat?post=1123"},{"taxonomy":"product_tag","embeddable":true,"href":"https:\/\/cabeco.es\/en\/wp-json\/wp\/v2\/product_tag?post=1123"}],"curies":[{"name":"wp","href":"https:\/\/api.w.org\/{rel}","templated":true}]}}