{"id":1152,"date":"2019-07-01T14:39:27","date_gmt":"2019-07-01T14:39:27","guid":{"rendered":"http:\/\/cabeco.es\/producto\/airforce-approved-tire-inflator\/"},"modified":"2019-08-01T05:18:18","modified_gmt":"2019-08-01T05:18:18","slug":"airforce-approved-tire-inflator","status":"publish","type":"product","link":"https:\/\/cabeco.es\/en\/producto\/airforce-approved-tire-inflator\/","title":{"rendered":"Airforce Tire Inflator &#8211; Approved"},"content":{"rendered":"<p>[et_pb_section fb_built=&#8221;1&#8243; _builder_version=&#8221;3.22.3&#8243;][et_pb_row _builder_version=&#8221;3.22.3&#8243; background_size=&#8221;initial&#8221; background_position=&#8221;top_left&#8221; background_repeat=&#8221;repeat&#8221;][et_pb_column type=&#8221;4_4&#8243; _builder_version=&#8221;3.0.47&#8243;][et_pb_text _builder_version=&#8221;3.22.7&#8243; background_size=&#8221;initial&#8221; background_position=&#8221;top_left&#8221; background_repeat=&#8221;repeat&#8221;]The new AirForce model is a manual, robust but lightweight tire inflator, with an easy-to-read display, which offers precise and trouble-free tire inflation.<\/p>\n<ul>\n<li style = \"list-style-type: none;\">\n<ul> All this facilitates the adjustment of the pressures in an effective way which allows the tire users to benefit from a longer duration of these, an improvement in fuel economy and an increased safety. <\/ul>\n<\/li>\n<\/ul>\n<p>&#038; nbsp;<\/p>\n<ul>\n<li style = \"list-style-type: none;\">\n<ul> The AirForce has been developed with reinforced technical plastics, to meet the strict specifications of high volume of use and intensive applications. The lightweight weight of the AirForce and its intelligent design improves the product&#8217;s ability to withstand shock, which increases its life. <\/ul>\n<\/li>\n<\/ul>\n<p>&#038; nbsp;<\/p>\n<ul>\n<li style = \"list-style-type: none;\">\n<ul> The ergonomic handle of the AirForce, together with the direct drive mechanism of the valve provide comfort and speed in inflation and deflation. <\/ul>\n<\/li>\n<\/ul>\n<p>&#038; nbsp;<\/p>\n<ul> The pressure is measured by a robust high performance mechanical indicator with low tolerances, well above the requirements of the European directive EC86 \/ 217. It has the certificate of approval UK 06\/2779. Maximum pressure 12 bar in divisions of 0.1 bar. <\/ul>\n<p><strong> Measures <\/strong><\/p>\n<ul>\n<li> Length 250mm <\/li>\n<li> Width 110mm <\/li>\n<li> Weight 0.36kg <\/li>\n<\/ul>\n<p>[\/et_pb_text][\/et_pb_column][\/et_pb_row][\/et_pb_section]<\/p>\n","protected":false},"excerpt":{"rendered":"<p>State-of-the-art equipment in high-quality analog meters for reliable tire inflation, and high-performance tire workshops, garages, transport fleets and service stations.<\/p>\n","protected":false},"featured_media":1153,"template":"","meta":{"_et_pb_use_builder":"on","_et_pb_old_content":"<p>El equipo est\u00e1 formado por una serie de componentes de alta calidad como son:<\/p><ul><li><strong>Manometro Anal\u00f3gico<\/strong> (versi\u00f3n 400TP-W) marca <strong>PCL<\/strong> mod.: Tyrair de gran visibilidad a distancia, aprobado seg\u00fan normas CE, y apropiado tanto para <strong>zonas de veh\u00edculos ligeros como pesados<\/strong>, o Digital (Versi\u00f3n 400TP-DG) con n\u00fameros de 25mm de altura y aprobado seg\u00fan normativa CE, con medici\u00f3n de hasta 10bar con saltos de 0,01bar.<\/li><li><strong>Carcasa<\/strong> fabricada en acero tratado con <strong>cataforesis y pintura epoxi<\/strong>, para una excelente resistencia a las agresiones ambientales.<\/li><li><strong>Columna<\/strong> para fijaci\u00f3n al suelo.<\/li><li><strong>Pulsadores<\/strong>, provistos de c\u00e1maras neum\u00e1ticas, que permiten aumentar o disminuir la presi\u00f3n con facilidad.<\/li><li><strong>Mangueras<\/strong> extensibles, de Nylon espiral de hasta 7 mts. de longitud, con boquilla de enganche para conexi\u00f3n a las v\u00e1lvulas de los neum\u00e1ticos.<\/li><\/ul><p>Existe una versi\u00f3n que adem\u00e1s incorpora espiral con pistola para <strong>servicio de AGUA<\/strong>, en la misma columna y llave de paso exterior, para mayor seguridad en caso de aver\u00eda.<\/p><ul><li>400TP-W (man\u00f3metro anal\u00f3gico)<\/li><li>400TP-DG (man\u00f3metro digital)<\/li><\/ul><p>Montaje con fijaci\u00f3n al suelo:<\/p><ul><li>Con Mangueras:<br \/>\u2013 Con s\u00f3lo Aire: -C1\/A1<br \/>\u2013 Con Aire i Agua: -C1\/B1<\/li><li>Con enrollador:<br \/>\u2013 Con s\u00f3lo Aire: -C2\/A1<br \/>\u2013 Con Aire i Agua: -C2\/B1<\/li><li>Versi\u00f3n \/CO: Equipo con fijaci\u00f3n mural<\/li><\/ul><p><strong>Ejemplo:<\/strong> Si elegimos el modelo anal\u00f3gico, con dos mangueras, columna y agua, su referencia ser\u00eda: 400TP-W\/C1B<\/p><p><strong>Nota:<\/strong> En todos los equipos provistos de mangueras, \u00e9stas se pueden sustituir por tubo extensible espiral de 8m de longitud \u00fatil.<\/p><p><em>TODOS LOS EQUIPOS TIENEN LA OPCI\u00d3N DESALIR DE F\u00c1BRICA CON 1 O 2 SALIDAS DE AIRE SEG\u00daN SI ES UN SISTEMA INFLADOR O UN SISTEMA PARA EQUILIBRAR LA PRESI\u00d3N DE LOS PNEUM\u00c1TICOS.<\/em><\/p>","_et_gb_content_width":""},"product_cat":[45],"product_tag":[],"_links":{"self":[{"href":"https:\/\/cabeco.es\/en\/wp-json\/wp\/v2\/product\/1152"}],"collection":[{"href":"https:\/\/cabeco.es\/en\/wp-json\/wp\/v2\/product"}],"about":[{"href":"https:\/\/cabeco.es\/en\/wp-json\/wp\/v2\/types\/product"}],"wp:featuredmedia":[{"embeddable":true,"href":"https:\/\/cabeco.es\/en\/wp-json\/wp\/v2\/media\/1153"}],"wp:attachment":[{"href":"https:\/\/cabeco.es\/en\/wp-json\/wp\/v2\/media?parent=1152"}],"wp:term":[{"taxonomy":"product_cat","embeddable":true,"href":"https:\/\/cabeco.es\/en\/wp-json\/wp\/v2\/product_cat?post=1152"},{"taxonomy":"product_tag","embeddable":true,"href":"https:\/\/cabeco.es\/en\/wp-json\/wp\/v2\/product_tag?post=1152"}],"curies":[{"name":"wp","href":"https:\/\/api.w.org\/{rel}","templated":true}]}}