{"id":1015,"date":"2019-07-26T06:11:00","date_gmt":"2019-07-26T06:11:00","guid":{"rendered":"http:\/\/cabeco.es\/?page_id=1015"},"modified":"2019-08-04T06:12:40","modified_gmt":"2019-08-04T06:12:40","slug":"aviso-legal","status":"publish","type":"page","link":"https:\/\/cabeco.es\/fr\/aviso-legal\/","title":{"rendered":"Avis juridique"},"content":{"rendered":"<p>[et_pb_section bb_built=\u00a0\u00bb1&Prime;][et_pb_row _builder_version=\u00a0\u00bb3.22.7&Prime;][et_pb_column type=\u00a0\u00bb4_4&Prime;][et_pb_text _builder_version=\u00a0\u00bb3.22.7&Prime; text_text_shadow_horizontal_length=\u00a0\u00bbtext_text_shadow_style,%91object Object%93&Prime; text_text_shadow_vertical_length=\u00a0\u00bbtext_text_shadow_style,%91object Object%93&Prime; text_text_shadow_blur_strength=\u00a0\u00bbtext_text_shadow_style,%91object Object%93&Prime; link_text_shadow_horizontal_length=\u00a0\u00bblink_text_shadow_style,%91object Object%93&Prime; link_text_shadow_vertical_length=\u00a0\u00bblink_text_shadow_style,%91object Object%93&Prime; link_text_shadow_blur_strength=\u00a0\u00bblink_text_shadow_style,%91object Object%93&Prime; ul_text_shadow_horizontal_length=\u00a0\u00bbul_text_shadow_style,%91object Object%93&Prime; ul_text_shadow_vertical_length=\u00a0\u00bbul_text_shadow_style,%91object Object%93&Prime; ul_text_shadow_blur_strength=\u00a0\u00bbul_text_shadow_style,%91object Object%93&Prime; ol_text_shadow_horizontal_length=\u00a0\u00bbol_text_shadow_style,%91object Object%93&Prime; ol_text_shadow_vertical_length=\u00a0\u00bbol_text_shadow_style,%91object Object%93&Prime; ol_text_shadow_blur_strength=\u00a0\u00bbol_text_shadow_style,%91object Object%93&Prime; quote_text_shadow_horizontal_length=\u00a0\u00bbquote_text_shadow_style,%91object Object%93&Prime; quote_text_shadow_vertical_length=\u00a0\u00bbquote_text_shadow_style,%91object Object%93&Prime; quote_text_shadow_blur_strength=\u00a0\u00bbquote_text_shadow_style,%91object Object%93&Prime; header_text_shadow_horizontal_length=\u00a0\u00bbheader_text_shadow_style,%91object Object%93&Prime; header_text_shadow_vertical_length=\u00a0\u00bbheader_text_shadow_style,%91object Object%93&Prime; header_text_shadow_blur_strength=\u00a0\u00bbheader_text_shadow_style,%91object Object%93&Prime; header_2_text_shadow_horizontal_length=\u00a0\u00bbheader_2_text_shadow_style,%91object Object%93&Prime; header_2_text_shadow_vertical_length=\u00a0\u00bbheader_2_text_shadow_style,%91object Object%93&Prime; header_2_text_shadow_blur_strength=\u00a0\u00bbheader_2_text_shadow_style,%91object Object%93&Prime; header_3_text_shadow_horizontal_length=\u00a0\u00bbheader_3_text_shadow_style,%91object Object%93&Prime; header_3_text_shadow_vertical_length=\u00a0\u00bbheader_3_text_shadow_style,%91object Object%93&Prime; header_3_text_shadow_blur_strength=\u00a0\u00bbheader_3_text_shadow_style,%91object Object%93&Prime; header_4_text_shadow_horizontal_length=\u00a0\u00bbheader_4_text_shadow_style,%91object Object%93&Prime; header_4_text_shadow_vertical_length=\u00a0\u00bbheader_4_text_shadow_style,%91object Object%93&Prime; header_4_text_shadow_blur_strength=\u00a0\u00bbheader_4_text_shadow_style,%91object Object%93&Prime; header_5_text_shadow_horizontal_length=\u00a0\u00bbheader_5_text_shadow_style,%91object Object%93&Prime; header_5_text_shadow_vertical_length=\u00a0\u00bbheader_5_text_shadow_style,%91object Object%93&Prime; header_5_text_shadow_blur_strength=\u00a0\u00bbheader_5_text_shadow_style,%91object Object%93&Prime; header_6_text_shadow_horizontal_length=\u00a0\u00bbheader_6_text_shadow_style,%91object Object%93&Prime; header_6_text_shadow_vertical_length=\u00a0\u00bbheader_6_text_shadow_style,%91object Object%93&Prime; header_6_text_shadow_blur_strength=\u00a0\u00bbheader_6_text_shadow_style,%91object Object%93&Prime; z_index_tablet=\u00a0\u00bb500&Prime;]<\/p>\n<h2>Avis juridique<\/h2>\n<h3><\/h3>\n<h3>Identification et propri\u00e9t\u00e9<\/h3>\n<p>Conform\u00e9ment \u00e0 l&rsquo;article 10 de la loi n \u00b0 34\/2002 du 11 juillet sur les services de la soci\u00e9t\u00e9 de l&rsquo;information et le commerce \u00e9lectronique, le titulaire \u00e9tablit ses donn\u00e9es d&rsquo;identification.<\/p>\n<p>Titre: CABECO S.A..<br \/> NIF: A08534224<br \/> Inscrit au registre du commerce de Barcelone, volume 3821, livre 3167, section 2, folio 239, feuille 40778, inscription .<br \/> Domicile: Carrer Varsovia, 70-72, Barcelona &#8211; Espa\u00f1a.<br \/> E-mail: cabeco@cabeco.com<br \/> T\u00e9l\u00e9phone de contact: +34 933 47 98 99<br \/> Site Web: http:\/\/cabeco.com<\/p>\n<h3>But<\/h3>\n<p>Le site internet http:\/\/cabeco.com est une soci\u00e9t\u00e9 internationale sp\u00e9cialis\u00e9e dans le d\u00e9veloppement d&rsquo;automatismes \u00e9lectriques et \u00e9lectroniques..<br \/> Condition d&rsquo;utilisation<\/p>\n<p>L&rsquo;utilisation du site Web vous conf\u00e8re le statut d&rsquo;utilisateur et implique l&rsquo;acceptation pleine et enti\u00e8re de toutes les clauses et conditions d&rsquo;utilisation incluses dans les pages:<\/p>\n<p><em>\u2013 Avis juridique<\/em><br \/> <em> \u2013 Politique de confidentialit\u00e9<\/em><br \/> <em> \u2013 Politique de cookies<\/em><\/p>\n<p>Si vous n&rsquo;\u00eates pas satisfait de chacune de ces clauses et conditions, abstenez-vous d&rsquo;utiliser ce site Web..<\/p>\n<p>L&rsquo;acc\u00e8s \u00e0 ce site Web n&rsquo;implique en aucune mani\u00e8re le d\u00e9but d&rsquo;une relation commerciale avec CABECO S.A. .. <\/ p><\/p>\n<p> \u00c0 travers ce site Web, le propri\u00e9taire facilite l\u2019acc\u00e8s et l\u2019utilisation de divers contenus que le titulaire ou ses collaborateurs ont publi\u00e9s sur Internet..<\/p>\n<p> \u00c0 cette fin, vous \u00eates tenu de ne pas utiliser le contenu du site Web \u00e0 des fins ou avec des effets ill\u00e9gaux, interdits par le pr\u00e9sent avis juridique ou par la l\u00e9gislation en vigueur, pr\u00e9judiciables aux droits et int\u00e9r\u00eats de tiers, ou de quelque mani\u00e8re que ce soit, ils peuvent endommager, d\u00e9sactiver, surcharger, d\u00e9t\u00e9riorer ou emp\u00eacher l\u2019utilisation normale du contenu, du mat\u00e9riel informatique, des documents, des fichiers et tout type de contenu stock\u00e9 dans tout mat\u00e9riel informatique appartenant ou sous contrat avec CABECO SA, d\u2019autres utilisateurs ou de tiers. n&rsquo;importe quel utilisateur Internet. <\/p>\n<h3>Mesure de s\u00e9curit\u00e9<\/h3>\n<p>Les donn\u00e9es personnelles que vous fournissez au titulaire peuvent \u00eatre stock\u00e9es dans des bases de donn\u00e9es automatis\u00e9es, dont la propri\u00e9t\u00e9 appartient exclusivement \u00e0 CABECO SA, qui assume toutes les mesures techniques, organisationnelles et de s\u00e9curit\u00e9 garantissant la confidentialit\u00e9, l&rsquo;int\u00e9grit\u00e9 et la qualit\u00e9 des donn\u00e9es. informations qui y figurent conform\u00e9ment aux dispositions de la r\u00e9glementation en vigueur en mati\u00e8re de protection des donn\u00e9es.<\/p>\n<p>Toutefois, vous devez savoir que les mesures de s\u00e9curit\u00e9 des syst\u00e8mes informatiques sur Internet ne sont pas enti\u00e8rement fiables et que, par cons\u00e9quent, le titulaire ne peut pas garantir l\u2019absence de virus ou d\u2019autres \u00e9l\u00e9ments susceptibles de modifier les syst\u00e8mes informatiques (logiciels et mat\u00e9riels) de l&rsquo;Utilisateur ou dans leurs documents \u00e9lectroniques et les fichiers qu&rsquo;il contient bien que le Titulaire ait mis en place tous les moyens n\u00e9cessaires et ait pris les mesures de s\u00e9curit\u00e9 appropri\u00e9es pour \u00e9viter la pr\u00e9sence de ces \u00e9l\u00e9ments nuisibles.<\/p>\n<h3>Informations personnelles<\/h3>\n<p>Usted puede consultar toda la informaci\u00f3n relativa al tratamiento de datos personales que recoge el Titular en la p\u00e1gina de Pol\u00edtica de Privacidad.<\/p>\n<h3>Contenu<\/h3>\n<p>Le titulaire a obtenu les informations, le contenu multim\u00e9dia et les \u00e9l\u00e9ments figurant sur le site Web aupr\u00e8s de sources qu&rsquo;il consid\u00e8re fiables, mais, bien qu&rsquo;il ait pris toutes les mesures raisonnables pour s&rsquo;assurer que les informations contenues sont correctes, le titulaire ne garantit pas leur exactitude. , compl\u00e8te ou mise \u00e0 jour. CABECO S.A. d\u00e9cline express\u00e9ment toute responsabilit\u00e9 en cas d&rsquo;erreur ou d&rsquo;omission dans les informations contenues dans les pages de ce site.<\/p>\n<p>Il est interdit de transmettre ou d&rsquo;envoyer via le site Web tout contenu ill\u00e9gal ou ill\u00e9gal, virus informatique ou message qui, en g\u00e9n\u00e9ral, affecte ou enfreint les droits du propri\u00e9taire ou de tiers.<\/p>\n<p>Le contenu de http:\/\/cabeco.com est uniquement publi\u00e9 \u00e0 des fins d&rsquo;information et ne doit en aucun cas \u00eatre utilis\u00e9 ou consid\u00e9r\u00e9 comme une offre de vente, une demande d&rsquo;offre d&rsquo;achat ou une recommandation d&rsquo;effectuer toute autre op\u00e9ration, sauf indication contraire.<\/p>\n<p>CABECO S.A. se r\u00e9serve le droit de modifier, suspendre, annuler ou restreindre le contenu de http:\/\/cabeco.com, les liens ou les informations obtenues par le biais du site, sans pr\u00e9avis.<\/p>\n<p>CABECO S.A. n&rsquo;est pas responsable des dommages pouvant r\u00e9sulter de l&rsquo;utilisation des informations sur le site Web ou des informations contenues dans les r\u00e9seaux sociaux du titulaire.<\/p>\n<h3>Politique de cookies<\/h3>\n<p>Sur la page Politique de cookies, vous pouvez consulter toutes les informations relatives \u00e0 la politique de collecte et de traitement des cookies..<\/p>\n<h3>Liens vers d&rsquo;autres sites Web<\/h3>\n<p>Le propri\u00e9taire peut fournir un acc\u00e8s \u00e0 des sites Web tiers par le biais de liens dans le seul but d&rsquo;informer de l&rsquo;existence d&rsquo;autres sources d&rsquo;informations sur Internet, gr\u00e2ce auxquelles vous pouvez \u00e9tendre les donn\u00e9es propos\u00e9es sur le site Web..<\/p>\n<p>Ces liens vers d&rsquo;autres sites Web n&rsquo;impliquent en aucun cas une suggestion ou une recommandation de visiter les pages Web de destination, qui sont hors du contr\u00f4le du Propri\u00e9taire, a donc CABECO S.A. n&rsquo;est pas responsable du contenu des sites Web li\u00e9s ni du r\u00e9sultat obtenu en suivant les liens.<\/p>\n<p>Aussi, CABECO S.A. ne r\u00e9pond pas aux liens ou aux liens situ\u00e9s sur les sites Web li\u00e9s auxquels il donne acc\u00e8s.<\/p>\n<p>L&rsquo;\u00e9tablissement du lien n&rsquo;implique en aucun cas l&rsquo;existence de relations entre CABECO S.A. et le propri\u00e9taire du site o\u00f9 le lien est \u00e9tabli, ni l&rsquo;acceptation ou l&rsquo;approbation par le propri\u00e9taire de son contenu ou de ses services.<\/p>\n<p>Si vous acc\u00e9dez \u00e0 un site Web externe \u00e0 partir d&rsquo;un lien situ\u00e9 \u00e0 l&rsquo;adresse http:\/\/cabeco.com, vous devez lire la politique de confidentialit\u00e9 de l&rsquo;autre site Web, qui peut \u00eatre diff\u00e9rente de celle de ce site Web..<\/p>\n<h4>Propri\u00e9t\u00e9 intellectuelle et industrielle<\/h4>\n<p>Tous droits r\u00e9serv\u00e9s.<\/p>\n<p>Tout acc\u00e8s \u00e0 ce site Web est soumis aux conditions suivantes: la reproduction, le stockage permanent, la diffusion du contenu ou toute autre utilisation ayant un but public ou commercial est express\u00e9ment interdite sans autorisation \u00e9crite expresse et pr\u00e9alable de CABECO S.A..<\/p>\n<h3>Limite de responsabilit\u00e9<\/h3>\n<p>CABECO S.A. d\u00e9cline toute responsabilit\u00e9 en cas d&rsquo;interruption ou de dysfonctionnement des Services ou du contenu propos\u00e9 sur Internet, quelle qu&rsquo;en soit la cause. De m\u00eame, le titulaire n&rsquo;est pas responsable des pannes de r\u00e9seau, des pertes professionnelles r\u00e9sultant de telles chutes, des suspensions temporaires de fluide \u00e9lectrique ou de tout autre type de dommages indirects pouvant \u00eatre caus\u00e9s par des causes ext\u00e9rieures \u00e0 la propri\u00e9t\u00e9 du titulaire.<\/p>\n<p>Avant de prendre des d\u00e9cisions et \/ ou des actions en fonction des informations figurant sur le site Web, le propri\u00e9taire recommande de v\u00e9rifier et de mettre en contraste les informations re\u00e7ues avec d&rsquo;autres sources..<\/p>\n<h3>Juridiction<\/h3>\n<p>Cet avis juridique est enti\u00e8rement r\u00e9gi par le droit espagnol.<\/p>\n<h3>Contacto<\/h3>\n<p>Si vous avez des questions sur ces Conditions L\u00e9gales ou souhaitez faire des commentaires sur ce site, vous pouvez envoyer un email \u00e0 cabeco@cabeco.com.<\/p>\n<p>[\/et_pb_text][\/et_pb_column][\/et_pb_row][\/et_pb_section]<\/p>\n","protected":false},"excerpt":{"rendered":"<p>Avis juridique Identification et propri\u00e9t\u00e9 Conform\u00e9ment \u00e0 l&rsquo;article 10 de la loi n \u00b0 34\/2002 du 11 juillet sur les services de la soci\u00e9t\u00e9 de l&rsquo;information et le commerce \u00e9lectronique, le titulaire \u00e9tablit ses donn\u00e9es d&rsquo;identification. Titre: CABECO S.A.. NIF: A08534224 Inscrit au registre du commerce de Barcelone, volume 3821, livre 3167, section 2, folio [&hellip;]<\/p>\n","protected":false},"author":1,"featured_media":0,"parent":0,"menu_order":91,"comment_status":"closed","ping_status":"closed","template":"","meta":{"_et_pb_use_builder":"on","_et_pb_old_content":"","_et_gb_content_width":""},"_links":{"self":[{"href":"https:\/\/cabeco.es\/fr\/wp-json\/wp\/v2\/pages\/1015"}],"collection":[{"href":"https:\/\/cabeco.es\/fr\/wp-json\/wp\/v2\/pages"}],"about":[{"href":"https:\/\/cabeco.es\/fr\/wp-json\/wp\/v2\/types\/page"}],"author":[{"embeddable":true,"href":"https:\/\/cabeco.es\/fr\/wp-json\/wp\/v2\/users\/1"}],"replies":[{"embeddable":true,"href":"https:\/\/cabeco.es\/fr\/wp-json\/wp\/v2\/comments?post=1015"}],"version-history":[{"count":5,"href":"https:\/\/cabeco.es\/fr\/wp-json\/wp\/v2\/pages\/1015\/revisions"}],"predecessor-version":[{"id":1270,"href":"https:\/\/cabeco.es\/fr\/wp-json\/wp\/v2\/pages\/1015\/revisions\/1270"}],"wp:attachment":[{"href":"https:\/\/cabeco.es\/fr\/wp-json\/wp\/v2\/media?parent=1015"}],"curies":[{"name":"wp","href":"https:\/\/api.w.org\/{rel}","templated":true}]}}