{"id":1078,"date":"2019-07-27T09:25:49","date_gmt":"2019-07-27T09:25:49","guid":{"rendered":"http:\/\/cabeco.es\/?page_id=1078"},"modified":"2019-08-04T06:50:39","modified_gmt":"2019-08-04T06:50:39","slug":"politica-de-privacidad","status":"publish","type":"page","link":"https:\/\/cabeco.es\/fr\/politica-de-privacidad\/","title":{"rendered":"Politique de confidentialit\u00e9"},"content":{"rendered":"<p>[et_pb_section bb_built=\u00a0\u00bb1&Prime;][et_pb_row][et_pb_column type=\u00a0\u00bb4_4&Prime;][et_pb_text _builder_version=\u00a0\u00bb3.22.7&Prime; text_text_shadow_horizontal_length=\u00a0\u00bbtext_text_shadow_style,%91object Object%93&Prime; text_text_shadow_vertical_length=\u00a0\u00bbtext_text_shadow_style,%91object Object%93&Prime; text_text_shadow_blur_strength=\u00a0\u00bbtext_text_shadow_style,%91object Object%93&Prime; link_text_shadow_horizontal_length=\u00a0\u00bblink_text_shadow_style,%91object Object%93&Prime; link_text_shadow_vertical_length=\u00a0\u00bblink_text_shadow_style,%91object Object%93&Prime; link_text_shadow_blur_strength=\u00a0\u00bblink_text_shadow_style,%91object Object%93&Prime; ul_text_shadow_horizontal_length=\u00a0\u00bbul_text_shadow_style,%91object Object%93&Prime; ul_text_shadow_vertical_length=\u00a0\u00bbul_text_shadow_style,%91object Object%93&Prime; ul_text_shadow_blur_strength=\u00a0\u00bbul_text_shadow_style,%91object Object%93&Prime; ol_text_shadow_horizontal_length=\u00a0\u00bbol_text_shadow_style,%91object Object%93&Prime; ol_text_shadow_vertical_length=\u00a0\u00bbol_text_shadow_style,%91object Object%93&Prime; ol_text_shadow_blur_strength=\u00a0\u00bbol_text_shadow_style,%91object Object%93&Prime; quote_text_shadow_horizontal_length=\u00a0\u00bbquote_text_shadow_style,%91object Object%93&Prime; quote_text_shadow_vertical_length=\u00a0\u00bbquote_text_shadow_style,%91object Object%93&Prime; quote_text_shadow_blur_strength=\u00a0\u00bbquote_text_shadow_style,%91object Object%93&Prime; header_text_shadow_horizontal_length=\u00a0\u00bbheader_text_shadow_style,%91object Object%93&Prime; header_text_shadow_vertical_length=\u00a0\u00bbheader_text_shadow_style,%91object Object%93&Prime; header_text_shadow_blur_strength=\u00a0\u00bbheader_text_shadow_style,%91object Object%93&Prime; header_2_text_shadow_horizontal_length=\u00a0\u00bbheader_2_text_shadow_style,%91object Object%93&Prime; header_2_text_shadow_vertical_length=\u00a0\u00bbheader_2_text_shadow_style,%91object Object%93&Prime; header_2_text_shadow_blur_strength=\u00a0\u00bbheader_2_text_shadow_style,%91object Object%93&Prime; header_3_text_shadow_horizontal_length=\u00a0\u00bbheader_3_text_shadow_style,%91object Object%93&Prime; header_3_text_shadow_vertical_length=\u00a0\u00bbheader_3_text_shadow_style,%91object Object%93&Prime; header_3_text_shadow_blur_strength=\u00a0\u00bbheader_3_text_shadow_style,%91object Object%93&Prime; header_4_text_shadow_horizontal_length=\u00a0\u00bbheader_4_text_shadow_style,%91object Object%93&Prime; header_4_text_shadow_vertical_length=\u00a0\u00bbheader_4_text_shadow_style,%91object Object%93&Prime; header_4_text_shadow_blur_strength=\u00a0\u00bbheader_4_text_shadow_style,%91object Object%93&Prime; header_5_text_shadow_horizontal_length=\u00a0\u00bbheader_5_text_shadow_style,%91object Object%93&Prime; header_5_text_shadow_vertical_length=\u00a0\u00bbheader_5_text_shadow_style,%91object Object%93&Prime; header_5_text_shadow_blur_strength=\u00a0\u00bbheader_5_text_shadow_style,%91object Object%93&Prime; header_6_text_shadow_horizontal_length=\u00a0\u00bbheader_6_text_shadow_style,%91object Object%93&Prime; header_6_text_shadow_vertical_length=\u00a0\u00bbheader_6_text_shadow_style,%91object Object%93&Prime; header_6_text_shadow_blur_strength=\u00a0\u00bbheader_6_text_shadow_style,%91object Object%93&Prime; z_index_tablet=\u00a0\u00bb500&Prime;]<\/p>\n<h2>Politique de confidentialit\u00e9<\/h2>\n<p>&nbsp;<\/p>\n<p>CABECO S.A. vous informe de sa politique de confidentialit\u00e9 concernant le traitement et la protection des donn\u00e9es personnelles des utilisateurs pouvant \u00eatre collect\u00e9es lors de la navigation sur le site Web http:\/\/cabeco.com.<br \/> En ce sens, CABECO S.A. garantit le respect de la r\u00e9glementation en vigueur en mati\u00e8re de protection des donn\u00e9es \u00e0 caract\u00e8re personnel, qui est refl\u00e9t\u00e9e dans la loi organique n \u00b0 3\/2018 du 5 d\u00e9cembre sur la protection des donn\u00e9es \u00e0 caract\u00e8re personnel et la garantie des droits num\u00e9riques (LOPD GDD). Il est \u00e9galement conforme au r\u00e8glement (UE) 2016\/679 du Parlement europ\u00e9en et du Conseil du 27 avril 2016 sur la protection des personnes physiques (RGPD)..<br \/> L&rsquo;utilisation du site Web implique l&rsquo;acceptation de la pr\u00e9sente politique de confidentialit\u00e9 ainsi que des conditions incluses dans le pr\u00e9sent contrat. <a href=\"\/aviso-legal\">Aviso Legal<\/a>.<\/p>\n<h3>Identit\u00e9 Responsable<\/h3>\n<ul>\n<li>Titre: CABECO S.A..<\/li>\n<li>NIF: A08534224<\/li>\n<li>Adresse du domicile: Carrer Varsovia, 70-72, Barcelona &#8211; Espa\u00f1a.<\/li>\n<li>E-mail: <a href=\"mailto:cabeco@cabeco.com\">cabeco@cabeco.com<\/a><\/li>\n<li>Site Web: http:\/\/cabeco.com<\/li>\n<\/ul>\n<h3>Principes appliqu\u00e9s en informatique<\/h3>\n<p>Dans le traitement de vos donn\u00e9es personnelles, le titulaire appliquera les principes suivants, qui sont conformes aux exigences du nouveau r\u00e8glement europ\u00e9en sur la protection des donn\u00e9es (RPG).:<\/p>\n<ul>\n<li>Principe de l\u00e9galit\u00e9, de loyaut\u00e9 et de transparence: le titulaire aura toujours besoin du consentement pour le traitement de donn\u00e9es \u00e0 caract\u00e8re personnel pouvant servir \u00e0 une ou plusieurs finalit\u00e9s sp\u00e9cifiques pour lesquelles le titulaire informera pr\u00e9alablement l&rsquo;utilisateur en toute transparence..<\/li>\n<li>Principe de la minimisation des donn\u00e9es: le titulaire ne demandera que les donn\u00e9es strictement n\u00e9cessaires \u00e0 la fin ou aux finalit\u00e9s qui le demandent.<\/li>\n<li>Principe de limitation de la dur\u00e9e de conservation: le titulaire conservera les donn\u00e9es \u00e0 caract\u00e8re personnel collect\u00e9es pendant le temps strictement n\u00e9cessaire \u00e0 la finalit\u00e9 ou aux finalit\u00e9s du traitement. Le titulaire informera l&rsquo;utilisateur de la p\u00e9riode de conservation correspondante en fonction de son objectif. Dans le cas des abonnements, le titulaire examinera p\u00e9riodiquement les listes et supprimera les enregistrements inactifs pendant un temps consid\u00e9rable..<\/li>\n<li>Principe d&rsquo;int\u00e9grit\u00e9 et de confidentialit\u00e9: Les donn\u00e9es personnelles collect\u00e9es seront trait\u00e9es de mani\u00e8re \u00e0 garantir votre s\u00e9curit\u00e9, votre confidentialit\u00e9 et votre int\u00e9grit\u00e9. Le propri\u00e9taire prend les pr\u00e9cautions n\u00e9cessaires pour emp\u00eacher tout acc\u00e8s non autoris\u00e9 ou toute utilisation inappropri\u00e9e des donn\u00e9es de ses utilisateurs par des tiers..<\/li>\n<\/ul>\n<h3>Obtention de donn\u00e9es personnelles<\/h3>\n<p>Pour naviguer sur http:\/\/cabeco.com, il n&rsquo;est pas n\u00e9cessaire de fournir des informations personnelles..<\/p>\n<h3>Droits<\/h3>\n<p>Le titulaire vous informe que sur vos donn\u00e9es personnelles, vous avez le droit de:<\/p>\n<ul>\n<li>Demander l&rsquo;acc\u00e8s aux donn\u00e9es stock\u00e9es.<\/li>\n<li>Demander une rectification ou une annulation.<\/li>\n<li>Demander la limitation de votre traitement.<\/li>\n<li>S&rsquo;opposer au traitement.<\/li>\n<\/ul>\n<p>Vous ne pouvez pas exercer le droit \u00e0 la transf\u00e9rabilit\u00e9 des donn\u00e9es. <br \/> L\u2019exercice de ces droits est personnel et doit donc \u00eatre exerc\u00e9 directement par la partie int\u00e9ress\u00e9e, en le demandant directement au Titulaire, ce qui signifie que tout client, abonn\u00e9 ou collaborateur qui a Si vous avez fourni vos donn\u00e9es \u00e0 un moment donn\u00e9, vous pouvez aller chez CABECO SA et demander des informations sur les donn\u00e9es stock\u00e9es et leur mode d&rsquo;obtention, demander leur rectification, s&rsquo;opposer au traitement, en limiter l&rsquo;utilisation ou demander l&rsquo;annulation de ces donn\u00e9es figurant dans les fichiers du titulaire.<br \/> Pour exercer vos droits d&rsquo;acc\u00e8s, de rectification, annulation et opposition, vous devez envoyer un courrier \u00e9lectronique \u00e0 cabeco@cabeco.com ainsi que la preuve l\u00e9gale valable, accompagn\u00e9e d&rsquo;une photocopie de la lettre D.N.I. ou \u00e9quivalent<br \/> Vous avez le droit d&rsquo;obtenir une protection juridictionnelle effective et de faire une r\u00e9clamation aupr\u00e8s de l&rsquo;autorit\u00e9 de contr\u00f4le, en l&rsquo;occurrence l&rsquo;Agence espagnole pour la protection des donn\u00e9es, si vous estimez que le traitement des donn\u00e9es \u00e0 caract\u00e8re personnel vous concernant enfreint le r\u00e8glement..<\/p>\n<h3>But du traitement des donn\u00e9es personnelles<\/h3>\n<p>Lorsque vous vous connectez au site Web pour envoyer un courrier \u00e9lectronique au titulaire, vous vous abonnez \u00e0 sa lettre d&rsquo;information et celui-ci fournit des informations personnelles relevant de la responsabilit\u00e9 de CABECO SA. Ces informations peuvent inclure des donn\u00e9es personnelles telles que votre adresse IP, votre nom, etc. et noms de famille, adresse physique, adresse \u00e9lectronique, num\u00e9ro de t\u00e9l\u00e9phone et autres informations. En fournissant ces informations, vous acceptez que vos informations soient collect\u00e9es, utilis\u00e9es, g\u00e9r\u00e9es et conserv\u00e9es par &#8211; CABECO S.A. &#8211; uniquement tel que d\u00e9crit dans les mentions l\u00e9gales et dans la pr\u00e9sente politique de confidentialit\u00e9.<\/p>\n<p>Le titulaire traite d&rsquo;autres donn\u00e9es \u00e0 des fins personnelles.:<\/p>\n<ul>\n<li>Assurer le respect des conditions \u00e9nonc\u00e9es dans la notice l\u00e9gale et dans la loi applicable. Cela peut inclure le d\u00e9veloppement d\u2019outils et d\u2019algorithmes permettant \u00e0 ce site Web de garantir la confidentialit\u00e9 des donn\u00e9es personnelles qu\u2019il recueille..<\/li>\n<li>Soutenir et am\u00e9liorer les services offerts par ce site web.<\/li>\n<li>Analyser la navigation de l&rsquo;utilisateur. Le titulaire collecte d&rsquo;autres donn\u00e9es non identifiantes obtenues gr\u00e2ce \u00e0 l&rsquo;utilisation de cookies t\u00e9l\u00e9charg\u00e9s sur l&rsquo;ordinateur de l&rsquo;utilisateur lors de la navigation sur le site Web dont les caract\u00e9ristiques et la finalit\u00e9 sont d\u00e9taill\u00e9es dans la Politique de cookies..<\/li>\n<li>Pour g\u00e9rer les r\u00e9seaux sociaux. CABECO S.A. Il est pr\u00e9sent dans les r\u00e9seaux sociaux. Si vous devenez un adepte des r\u00e9seaux sociaux du titulaire, le traitement des donn\u00e9es \u00e0 caract\u00e8re personnel sera r\u00e9gi par la pr\u00e9sente section, ainsi que par les conditions d&rsquo;utilisation, les politiques de confidentialit\u00e9 et les r\u00e8gles d&rsquo;acc\u00e8s qui appartiennent au r\u00e9seau social et qui se d\u00e9roulent dans chaque cas. que vous avez pr\u00e9c\u00e9demment accept\u00e9s. <br \/> Vous pouvez consulter les politiques de confidentialit\u00e9 des principaux r\u00e9seaux sociaux dans ces liens.:<br \/> \u2013 Facebook<br \/> \u2013 Twitter<br \/> \u2013 Linkedin<br \/> \u2013 YouTube<br \/> \u2013 Instagram<\/li>\n<li>\u2028Le titulaire traitera vos donn\u00e9es personnelles afin de g\u00e9rer correctement votre pr\u00e9sence sur le r\u00e9seau social, vous informera de vos activit\u00e9s, ainsi que de tout autre objectif autoris\u00e9 par la r\u00e9glementation des r\u00e9seaux sociaux.. \u2028En aucun cas, le titulaire n&rsquo;utilisera les profils de suiveurs des r\u00e9seaux sociaux pour envoyer de la publicit\u00e9 individuellement..<\/li>\n<\/ul>\n<h3>S\u00e9curit\u00e9 des donn\u00e9es personnelles<\/h3>\n<p>Pour prot\u00e9ger vos donn\u00e9es personnelles, le propri\u00e9taire prend toutes les pr\u00e9cautions raisonnables et suit les meilleures pratiques de l&rsquo;industrie pour emp\u00eacher leur perte, utilisation abusive, acc\u00e8s, divulgation, alt\u00e9ration ou destruction inappropri\u00e9s.<br \/> Vos donn\u00e9es peuvent \u00eatre incorpor\u00e9es dans un fichier de liste de diffusion, dont CABECO S.A. Il est responsable de sa gestion et de son traitement. La s\u00e9curit\u00e9 de vos donn\u00e9es est garantie, puisque CABECO S.A. prend toutes les mesures de s\u00e9curit\u00e9 n\u00e9cessaires et garantit que les donn\u00e9es personnelles ne seront utilis\u00e9es qu&rsquo;aux fins pr\u00e9vues. <br \/> CABECO S.A. informe l&rsquo;utilisateur que ses donn\u00e9es personnelles ne seront pas transmises \u00e0 des tiers, \u00e0 l&rsquo;exception du fait que ledit transfert de donn\u00e9es est couvert par une obligation l\u00e9gale ou lorsque la fourniture d&rsquo;un service implique la n\u00e9cessit\u00e9 d&rsquo;une relation contractuelle avec un responsable du traitement. Dans ce dernier cas, le transfert de donn\u00e9es \u00e0 un tiers n&rsquo;aura lieu que lorsque CABECO S.A. Avoir le consentement expr\u00e8s de l&rsquo;utilisateur.<br \/> Toutefois, dans certains cas, des collaborations avec d&rsquo;autres professionnels peuvent \u00eatre \u00e9tablies. Dans ce cas, l&rsquo;utilisateur doit donner son consentement pour informer de l&rsquo;identit\u00e9 du collaborateur et du but de la collaboration. Ce sera toujours fait avec les normes de s\u00e9curit\u00e9 les plus strictes.<\/p>\n<h3>Contenu d&rsquo;autres sites Web<\/h3>\n<p>Les pages de ce site Web peuvent inclure du contenu incorpor\u00e9 (par exemple, des vid\u00e9os, des images, des articles, etc.). Le contenu int\u00e9gr\u00e9 d&rsquo;autres sites Web se comporte exactement comme si vous aviez visit\u00e9 l&rsquo;autre site Web. <br \/> Ces sites Web peuvent collecter des donn\u00e9es \u00e0 votre sujet, utiliser des cookies, incorporer un code de suivi tiers suppl\u00e9mentaire et surveiller votre interaction \u00e0 l&rsquo;aide de ce code.<\/p>\n<h3>Politique de cookies<\/h3>\n<p>Pour que ce site Web fonctionne correctement, vous devez utiliser des cookies, qui sont des informations stock\u00e9es dans votre navigateur Web.<br \/> Sur la page Politique de cookies, vous pouvez consulter toutes les informations relatives \u00e0 la politique de collecte, au but et au traitement de les cookies.<\/p>\n<h3>L\u00e9gitimation pour le traitement de donn\u00e9es<\/h3>\n<p>La base l\u00e9gale pour le traitement de vos donn\u00e9es est: consentement. <br \/> Pour contacter le Titulaire, vous abonner \u00e0 une newsletter ou faire des commentaires sur ce site web, vous devez accepter la pr\u00e9sente politique de confidentialit\u00e9..<\/p>\n<h3>Cat\u00e9gories de donn\u00e9es personnelles<\/h3>\n<p>Les cat\u00e9gories de donn\u00e9es \u00e0 caract\u00e8re personnel trait\u00e9es par le titulaire sont:<\/p>\n<ul>\n<li>Identifier les donn\u00e9es.<\/li>\n<li>Les cat\u00e9gories de donn\u00e9es sp\u00e9cialement prot\u00e9g\u00e9es ne sont pas trait\u00e9es.<\/li>\n<\/ul>\n<h3>Conservation des donn\u00e9es personnelles<\/h3>\n<p>Les donn\u00e9es personnelles que vous fournissez au titulaire seront conserv\u00e9es jusqu&rsquo;\u00e0 ce que vous demandiez leur suppression.<\/p>\n<h3>Navigation sur le web<\/h3>\n<p>Lors de la navigation sur http:\/\/cabeco.com, vous pouvez collecter des donn\u00e9es non identifiables, telles que l&rsquo;adresse IP, la g\u00e9olocalisation, un enregistrement de l&rsquo;utilisation des services et des sites, les habitudes de navigation et d&rsquo;autres donn\u00e9es inutilisables. vous identifier.<br \/> Le propri\u00e9taire utilise les informations obtenues pour obtenir des donn\u00e9es statistiques, analyser les tendances, administrer le site, \u00e9tudier les habitudes de navigation et collecter des informations d\u00e9mographiques.<br \/> Le titulaire n&rsquo;est pas responsable du traitement des donn\u00e9es \u00e0 caract\u00e8re personnel effectu\u00e9es par les pages Web accessibles via les diff\u00e9rents liens contenus dans le site Web.<\/p>\n<h3>Exactitude et v\u00e9racit\u00e9 des donn\u00e9es personnelles<\/h3>\n<p>Vous acceptez que les donn\u00e9es fournies au propri\u00e9taire soient correctes, compl\u00e8tes, exactes et \u00e0 jour, ainsi que pour les tenir d\u00fbment \u00e0 jour. <br \/> En tant qu&rsquo;utilisateur du site, vous \u00eates seul responsable de la v\u00e9racit\u00e9 et de l&rsquo;exactitude des donn\u00e9es envoy\u00e9es sur le site. Web exon\u00e9rant CABECO SA de toute responsabilit\u00e9 \u00e0 cet \u00e9gard.<\/p>\n<h3>Acceptation et consentement<\/h3>\n<p>En tant qu&rsquo;utilisateur du site Web, vous d\u00e9clarez avoir \u00e9t\u00e9 inform\u00e9 des conditions relatives \u00e0 la protection des donn\u00e9es personnelles, vous acceptez et consentez \u00e0 leur traitement par CABECO S.A. de la mani\u00e8re et aux fins indiqu\u00e9es dans la pr\u00e9sente politique de confidentialit\u00e9.<\/p>\n<h3>R\u00e9vocabilit\u00e9<\/h3>\n<p>Pour exercer vos droits d&rsquo;acc\u00e8s, de rectification, annulation et opposition, vous devez envoyer un courrier \u00e9lectronique \u00e0 cabeco@cabeco.com ainsi que la preuve l\u00e9gale valable, accompagn\u00e9e d&rsquo;une photocopie de la lettre D.N.I. ou \u00e9quivalent. <br \/> L&rsquo;exercice de ces droits ne comprend pas les donn\u00e9es que CABECO S.A. est tenu de garder \u00e0 des fins administratives, juridiques ou de s\u00e9curit\u00e9.<\/p>\n<h3>Changements \u00e0 la politique de confidentialit\u00e9<\/h3>\n<p>Le titulaire se r\u00e9serve le droit de modifier la pr\u00e9sente politique de confidentialit\u00e9 pour l&rsquo;adapter aux \u00e9volutions l\u00e9gislatives ou jurisprudentielles, ainsi qu&rsquo;aux pratiques de l&rsquo;industrie. <br \/> Ces politiques resteront en vigueur jusqu&rsquo;\u00e0 ce qu&rsquo;elles soient modifi\u00e9es par d&rsquo;autres personnes d\u00fbment publi\u00e9es..<\/p>\n<p>[\/et_pb_text][\/et_pb_column][\/et_pb_row][\/et_pb_section]<\/p>\n","protected":false},"excerpt":{"rendered":"<p><div class=\"et_pb_row et_pb_row_0 et_pb_row_empty\">\n\t\t\t\t\n\t\t\t\t\n\t\t\t\t\n\t\t\t<\/div> Politique de confidentialit\u00e9 &nbsp; CABECO S.A. vous informe de sa politique de confidentialit\u00e9 concernant le traitement et la protection des donn\u00e9es personnelles des utilisateurs pouvant \u00eatre collect\u00e9es lors de la navigation sur le site Web http:\/\/cabeco.com. En ce sens, CABECO S.A. garantit le respect de la r\u00e9glementation en vigueur en mati\u00e8re de protection des [&hellip;]<\/p>\n","protected":false},"author":1,"featured_media":0,"parent":0,"menu_order":92,"comment_status":"closed","ping_status":"closed","template":"","meta":{"_et_pb_use_builder":"on","_et_pb_old_content":"","_et_gb_content_width":""},"_links":{"self":[{"href":"https:\/\/cabeco.es\/fr\/wp-json\/wp\/v2\/pages\/1078"}],"collection":[{"href":"https:\/\/cabeco.es\/fr\/wp-json\/wp\/v2\/pages"}],"about":[{"href":"https:\/\/cabeco.es\/fr\/wp-json\/wp\/v2\/types\/page"}],"author":[{"embeddable":true,"href":"https:\/\/cabeco.es\/fr\/wp-json\/wp\/v2\/users\/1"}],"replies":[{"embeddable":true,"href":"https:\/\/cabeco.es\/fr\/wp-json\/wp\/v2\/comments?post=1078"}],"version-history":[{"count":5,"href":"https:\/\/cabeco.es\/fr\/wp-json\/wp\/v2\/pages\/1078\/revisions"}],"predecessor-version":[{"id":1273,"href":"https:\/\/cabeco.es\/fr\/wp-json\/wp\/v2\/pages\/1078\/revisions\/1273"}],"wp:attachment":[{"href":"https:\/\/cabeco.es\/fr\/wp-json\/wp\/v2\/media?parent=1078"}],"curies":[{"name":"wp","href":"https:\/\/api.w.org\/{rel}","templated":true}]}}