{"id":1081,"date":"2019-07-27T09:26:21","date_gmt":"2019-07-27T09:26:21","guid":{"rendered":"http:\/\/cabeco.es\/?page_id=1081"},"modified":"2019-08-04T06:58:40","modified_gmt":"2019-08-04T06:58:40","slug":"politica-de-cookies","status":"publish","type":"page","link":"https:\/\/cabeco.es\/fr\/politica-de-cookies\/","title":{"rendered":"Politique de cookies"},"content":{"rendered":"<p>[et_pb_section bb_built=\u00a0\u00bb1&Prime;][et_pb_row][et_pb_column type=\u00a0\u00bb4_4&Prime;][et_pb_text _builder_version=\u00a0\u00bb3.22.7&Prime; text_text_shadow_horizontal_length=\u00a0\u00bbtext_text_shadow_style,%91object Object%93&Prime; text_text_shadow_vertical_length=\u00a0\u00bbtext_text_shadow_style,%91object Object%93&Prime; text_text_shadow_blur_strength=\u00a0\u00bbtext_text_shadow_style,%91object Object%93&Prime; link_text_shadow_horizontal_length=\u00a0\u00bblink_text_shadow_style,%91object Object%93&Prime; link_text_shadow_vertical_length=\u00a0\u00bblink_text_shadow_style,%91object Object%93&Prime; link_text_shadow_blur_strength=\u00a0\u00bblink_text_shadow_style,%91object Object%93&Prime; ul_text_shadow_horizontal_length=\u00a0\u00bbul_text_shadow_style,%91object Object%93&Prime; ul_text_shadow_vertical_length=\u00a0\u00bbul_text_shadow_style,%91object Object%93&Prime; ul_text_shadow_blur_strength=\u00a0\u00bbul_text_shadow_style,%91object Object%93&Prime; ol_text_shadow_horizontal_length=\u00a0\u00bbol_text_shadow_style,%91object Object%93&Prime; ol_text_shadow_vertical_length=\u00a0\u00bbol_text_shadow_style,%91object Object%93&Prime; ol_text_shadow_blur_strength=\u00a0\u00bbol_text_shadow_style,%91object Object%93&Prime; quote_text_shadow_horizontal_length=\u00a0\u00bbquote_text_shadow_style,%91object Object%93&Prime; quote_text_shadow_vertical_length=\u00a0\u00bbquote_text_shadow_style,%91object Object%93&Prime; quote_text_shadow_blur_strength=\u00a0\u00bbquote_text_shadow_style,%91object Object%93&Prime; header_text_shadow_horizontal_length=\u00a0\u00bbheader_text_shadow_style,%91object Object%93&Prime; header_text_shadow_vertical_length=\u00a0\u00bbheader_text_shadow_style,%91object Object%93&Prime; header_text_shadow_blur_strength=\u00a0\u00bbheader_text_shadow_style,%91object Object%93&Prime; header_2_text_shadow_horizontal_length=\u00a0\u00bbheader_2_text_shadow_style,%91object Object%93&Prime; header_2_text_shadow_vertical_length=\u00a0\u00bbheader_2_text_shadow_style,%91object Object%93&Prime; header_2_text_shadow_blur_strength=\u00a0\u00bbheader_2_text_shadow_style,%91object Object%93&Prime; header_3_text_shadow_horizontal_length=\u00a0\u00bbheader_3_text_shadow_style,%91object Object%93&Prime; header_3_text_shadow_vertical_length=\u00a0\u00bbheader_3_text_shadow_style,%91object Object%93&Prime; header_3_text_shadow_blur_strength=\u00a0\u00bbheader_3_text_shadow_style,%91object Object%93&Prime; header_4_text_shadow_horizontal_length=\u00a0\u00bbheader_4_text_shadow_style,%91object Object%93&Prime; header_4_text_shadow_vertical_length=\u00a0\u00bbheader_4_text_shadow_style,%91object Object%93&Prime; header_4_text_shadow_blur_strength=\u00a0\u00bbheader_4_text_shadow_style,%91object Object%93&Prime; header_5_text_shadow_horizontal_length=\u00a0\u00bbheader_5_text_shadow_style,%91object Object%93&Prime; header_5_text_shadow_vertical_length=\u00a0\u00bbheader_5_text_shadow_style,%91object Object%93&Prime; header_5_text_shadow_blur_strength=\u00a0\u00bbheader_5_text_shadow_style,%91object Object%93&Prime; header_6_text_shadow_horizontal_length=\u00a0\u00bbheader_6_text_shadow_style,%91object Object%93&Prime; header_6_text_shadow_vertical_length=\u00a0\u00bbheader_6_text_shadow_style,%91object Object%93&Prime; header_6_text_shadow_blur_strength=\u00a0\u00bbheader_6_text_shadow_style,%91object Object%93&Prime; z_index_tablet=\u00a0\u00bb500&Prime;]<\/p>\n<h2>Politique de cookies<\/h2>\n<p>&nbsp;<\/p>\n<p>Conform\u00e9ment aux dispositions de l&rsquo;article 22.2 de la loi n \u00b0 34\/2002 du 11 juillet sur les services de la soci\u00e9t\u00e9 de l&rsquo;information et le commerce \u00e9lectronique, le titulaire vous informe que ce site utilise des cookies ainsi que sa politique. collecte et traitement d&rsquo;entre eux.<\/p>\n<h3>Que sont les cookies?<\/h3>\n<p>Un cookie est un fichier t\u00e9l\u00e9charg\u00e9 sur votre ordinateur lorsque vous acc\u00e9dez \u00e0 certaines pages Web. Les cookies permettent, entre autres, \u00e0 une page Web de stocker et de r\u00e9cup\u00e9rer des informations sur vos habitudes de navigation et &#8211; en fonction des informations qu\u2019elles contiennent et de la mani\u00e8re dont vous utilisez votre ordinateur &#8211; elles peuvent \u00eatre utilis\u00e9es pour vous identifier.<\/p>\n<h3>Types de cookies utilis\u00e9s<\/h3>\n<p>Le site Web http:\/\/cabeco.com utiliser les types de cookies suivants:<\/p>\n<ul>\n<li><strong>Cookies techniques:<\/strong> Sont-ils trait\u00e9s par le site Web qui permettent aux utilisateurs enregistr\u00e9s de naviguer dans la zone restreinte et d\u2019utiliser ses diff\u00e9rentes fonctions, telles que la proc\u00e9dure d\u2019achat d\u2019un produit ou d\u2019un service?. \u2028Certains cookies sont essentiels au fonctionnement du site Web, par exemple, le syst\u00e8me de commentaires ou le moteur de recherche..<\/li>\n<li><strong>Cookies de personnalisation:<\/strong> Sont-ils ceux qui permettent aux utilisateurs d&rsquo;acc\u00e9der au Service avec certaines caract\u00e9ristiques g\u00e9n\u00e9rales pr\u00e9d\u00e9finies bas\u00e9es sur une s\u00e9rie de crit\u00e8res \u00e9tablis par l&rsquo;utilisateur, tels que, par exemple, la langue ou le type de navigateur auquel vous vous connectez sur ce site.<\/li>\n<\/ul>\n<h3>D\u00e9sactiver les cookies<\/h3>\n<p>Vous pouvez accepter, bloquer ou supprimer les cookies install\u00e9s sur votre ordinateur en configurant les options du navigateur..<br \/> Dans les liens suivants, vous trouverez des instructions pour activer ou d\u00e9sactiver les cookies dans les navigateurs les plus courants..<\/p>\n<ul>\n<li>Firefox <a href=\"http:\/\/support.mozilla.org\/es\/kb\/habilitar-y-deshabilitar-cookies-que-los-sitios-we\">http:\/\/support.mozilla.org\/es\/kb\/habilitar-y-deshabilitar-cookies-que-los-sitios-we<\/a><\/li>\n<li>Safari <a href=\"http:\/\/support.apple.com\/kb\/HT1677?viewlocale=es_ES\">http:\/\/support.apple.com\/kb\/HT1677?viewlocale=es_ES<\/a><\/li>\n<li>Google Chrome <a href=\"https:\/\/support.google.com\/chrome\/answer\/95647?hl=es\">https:\/\/support.google.com\/chrome\/answer\/95647?hl=es<\/a><\/li>\n<\/ul>\n<h3>Cookies de tiers<\/h3>\n<p>Le site Web comprend d&rsquo;autres fonctionnalit\u00e9s fournies par les r\u00e9seaux sociaux et susceptibles d&rsquo;installer des cookies. Vous pouvez partager le contenu sur vos r\u00e9seaux sociaux en tant que Facebook, Twitter, Google +, Instagram o YouTube avec les boutons inclus \u00e0 cet effet ou avec les outils de partage \u00e0 partir des r\u00e9seaux sociaux.<\/p>\n<h3>Avertissement concernant la suppression des cookies<\/h3>\n<p>Vous pouvez supprimer et bloquer les cookies de ce site Web, mais une partie du site ne fonctionnera pas correctement ou sa qualit\u00e9 pourrait en \u00eatre affect\u00e9e..<\/p>\n<h3>Contact<\/h3>\n<p>Si vous avez des questions sur cette politique de cookies ou si vous souhaitez commenter sur ce site, vous pouvez envoyer un courrier \u00e9lectronique \u00e0 l&rsquo;adresse <a href=\"mailto:cabeco@cabeco.com\">cabeco@cabeco.com<\/a>.<\/p>\n<p>[\/et_pb_text][\/et_pb_column][\/et_pb_row][\/et_pb_section]<\/p>\n","protected":false},"excerpt":{"rendered":"<p><div class=\"et_pb_row et_pb_row_0 et_pb_row_empty\">\n\t\t\t\t\n\t\t\t\t\n\t\t\t\t\n\t\t\t<\/div> Politique de cookies &nbsp; Conform\u00e9ment aux dispositions de l&rsquo;article 22.2 de la loi n \u00b0 34\/2002 du 11 juillet sur les services de la soci\u00e9t\u00e9 de l&rsquo;information et le commerce \u00e9lectronique, le titulaire vous informe que ce site utilise des cookies ainsi que sa politique. collecte et traitement d&rsquo;entre eux. Que sont les cookies? [&hellip;]<\/p>\n","protected":false},"author":1,"featured_media":0,"parent":0,"menu_order":93,"comment_status":"closed","ping_status":"closed","template":"","meta":{"_et_pb_use_builder":"on","_et_pb_old_content":"","_et_gb_content_width":""},"_links":{"self":[{"href":"https:\/\/cabeco.es\/fr\/wp-json\/wp\/v2\/pages\/1081"}],"collection":[{"href":"https:\/\/cabeco.es\/fr\/wp-json\/wp\/v2\/pages"}],"about":[{"href":"https:\/\/cabeco.es\/fr\/wp-json\/wp\/v2\/types\/page"}],"author":[{"embeddable":true,"href":"https:\/\/cabeco.es\/fr\/wp-json\/wp\/v2\/users\/1"}],"replies":[{"embeddable":true,"href":"https:\/\/cabeco.es\/fr\/wp-json\/wp\/v2\/comments?post=1081"}],"version-history":[{"count":4,"href":"https:\/\/cabeco.es\/fr\/wp-json\/wp\/v2\/pages\/1081\/revisions"}],"predecessor-version":[{"id":1275,"href":"https:\/\/cabeco.es\/fr\/wp-json\/wp\/v2\/pages\/1081\/revisions\/1275"}],"wp:attachment":[{"href":"https:\/\/cabeco.es\/fr\/wp-json\/wp\/v2\/media?parent=1081"}],"curies":[{"name":"wp","href":"https:\/\/api.w.org\/{rel}","templated":true}]}}