{"id":888,"date":"2019-07-25T21:38:44","date_gmt":"2019-07-25T21:38:44","guid":{"rendered":"http:\/\/cabeco.es\/?page_id=888"},"modified":"2019-07-27T05:05:14","modified_gmt":"2019-07-27T05:05:14","slug":"clientes","status":"publish","type":"page","link":"https:\/\/cabeco.es\/fr\/compania\/clientes\/","title":{"rendered":"Les clients"},"content":{"rendered":"<p>[et_pb_section fb_built=\u00a0\u00bb1&Prime; _builder_version=\u00a0\u00bb3.22.7&Prime; background_color=\u00a0\u00bbrgba(0,0,0,0.6)\u00a0\u00bb background_image=\u00a0\u00bbhttp:\/\/cabeco.es\/wp-content\/uploads\/2019\/05\/h-bg-clientes.jpg\u00a0\u00bb background_position=\u00a0\u00bbbottom_center\u00a0\u00bb background_blend=\u00a0\u00bbmultiply\u00a0\u00bb custom_padding=\u00a0\u00bb100px||100px||true\u00a0\u00bb locked=\u00a0\u00bboff\u00a0\u00bb][et_pb_row _builder_version=\u00a0\u00bb3.22.7&Prime;][et_pb_column type=\u00a0\u00bb4_4&Prime; _builder_version=\u00a0\u00bb3.22.7&Prime;][et_pb_text _builder_version=\u00a0\u00bb3.22.7&Prime; text_font=\u00a0\u00bb||||||||\u00a0\u00bb header_font=\u00a0\u00bb||||||||\u00a0\u00bb header_3_font=\u00a0\u00bb||||||||\u00a0\u00bb header_3_font_size=\u00a0\u00bb28px\u00a0\u00bb header_5_font=\u00a0\u00bb|||on|||||\u00a0\u00bb header_5_font_size=\u00a0\u00bb32px\u00a0\u00bb text_orientation=\u00a0\u00bbcenter\u00a0\u00bb background_layout=\u00a0\u00bbdark\u00a0\u00bb]<\/p>\n<h5>Les clients<\/h5>\n<p>[\/et_pb_text][\/et_pb_column][\/et_pb_row][\/et_pb_section][et_pb_section fb_built=\u00a0\u00bb1&Prime; _builder_version=\u00a0\u00bb3.22.7&Prime;][et_pb_row _builder_version=\u00a0\u00bb3.22.7&Prime;][et_pb_column type=\u00a0\u00bb1_2&Prime; _builder_version=\u00a0\u00bb3.22.7&Prime;][et_pb_text _builder_version=\u00a0\u00bb3.22.7&Prime; text_font=\u00a0\u00bb||||||||\u00a0\u00bb text_line_height=\u00a0\u00bb1.4em\u00a0\u00bb header_font=\u00a0\u00bb||||||||\u00a0\u00bb header_6_font=\u00a0\u00bb||||||||\u00a0\u00bb header_6_line_height=\u00a0\u00bb1.4em\u00a0\u00bb]<\/p>\n<h6>\nCabeco travaille avec de grandes entreprises internationales de secteurs tr\u00e8s diff\u00e9renci\u00e9s (OTIS, CEPSA, Repsol GAS, etc.) mais toujours avec les normes les plus strictes, en respectant scrupuleusement les normes de qualit\u00e9 du secteur et en r\u00e9pondant avec d\u00e9vouement et innovation aux besoins des clients.<\/h6>\n<p>&nbsp;<\/p>\n<p>[\/et_pb_text][\/et_pb_column][et_pb_column type=\u00a0\u00bb1_6&Prime; _builder_version=\u00a0\u00bb3.22.7&Prime;][et_pb_image src=\u00a0\u00bbhttp:\/\/cabeco.es\/wp-content\/uploads\/2019\/07\/partn-01-repsol.jpg\u00a0\u00bb _builder_version=\u00a0\u00bb3.22.7&Prime;][\/et_pb_image][et_pb_image src=\u00a0\u00bbhttp:\/\/cabeco.es\/wp-content\/uploads\/2019\/07\/partn-04-eninter-copia.jpg\u00a0\u00bb _builder_version=\u00a0\u00bb3.22.7&Prime;][\/et_pb_image][\/et_pb_column][et_pb_column type=\u00a0\u00bb1_6&Prime; _builder_version=\u00a0\u00bb3.22.7&Prime;][et_pb_image src=\u00a0\u00bbhttp:\/\/cabeco.es\/wp-content\/uploads\/2019\/07\/partn-02-otis.jpg\u00a0\u00bb _builder_version=\u00a0\u00bb3.22.7&Prime;][\/et_pb_image][et_pb_image src=\u00a0\u00bbhttp:\/\/cabeco.es\/wp-content\/uploads\/2019\/07\/partn-05-carlossilva.jpg\u00a0\u00bb _builder_version=\u00a0\u00bb3.22.7&Prime;][\/et_pb_image][\/et_pb_column][et_pb_column type=\u00a0\u00bb1_6&Prime; _builder_version=\u00a0\u00bb3.22.7&Prime;][et_pb_image src=\u00a0\u00bbhttp:\/\/cabeco.es\/wp-content\/uploads\/2019\/07\/partn-03-cesps.jpg\u00a0\u00bb _builder_version=\u00a0\u00bb3.22.7&Prime;][\/et_pb_image][et_pb_image src=\u00a0\u00bbhttp:\/\/cabeco.es\/wp-content\/uploads\/2019\/07\/partn-06-tissen.jpg\u00a0\u00bb _builder_version=\u00a0\u00bb3.22.7&Prime;][\/et_pb_image][\/et_pb_column][\/et_pb_row][\/et_pb_section]<\/p>\n","protected":false},"excerpt":{"rendered":"<p>Les clients Cabeco travaille avec de grandes entreprises internationales de secteurs tr\u00e8s diff\u00e9renci\u00e9s (OTIS, CEPSA, Repsol GAS, etc.) mais toujours avec les normes les plus strictes, en respectant scrupuleusement les normes de qualit\u00e9 du secteur et en r\u00e9pondant avec d\u00e9vouement et innovation aux besoins des clients. &nbsp;<\/p>\n","protected":false},"author":1,"featured_media":0,"parent":959,"menu_order":2,"comment_status":"closed","ping_status":"closed","template":"","meta":{"_et_pb_use_builder":"on","_et_pb_old_content":"","_et_gb_content_width":""},"_links":{"self":[{"href":"https:\/\/cabeco.es\/fr\/wp-json\/wp\/v2\/pages\/888"}],"collection":[{"href":"https:\/\/cabeco.es\/fr\/wp-json\/wp\/v2\/pages"}],"about":[{"href":"https:\/\/cabeco.es\/fr\/wp-json\/wp\/v2\/types\/page"}],"author":[{"embeddable":true,"href":"https:\/\/cabeco.es\/fr\/wp-json\/wp\/v2\/users\/1"}],"replies":[{"embeddable":true,"href":"https:\/\/cabeco.es\/fr\/wp-json\/wp\/v2\/comments?post=888"}],"version-history":[{"count":3,"href":"https:\/\/cabeco.es\/fr\/wp-json\/wp\/v2\/pages\/888\/revisions"}],"predecessor-version":[{"id":1037,"href":"https:\/\/cabeco.es\/fr\/wp-json\/wp\/v2\/pages\/888\/revisions\/1037"}],"up":[{"embeddable":true,"href":"https:\/\/cabeco.es\/fr\/wp-json\/wp\/v2\/pages\/959"}],"wp:attachment":[{"href":"https:\/\/cabeco.es\/fr\/wp-json\/wp\/v2\/media?parent=888"}],"curies":[{"name":"wp","href":"https:\/\/api.w.org\/{rel}","templated":true}]}}