{"id":959,"date":"2019-07-25T21:33:50","date_gmt":"2019-07-25T21:33:50","guid":{"rendered":"http:\/\/cabeco.es\/?page_id=959"},"modified":"2019-07-27T04:54:26","modified_gmt":"2019-07-27T04:54:26","slug":"compania","status":"publish","type":"page","link":"https:\/\/cabeco.es\/fr\/compania\/","title":{"rendered":"Compagnie"},"content":{"rendered":"<p>[et_pb_section fb_built=\u00a0\u00bb1&Prime; _builder_version=\u00a0\u00bb3.22.7&Prime; background_color=\u00a0\u00bbrgba(0,0,0,0.6)\u00a0\u00bb background_image=\u00a0\u00bbhttp:\/\/cabeco.es\/wp-content\/uploads\/2019\/05\/stock-photo-successful-team-group-of-young-business-people-working-and-communicating-together-in-creative-583591807.jpg\u00a0\u00bb background_blend=\u00a0\u00bbmultiply\u00a0\u00bb custom_padding=\u00a0\u00bb20px||20px||true\u00a0\u00bb][et_pb_row _builder_version=\u00a0\u00bb3.22.7&Prime;][et_pb_column type=\u00a0\u00bb4_4&Prime; _builder_version=\u00a0\u00bb3.22.7&Prime;][et_pb_text _builder_version=\u00a0\u00bb3.22.7&Prime; text_font=\u00a0\u00bb||||||||\u00a0\u00bb header_font=\u00a0\u00bb||||||||\u00a0\u00bb header_3_font=\u00a0\u00bb||||||||\u00a0\u00bb header_3_font_size=\u00a0\u00bb28px\u00a0\u00bb header_5_font=\u00a0\u00bb|||on|||||\u00a0\u00bb header_5_font_size=\u00a0\u00bb32px\u00a0\u00bb text_orientation=\u00a0\u00bbcenter\u00a0\u00bb background_layout=\u00a0\u00bbdark\u00a0\u00bb]<\/p>\n<h5>Compagnie<\/h5>\n<p>[\/et_pb_text][\/et_pb_column][\/et_pb_row][\/et_pb_section][et_pb_section fb_built=\u00a0\u00bb1&Prime; _builder_version=\u00a0\u00bb3.22.7&Prime;][et_pb_row custom_padding=\u00a0\u00bb||0px|||\u00a0\u00bb _builder_version=\u00a0\u00bb3.22.7&Prime; transform_origin=\u00a0\u00bb45%|50%\u00a0\u00bb min_height=\u00a0\u00bb463px\u00a0\u00bb][et_pb_column type=\u00a0\u00bb1_2&Prime; _builder_version=\u00a0\u00bb3.22.7&Prime;][et_pb_image src=\u00a0\u00bbhttp:\/\/cabeco.es\/wp-content\/uploads\/2019\/07\/sob_nos_01.jpg\u00a0\u00bb _builder_version=\u00a0\u00bb3.22.7&Prime; custom_margin=\u00a0\u00bb||1px|||\u00a0\u00bb][\/et_pb_image][et_pb_text _builder_version=\u00a0\u00bb3.22.7&Prime; text_font=\u00a0\u00bb||||||||\u00a0\u00bb text_orientation=\u00a0\u00bbright\u00a0\u00bb min_height=\u00a0\u00bb6px\u00a0\u00bb]<\/p>\n<p>Esther Cabezas<\/p>\n<p>[\/et_pb_text][\/et_pb_column][et_pb_column type=\u00a0\u00bb1_2&Prime; _builder_version=\u00a0\u00bb3.22.7&Prime;][et_pb_text _builder_version=\u00a0\u00bb3.22.7&Prime; text_font=\u00a0\u00bb||||||||\u00a0\u00bb text_font_size=\u00a0\u00bb16px\u00a0\u00bb header_font=\u00a0\u00bb||||||||\u00a0\u00bb header_2_font=\u00a0\u00bb||||||||\u00a0\u00bb background_color=\u00a0\u00bb#ffffff\u00a0\u00bb transform_translate_linked=\u00a0\u00bboff\u00a0\u00bb text_orientation=\u00a0\u00bbjustified\u00a0\u00bb custom_padding=\u00a0\u00bb20px|20px|20px|20px|true|true\u00a0\u00bb]<\/p>\n<h2 style=\"text-align: left;\">UNE HISTOIRE DE L\u2019INNOVATION<br \/>ET INTERNATIONALISATION.<\/h2>\n<p>[\/et_pb_text][\/et_pb_column][\/et_pb_row][et_pb_row custom_padding=\u00a0\u00bb||6px|||\u00a0\u00bb _builder_version=\u00a0\u00bb3.22.7&Prime;][et_pb_column type=\u00a0\u00bb1_2&Prime; _builder_version=\u00a0\u00bb3.22.7&Prime;][et_pb_text _builder_version=\u00a0\u00bb3.22.7&Prime;]<\/p>\n<p>Fond\u00e9 en 1978, il a commenc\u00e9 ses d\u00e9marches au sein de ce secteur en collaborant avec de grands fabricants de machines de tous types et se d\u00e9marquant dans le secteur des fours et des automatismes destin\u00e9s \u00e0 la fabrication de c\u00e9ramiques pour la construction, ainsi que d&rsquo;armoires \u00e9lectriques et \u00e9lectroniques pour tous types de machines. -tool.<\/p>\n<p>En 1986, elle poss\u00e9dait d\u00e9j\u00e0 un vaste catalogue de ses propres produits: commutateurs magn\u00e9tiques, bobines de d\u00e9tection de m\u00e9taux, cellules photo\u00e9lectriques, s\u00e9parateurs de particules, etc..<\/p>\n<p>&nbsp;<\/p>\n<p>[\/et_pb_text][\/et_pb_column][et_pb_column type=\u00a0\u00bb1_2&Prime; _builder_version=\u00a0\u00bb3.22.7&Prime;][et_pb_text _builder_version=\u00a0\u00bb3.22.7&Prime;]<\/p>\n<p>Ce fut la premi\u00e8re \u00e9tape pour entrer dans le monde des stations-service (EESS). Un an plus tard, il d\u00e9veloppa un compteur \u00e9lectronique pour le contr\u00f4le des stocks dans les r\u00e9servoirs de carburant USSS. Ces deux produits ont fourni \u00e0 Cabeco une excellente projection internationale.<\/p>\n<p>Au fil des ans, la production de Cabeco s&rsquo;est sp\u00e9cialis\u00e9e dans deux lignes de production clairement diff\u00e9renci\u00e9es: l&rsquo;\u00e9lectronique et l&rsquo;automobile.<\/p>\n<p>[\/et_pb_text][\/et_pb_column][\/et_pb_row][et_pb_row custom_padding=\u00a0\u00bb40px|||||\u00a0\u00bb _builder_version=\u00a0\u00bb3.22.7&Prime; border_width_top=\u00a0\u00bb1px\u00a0\u00bb border_color_top=\u00a0\u00bbrgba(0,108,135,0.6)\u00a0\u00bb][et_pb_column type=\u00a0\u00bb1_2&Prime; _builder_version=\u00a0\u00bb3.22.7&Prime;][et_pb_text _builder_version=\u00a0\u00bb3.22.7&Prime;]<\/p>\n<h2>R+ D<\/h2>\n<p>Le d\u00e9partement R &#038; D de Cabeco a pour objectif principal l\u2019am\u00e9lioration continue. Nous l\u2019appliquons aux produits existants figurant dans le catalogue de la soci\u00e9t\u00e9, ainsi qu\u2019\u00e0 la recherche et au d\u00e9veloppement de nouvelles technologies qui s\u2019adaptent au quotidien. besoins de tous nos clients.<\/p>\n<p>\u00c0 l&rsquo;heure actuelle, un contr\u00f4le de niveau plus \u00e9conomique est en cours de d\u00e9veloppement, bas\u00e9 sur un syst\u00e8me \u00e0 trois alarmes pour les niveaux bas, moyen et \u00e9lev\u00e9. <br \/> Cabeco travaille \u00e9galement \u00e0 la cr\u00e9ation d&rsquo;un logiciel de gestion int\u00e9grale des parcs. Des sondes avec t\u00e9l\u00e9gestion, qui am\u00e9lioreront la logistique de nos clients et ajouteront aux avantages d\u00e9j\u00e0 offerts par la sonde Cabeco CND3000.<\/p>\n<p>[\/et_pb_text][\/et_pb_column][et_pb_column type=\u00a0\u00bb1_2&Prime; _builder_version=\u00a0\u00bb3.22.7&Prime;][et_pb_image src=\u00a0\u00bbhttp:\/\/cabeco.es\/wp-content\/uploads\/2019\/07\/sob_nos_04.jpg\u00a0\u00bb _builder_version=\u00a0\u00bb3.22.7&Prime;][\/et_pb_image][\/et_pb_column][\/et_pb_row][\/et_pb_section]<\/p>\n","protected":false},"excerpt":{"rendered":"<p>CompagnieEsther CabezasUNE HISTOIRE DE L\u2019INNOVATIONET INTERNATIONALISATION.Fond\u00e9 en 1978, il a commenc\u00e9 ses d\u00e9marches au sein de ce secteur en collaborant avec de grands fabricants de machines de tous types et se d\u00e9marquant dans le secteur des fours et des automatismes destin\u00e9s \u00e0 la fabrication de c\u00e9ramiques pour la construction, ainsi que d&rsquo;armoires \u00e9lectriques et \u00e9lectroniques [&hellip;]<\/p>\n","protected":false},"author":1,"featured_media":0,"parent":0,"menu_order":1,"comment_status":"closed","ping_status":"closed","template":"","meta":{"_et_pb_use_builder":"on","_et_pb_old_content":"","_et_gb_content_width":""},"_links":{"self":[{"href":"https:\/\/cabeco.es\/fr\/wp-json\/wp\/v2\/pages\/959"}],"collection":[{"href":"https:\/\/cabeco.es\/fr\/wp-json\/wp\/v2\/pages"}],"about":[{"href":"https:\/\/cabeco.es\/fr\/wp-json\/wp\/v2\/types\/page"}],"author":[{"embeddable":true,"href":"https:\/\/cabeco.es\/fr\/wp-json\/wp\/v2\/users\/1"}],"replies":[{"embeddable":true,"href":"https:\/\/cabeco.es\/fr\/wp-json\/wp\/v2\/comments?post=959"}],"version-history":[{"count":5,"href":"https:\/\/cabeco.es\/fr\/wp-json\/wp\/v2\/pages\/959\/revisions"}],"predecessor-version":[{"id":1030,"href":"https:\/\/cabeco.es\/fr\/wp-json\/wp\/v2\/pages\/959\/revisions\/1030"}],"wp:attachment":[{"href":"https:\/\/cabeco.es\/fr\/wp-json\/wp\/v2\/media?parent=959"}],"curies":[{"name":"wp","href":"https:\/\/api.w.org\/{rel}","templated":true}]}}