{"id":962,"date":"2019-07-25T21:34:31","date_gmt":"2019-07-25T21:34:31","guid":{"rendered":"http:\/\/cabeco.es\/?page_id=962"},"modified":"2025-04-14T18:46:40","modified_gmt":"2025-04-14T18:46:40","slug":"politica-de-calidad","status":"publish","type":"page","link":"https:\/\/cabeco.es\/fr\/compania\/politica-de-calidad\/","title":{"rendered":"Politique de qualit\u00e9"},"content":{"rendered":"<p>[et_pb_section fb_built=\u00a0\u00bb1&Prime; _builder_version=\u00a0\u00bb3.22.7&Prime; background_color=\u00a0\u00bbrgba(0,0,0,0.6)\u00a0\u00bb background_image=\u00a0\u00bbhttp:\/\/cabeco.es\/wp-content\/uploads\/2019\/05\/stock-photo-standard-quality-control-certification-assurance-guarantee-internet-business-technology-concept-1051235372.jpg\u00a0\u00bb background_blend=\u00a0\u00bbmultiply\u00a0\u00bb custom_padding=\u00a0\u00bb100px||100px||true\u00a0\u00bb locked=\u00a0\u00bboff\u00a0\u00bb global_colors_info=\u00a0\u00bb{}\u00a0\u00bb][et_pb_row _builder_version=\u00a0\u00bb3.25&Prime; global_colors_info=\u00a0\u00bb{}\u00a0\u00bb][et_pb_column type=\u00a0\u00bb4_4&Prime; _builder_version=\u00a0\u00bb3.25&Prime; custom_padding=\u00a0\u00bb|||\u00a0\u00bb global_colors_info=\u00a0\u00bb{}\u00a0\u00bb custom_padding__hover=\u00a0\u00bb|||\u00a0\u00bb][et_pb_text _builder_version=\u00a0\u00bb3.27.4&Prime; text_font=\u00a0\u00bb||||||||\u00a0\u00bb header_font=\u00a0\u00bb||||||||\u00a0\u00bb header_3_font=\u00a0\u00bb||||||||\u00a0\u00bb header_3_font_size=\u00a0\u00bb28px\u00a0\u00bb header_5_font=\u00a0\u00bb|||on|||||\u00a0\u00bb header_5_font_size=\u00a0\u00bb32px\u00a0\u00bb text_orientation=\u00a0\u00bbcenter\u00a0\u00bb background_layout=\u00a0\u00bbdark\u00a0\u00bb global_colors_info=\u00a0\u00bb{}\u00a0\u00bb]<\/p>\n<h5>Politique de qualit\u00e9<\/h5>\n<p>[\/et_pb_text][\/et_pb_column][\/et_pb_row][\/et_pb_section][et_pb_section fb_built=\u00a0\u00bb1&Prime; _builder_version=\u00a0\u00bb3.22.7&Prime; global_colors_info=\u00a0\u00bb{}\u00a0\u00bb][et_pb_row column_structure=\u00a0\u00bb1_3,2_3&Prime; _builder_version=\u00a0\u00bb3.25&Prime; custom_padding=\u00a0\u00bb24px|||||\u00a0\u00bb global_colors_info=\u00a0\u00bb{}\u00a0\u00bb][et_pb_column type=\u00a0\u00bb1_3&Prime; _builder_version=\u00a0\u00bb3.25&Prime; custom_padding=\u00a0\u00bb|||\u00a0\u00bb global_colors_info=\u00a0\u00bb{}\u00a0\u00bb custom_padding__hover=\u00a0\u00bb|||\u00a0\u00bb][et_pb_text _builder_version=\u00a0\u00bb3.27.4&Prime; text_font=\u00a0\u00bb||||||||\u00a0\u00bb text_line_height=\u00a0\u00bb1.4em\u00a0\u00bb ul_font=\u00a0\u00bb||||||||\u00a0\u00bb ul_line_height=\u00a0\u00bb1.4em\u00a0\u00bb header_font=\u00a0\u00bb||||||||\u00a0\u00bb header_5_font=\u00a0\u00bb||||||||\u00a0\u00bb header_5_line_height=\u00a0\u00bb1.4em\u00a0\u00bb global_colors_info=\u00a0\u00bb{}\u00a0\u00bb]<\/p>\n<h2><span style=\"color: #333333; font-size: small;\">CABECO S.A. a pour champ d&rsquo;activit\u00e9 la \u00ab fabrication et la distribution d&rsquo;interrupteurs magn\u00e9tiques \u00bb, conform\u00e9ment aux besoins sp\u00e9cifiques de chacun de nos clients et avec l&rsquo;engagement de respecter \u00e0 tout moment les exigences l\u00e9gales applicables. En cons\u00e9quence, et apr\u00e8s avoir analys\u00e9 les risques et les opportunit\u00e9s de nos processus, nous avons \u00e9tabli quelques principes de base qui marquent nos lignes g\u00e9n\u00e9rales :<\/span><br \/><span style=\"color: #333333; font-size: small;\">\uf0e0 Promouvoir l&rsquo;innovation des produits, soit en trouvant des solutions pour am\u00e9liorer nos produits, soit en cr\u00e9ant de nouveaux produits mieux adapt\u00e9s aux besoins de nos clients.<\/span><br \/><span style=\"color: #333333; font-size: small;\">\uf0e0 Maintenir un haut niveau de qualit\u00e9 dans les produits que nous fabriquons et commercialisons, comme pr\u00e9misse principale de la fid\u00e9lisation de nos clients.<\/span><br \/><span style=\"color: #333333; font-size: small;\">\uf0e0 Faciliter et promouvoir une communication et des relations tr\u00e8s satisfaisantes avec les clients et les fournisseurs, en leur offrant un traitement direct et familier. <\/span><br \/><span style=\"color: #333333; font-size: small;\">\uf0e0 Par la satisfaction du march\u00e9, obtenir des rendements \u00e9conomiques pour les actionnaires et les employ\u00e9s.<\/span><br \/><span style=\"color: #333333; font-size: small;\">\uf0e0 Encourager la participation de tous les employ\u00e9s \u00e0 l&rsquo;am\u00e9lioration continue de l&rsquo;efficacit\u00e9 du syst\u00e8me de gestion de la qualit\u00e9 que nous avons mis en place.<\/span><br \/><span style=\"color: #333333; font-size: small;\">\uf0e0 S&rsquo;engager en faveur de la sant\u00e9 de nos travailleurs et de l&rsquo;environnement.<\/span><\/h2>\n<ul><\/ul>\n<p>[\/et_pb_text][\/et_pb_column][et_pb_column type=\u00a0\u00bb2_3&Prime; _builder_version=\u00a0\u00bb3.25&Prime; custom_padding=\u00a0\u00bb|||\u00a0\u00bb global_colors_info=\u00a0\u00bb{}\u00a0\u00bb custom_padding__hover=\u00a0\u00bb|||\u00a0\u00bb][et_pb_blurb title=\u00a0\u00bbUNE-EN ISO 9001&Prime; image=\u00a0\u00bbhttp:\/\/cabeco.es\/wp-content\/uploads\/2025\/04\/logo-aenor.jpg\u00a0\u00bb icon_placement=\u00a0\u00bbleft\u00a0\u00bb image_max_width=\u00a0\u00bb150px\u00a0\u00bb _builder_version=\u00a0\u00bb4.10.4&Prime; body_font=\u00a0\u00bb||||||||\u00a0\u00bb body_line_height=\u00a0\u00bb1.4em\u00a0\u00bb background_color=\u00a0\u00bb#eeeeee\u00a0\u00bb width=\u00a0\u00bb100%\u00a0\u00bb custom_padding=\u00a0\u00bb14px|14px|14px|14px|true|true\u00a0\u00bb child_mix_blend_mode=\u00a0\u00bbmultiply\u00a0\u00bb hover_enabled=\u00a0\u00bb0&Prime; global_colors_info=\u00a0\u00bb{}\u00a0\u00bb title_text=\u00a0\u00bblogo aenor\u00a0\u00bb sticky_enabled=\u00a0\u00bb0&Prime;][\/et_pb_blurb][\/et_pb_column][\/et_pb_row][\/et_pb_section]<\/p>\n","protected":false},"excerpt":{"rendered":"<p>Politique de qualit\u00e9CABECO S.A. a pour champ d&rsquo;activit\u00e9 la \u00ab fabrication et la distribution d&rsquo;interrupteurs magn\u00e9tiques \u00bb, conform\u00e9ment aux besoins sp\u00e9cifiques de chacun de nos clients et avec l&rsquo;engagement de respecter \u00e0 tout moment les exigences l\u00e9gales applicables. En cons\u00e9quence, et apr\u00e8s avoir analys\u00e9 les risques et les opportunit\u00e9s de nos processus, nous avons \u00e9tabli [&hellip;]<\/p>\n","protected":false},"author":1,"featured_media":0,"parent":959,"menu_order":0,"comment_status":"closed","ping_status":"closed","template":"","meta":{"_et_pb_use_builder":"on","_et_pb_old_content":"","_et_gb_content_width":""},"_links":{"self":[{"href":"https:\/\/cabeco.es\/fr\/wp-json\/wp\/v2\/pages\/962"}],"collection":[{"href":"https:\/\/cabeco.es\/fr\/wp-json\/wp\/v2\/pages"}],"about":[{"href":"https:\/\/cabeco.es\/fr\/wp-json\/wp\/v2\/types\/page"}],"author":[{"embeddable":true,"href":"https:\/\/cabeco.es\/fr\/wp-json\/wp\/v2\/users\/1"}],"replies":[{"embeddable":true,"href":"https:\/\/cabeco.es\/fr\/wp-json\/wp\/v2\/comments?post=962"}],"version-history":[{"count":7,"href":"https:\/\/cabeco.es\/fr\/wp-json\/wp\/v2\/pages\/962\/revisions"}],"predecessor-version":[{"id":1401,"href":"https:\/\/cabeco.es\/fr\/wp-json\/wp\/v2\/pages\/962\/revisions\/1401"}],"up":[{"embeddable":true,"href":"https:\/\/cabeco.es\/fr\/wp-json\/wp\/v2\/pages\/959"}],"wp:attachment":[{"href":"https:\/\/cabeco.es\/fr\/wp-json\/wp\/v2\/media?parent=962"}],"curies":[{"name":"wp","href":"https:\/\/api.w.org\/{rel}","templated":true}]}}