{"id":973,"date":"2019-07-25T21:42:21","date_gmt":"2019-07-25T21:42:21","guid":{"rendered":"http:\/\/cabeco.es\/?page_id=973"},"modified":"2019-10-21T11:16:45","modified_gmt":"2019-10-21T11:16:45","slug":"sensores","status":"publish","type":"page","link":"https:\/\/cabeco.es\/fr\/productos\/sensores\/","title":{"rendered":"Des capteurs"},"content":{"rendered":"<p>[et_pb_section fb_built=\u00a0\u00bb1&Prime; _builder_version=\u00a0\u00bb3.22.7&Prime; background_image=\u00a0\u00bbhttp:\/\/cabeco.es\/wp-content\/uploads\/2019\/10\/slide_01-1024&#215;320.jpg\u00a0\u00bb custom_padding=\u00a0\u00bb100px||100px||true\u00a0\u00bb][et_pb_row _builder_version=\u00a0\u00bb3.22.7&Prime;][et_pb_column type=\u00a0\u00bb4_4&Prime; _builder_version=\u00a0\u00bb3.22.7&Prime;][et_pb_text _builder_version=\u00a0\u00bb3.22.7&Prime; text_font=\u00a0\u00bb||||||||\u00a0\u00bb header_font=\u00a0\u00bb||||||||\u00a0\u00bb header_3_font=\u00a0\u00bb||||||||\u00a0\u00bb header_3_font_size=\u00a0\u00bb28px\u00a0\u00bb header_5_font=\u00a0\u00bb|||on|||||\u00a0\u00bb header_5_font_size=\u00a0\u00bb32px\u00a0\u00bb text_orientation=\u00a0\u00bbcenter\u00a0\u00bb background_layout=\u00a0\u00bbdark\u00a0\u00bb]<\/p>\n<h5>Capteurs magn\u00e9tiques<\/h5>\n<p>[\/et_pb_text][\/et_pb_column][\/et_pb_row][\/et_pb_section][et_pb_section fb_built=\u00a0\u00bb1&Prime; _builder_version=\u00a0\u00bb3.22.7&Prime;][et_pb_row use_custom_gutter=\u00a0\u00bbon\u00a0\u00bb make_equal=\u00a0\u00bbon\u00a0\u00bb _builder_version=\u00a0\u00bb3.22.7&Prime;][et_pb_column type=\u00a0\u00bb1_4&Prime; _builder_version=\u00a0\u00bb3.22.7&Prime;][et_pb_sidebar _builder_version=\u00a0\u00bb3.22.7&Prime;][\/et_pb_sidebar][\/et_pb_column][et_pb_column type=\u00a0\u00bb1_2&Prime; _builder_version=\u00a0\u00bb3.22.7&Prime;][et_pb_shop type=\u00a0\u00bbproduct_category\u00a0\u00bb include_categories=\u00a0\u00bb50&Prime; columns_number=\u00a0\u00bb3&Prime; _builder_version=\u00a0\u00bb3.22.7&Prime; title_font=\u00a0\u00bb||||||||\u00a0\u00bb title_font_size=\u00a0\u00bb16px\u00a0\u00bb][\/et_pb_shop][\/et_pb_column][et_pb_column type=\u00a0\u00bb1_4&Prime; _builder_version=\u00a0\u00bb3.22.7&Prime;][et_pb_text _builder_version=\u00a0\u00bb3.22.7&Prime; text_font=\u00a0\u00bb||||||||\u00a0\u00bb text_line_height=\u00a0\u00bb1.2em\u00a0\u00bb ul_font=\u00a0\u00bb||||||||\u00a0\u00bb ul_line_height=\u00a0\u00bb1.2em\u00a0\u00bb header_font=\u00a0\u00bb||||||||\u00a0\u00bb header_6_font=\u00a0\u00bb||||||||\u00a0\u00bb header_6_line_height=\u00a0\u00bb1.2em\u00a0\u00bb]<\/p>\n<h6>Cabeco con\u00e7oit, fabrique et commercialise une vaste gamme de capteurs magn\u00e9tiques &#8211; capteurs de proximit\u00e9 &#8211; interrupteurs magn\u00e9tiques appliqu\u00e9s dans d&rsquo;innombrables secteurs tr\u00e8s divers.<\/h6>\n<p>Nous avons une vaste exp\u00e9rience dans le d\u00e9veloppement et la fabrication de capteurs magn\u00e9tiques &#8211; capteurs de proximit\u00e9 &#8211; interrupteurs magn\u00e9tiques pour tous types d&rsquo;applications<\/p>\n<p>Parmi la large gamme d&rsquo;utilisations, la gamme centr\u00e9e sur les ascenseurs et les transporteurs m\u00e9caniques de personnes et de marchandises m\u00e9rite une mention sp\u00e9ciale. L&rsquo;exp\u00e9rience incontestable de tant d&rsquo;ann\u00e9es de d\u00e9veloppement et de fabrication de commutateurs magn\u00e9tiques a \u00e9t\u00e9 approuv\u00e9e par les plus grands fabricants d&rsquo;ascenseurs au monde, dont nous sommes fiers d&rsquo;\u00eatre fournisseurs, tout en obtenant les certificats de qualit\u00e9 ISO91001 et Q-plus..<\/p>\n<p>En tant que laboratoire de conception, nous innovons et am\u00e9liorons constamment nos produits, ce qui nous permet de nous adapter aux caract\u00e9ristiques particuli\u00e8res des diff\u00e9rents constructeurs et \u00e0 leurs besoins. Ainsi, il est possible de r\u00e9agir rapidement aux innovations que nos clients d\u00e9cident d&rsquo;introduire dans leurs produits, ainsi qu&rsquo;\u00e0 leurs nouveaux designs.<\/p>\n<p>L\u2019utilisation de mat\u00e9riaux de premi\u00e8re qualit\u00e9, ainsi que l\u2019utilisation d\u2019\u00e9l\u00e9ments de commutation des principaux fabricants du monde, associ\u00e9es \u00e0 un contr\u00f4le de qualit\u00e9 rigoureux de tous les processus de fabrication, permettent d\u2019obtenir des capteurs magn\u00e9tiques &#8211; capteurs de proximit\u00e9 &#8211; commutateurs tr\u00e8s magn\u00e9tiques Qualit\u00e9 et fiabilit\u00e9 et pr\u00e9cision in\u00e9gal\u00e9es. En outre, toutes les r\u00e9glementations de s\u00e9curit\u00e9 et de contr\u00f4le qui affectent l&rsquo;utilisation de compos\u00e9s \u00e9cologiques et l&rsquo;\u00e9limination des d\u00e9chets sont strictement respect\u00e9es.<\/p>\n<p>\nIl est important de noter que chaque capteur magn\u00e9tique &#8211; interrupteur magn\u00e9tique &#8211; capteur de proximit\u00e9 est test\u00e9 pendant 3 \u00e9tapes de sa fabrication, <span style = \"text-decoration: underline;\">, ce qui permet de contr\u00f4ler 100% des unit\u00e9s.<\/span><br \/> Notre volont\u00e9 d&rsquo;atteindre une qualit\u00e9 totale associ\u00e9e \u00e0 l&rsquo;exigence extr\u00eame que nous supposons fournir aux leaders du march\u00e9 nous obligent \u00e0 produire chaque capteur magn\u00e9tique &#8211; commutateur magn\u00e9tique &#8211; capteur de proximit\u00e9 avec le plus haut niveau de contr\u00f4le du march\u00e9..<\/p>\n<p>[\/et_pb_text][\/et_pb_column][\/et_pb_row][\/et_pb_section]<\/p>\n","protected":false},"excerpt":{"rendered":"<p>En el a\u00f1o 2018, cabello cumpli\u00f3 su 40 aniversario en el sector de la electr\u00f3nica y la automoci\u00f3n, una experiencia que nos avala ante  nuestros clientes.<\/p>\n","protected":false},"author":1,"featured_media":0,"parent":970,"menu_order":1,"comment_status":"closed","ping_status":"closed","template":"","meta":{"_et_pb_use_builder":"on","_et_pb_old_content":"","_et_gb_content_width":""},"_links":{"self":[{"href":"https:\/\/cabeco.es\/fr\/wp-json\/wp\/v2\/pages\/973"}],"collection":[{"href":"https:\/\/cabeco.es\/fr\/wp-json\/wp\/v2\/pages"}],"about":[{"href":"https:\/\/cabeco.es\/fr\/wp-json\/wp\/v2\/types\/page"}],"author":[{"embeddable":true,"href":"https:\/\/cabeco.es\/fr\/wp-json\/wp\/v2\/users\/1"}],"replies":[{"embeddable":true,"href":"https:\/\/cabeco.es\/fr\/wp-json\/wp\/v2\/comments?post=973"}],"version-history":[{"count":7,"href":"https:\/\/cabeco.es\/fr\/wp-json\/wp\/v2\/pages\/973\/revisions"}],"predecessor-version":[{"id":1308,"href":"https:\/\/cabeco.es\/fr\/wp-json\/wp\/v2\/pages\/973\/revisions\/1308"}],"up":[{"embeddable":true,"href":"https:\/\/cabeco.es\/fr\/wp-json\/wp\/v2\/pages\/970"}],"wp:attachment":[{"href":"https:\/\/cabeco.es\/fr\/wp-json\/wp\/v2\/media?parent=973"}],"curies":[{"name":"wp","href":"https:\/\/api.w.org\/{rel}","templated":true}]}}