{"id":977,"date":"2019-07-25T21:43:13","date_gmt":"2019-07-25T21:43:13","guid":{"rendered":"http:\/\/cabeco.es\/?page_id=977"},"modified":"2019-10-21T11:18:03","modified_gmt":"2019-10-21T11:18:03","slug":"sondas-de-nivel","status":"publish","type":"page","link":"https:\/\/cabeco.es\/fr\/productos\/sondas-de-nivel\/","title":{"rendered":"Sondes de niveau"},"content":{"rendered":"<p>[et_pb_section fb_built=\u00a0\u00bb1&Prime; _builder_version=\u00a0\u00bb3.22.7&Prime; background_color=\u00a0\u00bbrgba(0,0,0,0.4)\u00a0\u00bb background_image=\u00a0\u00bbhttp:\/\/cabeco.es\/wp-content\/uploads\/2019\/10\/slide_03-1024&#215;320.jpg\u00a0\u00bb background_blend=\u00a0\u00bbmultiply\u00a0\u00bb custom_padding=\u00a0\u00bb100px||100px||true\u00a0\u00bb locked=\u00a0\u00bboff\u00a0\u00bb][et_pb_row _builder_version=\u00a0\u00bb3.22.7&Prime;][et_pb_column type=\u00a0\u00bb4_4&Prime; _builder_version=\u00a0\u00bb3.22.7&Prime;][et_pb_text _builder_version=\u00a0\u00bb3.22.7&Prime; text_font=\u00a0\u00bb||||||||\u00a0\u00bb header_font=\u00a0\u00bb||||||||\u00a0\u00bb header_3_font=\u00a0\u00bb||||||||\u00a0\u00bb header_3_font_size=\u00a0\u00bb28px\u00a0\u00bb header_5_font=\u00a0\u00bb|||on|||||\u00a0\u00bb header_5_font_size=\u00a0\u00bb32px\u00a0\u00bb text_orientation=\u00a0\u00bbcenter\u00a0\u00bb background_layout=\u00a0\u00bbdark\u00a0\u00bb]<\/p>\n<h5>Sondes de niveau<\/h5>\n<p>[\/et_pb_text][\/et_pb_column][\/et_pb_row][\/et_pb_section][et_pb_section fb_built=\u00a0\u00bb1&Prime; _builder_version=\u00a0\u00bb3.22.7&Prime; locked=\u00a0\u00bboff\u00a0\u00bb][et_pb_row _builder_version=\u00a0\u00bb3.22.7&Prime;][et_pb_column type=\u00a0\u00bb1_4&Prime; _builder_version=\u00a0\u00bb3.22.7&Prime;][et_pb_sidebar _builder_version=\u00a0\u00bb3.22.7&Prime;][\/et_pb_sidebar][\/et_pb_column][et_pb_column type=\u00a0\u00bb1_2&Prime; _builder_version=\u00a0\u00bb3.22.7&Prime;][et_pb_shop type=\u00a0\u00bbproduct_category\u00a0\u00bb include_categories=\u00a0\u00bb51&Prime; columns_number=\u00a0\u00bb3&Prime; _builder_version=\u00a0\u00bb3.22.7&Prime; title_font=\u00a0\u00bb||||||||\u00a0\u00bb title_font_size=\u00a0\u00bb18px\u00a0\u00bb][\/et_pb_shop][\/et_pb_column][et_pb_column type=\u00a0\u00bb1_4&Prime; _builder_version=\u00a0\u00bb3.22.7&Prime;][et_pb_text _builder_version=\u00a0\u00bb3.22.7&Prime; text_font=\u00a0\u00bb||||||||\u00a0\u00bb text_line_height=\u00a0\u00bb1.4em\u00a0\u00bb ul_font=\u00a0\u00bb||||||||\u00a0\u00bb ul_line_height=\u00a0\u00bb1.4em\u00a0\u00bb header_font=\u00a0\u00bb||||||||\u00a0\u00bb header_6_font=\u00a0\u00bb||||||||\u00a0\u00bb header_6_line_height=\u00a0\u00bb1.2em\u00a0\u00bb]<\/p>\n<h6>Cabeco con\u00e7oit, fabrique et commercialise des capteurs de niveau &#8211; de contr\u00f4le du niveau &#8211; pour mesurer le niveau dans les r\u00e9servoirs de carburant, les huiles, les gaz liqu\u00e9fi\u00e9s (GPL) et tout autre liquide pouvant \u00eatre mesur\u00e9 \u00e0 l&rsquo;aide d&rsquo;un flotteur..<\/h6>\n<p>Quand il s&rsquo;agit de <strong>capteurs de niveau<\/strong> electronic, qui permet de commuter les ampoules \u00e0 travers un champ magn\u00e9tique incorpor\u00e9 dans le flotteur, est un instrument de pr\u00e9cision extr\u00eamement fiable, robuste et pr\u00eat \u00e0 \u00eatre install\u00e9 \u00e0 l\u2019ext\u00e9rieur.<\/p>\n<p>Tous nos <strong>capteurs de niveau<\/strong> \u2013 contr\u00f4le du niveau de liquide &#8211; ils ont les approbations et certifications ATEX requises par la loi et nous nous adaptons aux besoins de nos clients afin que, malgr\u00e9 l&rsquo;existence de sondes standard dans notre catalogue, nous puissions concevoir<strong>contr\u00f4le du niveau de liquide<\/strong> de diff\u00e9rentes mesures ou lectures sp\u00e9cifiques, telles que la temp\u00e9rature ou le niveau d&rsquo;eau dans les carburants liquides.<\/p>\n<p>Merci \u00e0 la haute qualit\u00e9 de nos <strong>capteurs de niveau<\/strong> et son contr\u00f4le de qualit\u00e9 rigoureux, Cabeco est fier de compter parmi ses clients d\u2019importantes entreprises multinationales. Cette exigence est ce qui nous permet d\u2019avoir des \u00e9quipes de <strong>contr\u00f4le du niveau de liquide<\/strong> avec la plus grande fiabilit\u00e9 du march\u00e9.<\/p>\n<p>Nos capteurs de niveau permettent de mesurer entre autres:<\/p>\n<ul>\n<li> Contr\u00f4le du niveau d&rsquo;eau <\/ li>\n<li> Contr\u00f4le du niveau d&rsquo;huile <\/ li>\n<li> Contr\u00f4le du niveau de carburant <\/ li>\n<li> Contr\u00f4le du niveau de GPL et des gaz liqu\u00e9fi\u00e9s <\/ li>\n<li> Contr\u00f4le du niveau d&rsquo;Adblue <\/ li>\n<\/ul>\n<p>Avez-vous besoin d&rsquo;un projet de contr\u00f4le de niveau de liquide personnalis\u00e9? S&rsquo;il vous pla\u00eet contactez-nous, nous avons une r\u00e9ponse appropri\u00e9e \u00e0 vos besoins.<\/p>\n<p>[\/et_pb_text][\/et_pb_column][\/et_pb_row][\/et_pb_section]<\/p>\n","protected":false},"excerpt":{"rendered":"<p>Sondes de niveauCabeco con\u00e7oit, fabrique et commercialise des capteurs de niveau &#8211; de contr\u00f4le du niveau &#8211; pour mesurer le niveau dans les r\u00e9servoirs de carburant, les huiles, les gaz liqu\u00e9fi\u00e9s (GPL) et tout autre liquide pouvant \u00eatre mesur\u00e9 \u00e0 l&rsquo;aide d&rsquo;un flotteur.. Quand il s&rsquo;agit de capteurs de niveau electronic, qui permet de commuter [&hellip;]<\/p>\n","protected":false},"author":1,"featured_media":0,"parent":970,"menu_order":2,"comment_status":"closed","ping_status":"closed","template":"","meta":{"_et_pb_use_builder":"on","_et_pb_old_content":"","_et_gb_content_width":""},"_links":{"self":[{"href":"https:\/\/cabeco.es\/fr\/wp-json\/wp\/v2\/pages\/977"}],"collection":[{"href":"https:\/\/cabeco.es\/fr\/wp-json\/wp\/v2\/pages"}],"about":[{"href":"https:\/\/cabeco.es\/fr\/wp-json\/wp\/v2\/types\/page"}],"author":[{"embeddable":true,"href":"https:\/\/cabeco.es\/fr\/wp-json\/wp\/v2\/users\/1"}],"replies":[{"embeddable":true,"href":"https:\/\/cabeco.es\/fr\/wp-json\/wp\/v2\/comments?post=977"}],"version-history":[{"count":7,"href":"https:\/\/cabeco.es\/fr\/wp-json\/wp\/v2\/pages\/977\/revisions"}],"predecessor-version":[{"id":1313,"href":"https:\/\/cabeco.es\/fr\/wp-json\/wp\/v2\/pages\/977\/revisions\/1313"}],"up":[{"embeddable":true,"href":"https:\/\/cabeco.es\/fr\/wp-json\/wp\/v2\/pages\/970"}],"wp:attachment":[{"href":"https:\/\/cabeco.es\/fr\/wp-json\/wp\/v2\/media?parent=977"}],"curies":[{"name":"wp","href":"https:\/\/api.w.org\/{rel}","templated":true}]}}