{"id":981,"date":"2019-07-25T21:44:18","date_gmt":"2019-07-25T21:44:18","guid":{"rendered":"http:\/\/cabeco.es\/?page_id=981"},"modified":"2019-10-21T11:14:54","modified_gmt":"2019-10-21T11:14:54","slug":"infladores","status":"publish","type":"page","link":"https:\/\/cabeco.es\/fr\/productos\/infladores\/","title":{"rendered":"Gonfleurs"},"content":{"rendered":"<p>[et_pb_section fb_built=\u00a0\u00bb1&Prime; _builder_version=\u00a0\u00bb3.22.7&Prime; background_image=\u00a0\u00bbhttp:\/\/cabeco.es\/wp-content\/uploads\/2019\/10\/slide_02-1024&#215;320.jpg\u00a0\u00bb custom_padding=\u00a0\u00bb100px||100px||true\u00a0\u00bb locked=\u00a0\u00bboff\u00a0\u00bb][et_pb_row _builder_version=\u00a0\u00bb3.22.7&Prime;][et_pb_column type=\u00a0\u00bb4_4&Prime; _builder_version=\u00a0\u00bb3.22.7&Prime;][et_pb_text _builder_version=\u00a0\u00bb3.22.7&Prime; text_font=\u00a0\u00bb||||||||\u00a0\u00bb header_font=\u00a0\u00bb||||||||\u00a0\u00bb header_3_font=\u00a0\u00bb||||||||\u00a0\u00bb header_3_font_size=\u00a0\u00bb28px\u00a0\u00bb header_5_font=\u00a0\u00bb|||on|||||\u00a0\u00bb header_5_font_size=\u00a0\u00bb32px\u00a0\u00bb text_orientation=\u00a0\u00bbcenter\u00a0\u00bb background_layout=\u00a0\u00bbdark\u00a0\u00bb]<\/p>\n<h5>Gonfleurs<\/h5>\n<p>[\/et_pb_text][\/et_pb_column][\/et_pb_row][\/et_pb_section][et_pb_section fb_built=\u00a0\u00bb1&Prime; _builder_version=\u00a0\u00bb3.22.7&Prime; locked=\u00a0\u00bboff\u00a0\u00bb][et_pb_row _builder_version=\u00a0\u00bb3.22.7&Prime;][et_pb_column type=\u00a0\u00bb1_4&Prime; _builder_version=\u00a0\u00bb3.22.7&Prime;][et_pb_sidebar _builder_version=\u00a0\u00bb3.22.7&Prime;][\/et_pb_sidebar][\/et_pb_column][et_pb_column type=\u00a0\u00bb1_2&Prime; _builder_version=\u00a0\u00bb3.22.7&Prime;][et_pb_shop type=\u00a0\u00bbproduct_category\u00a0\u00bb include_categories=\u00a0\u00bb48&Prime; columns_number=\u00a0\u00bb3&Prime; _builder_version=\u00a0\u00bb3.22.7&Prime; title_font=\u00a0\u00bb||||||||\u00a0\u00bb title_font_size=\u00a0\u00bb18px\u00a0\u00bb][\/et_pb_shop][\/et_pb_column][et_pb_column type=\u00a0\u00bb1_4&Prime; _builder_version=\u00a0\u00bb3.22.7&Prime;][et_pb_text _builder_version=\u00a0\u00bb3.22.7&Prime; text_font=\u00a0\u00bb||||||||\u00a0\u00bb text_line_height=\u00a0\u00bb1.2em\u00a0\u00bb ul_font=\u00a0\u00bb||||||||\u00a0\u00bb ul_line_height=\u00a0\u00bb1.2em\u00a0\u00bb header_font=\u00a0\u00bb||||||||\u00a0\u00bb header_6_font=\u00a0\u00bb||||||||\u00a0\u00bb header_6_line_height=\u00a0\u00bb1.2em\u00a0\u00bb]<\/p>\n<h6>La gamme Cabeco Inflator garantit la solution id\u00e9ale pour un gonflage des pneus s\u00fbr et fiable. Nos \u00e9quipements a\u00e9riens se caract\u00e9risent par leur pr\u00e9cision et leur robustesse. Plus de 40 ans sur le march\u00e9 offrant des produits de qualit\u00e9 nous soutiennent.<\/h6>\n<p>Le fait de porter les roues du m\u00eame essieu avec des pressions diff\u00e9rentes a un impact n\u00e9gatif sur la conduite, produisant des d\u00e9rives dans la direction pendant la marche et le freinage, ce qui provoque une plus grande fatigue en conduisant, augmentant le risque d&rsquo;accident.<\/p>\n<p>De m\u00eame, une pression insuffisante sur les roues entra\u00eene une plus grande usure des roues et donc une consommation de carburant plus \u00e9lev\u00e9e.<\/p>\n<p>Les \u00e9quipements Gonfleurs &#8211; Equilibrage CABECO, r\u00e9alisent un \u00e9quilibrage automatique de la pression dans les roues gr\u00e2ce aux clapets, aux extr\u00e9mit\u00e9s des flexibles, sp\u00e9cialement con\u00e7us pour permettre la libre circulation de l&rsquo;air \u00e0 travers celles-ci lors de leur connexion aux roues, et le blocage le passage de celui-ci, au moment o\u00f9 ils sont extraits. Cela permet d&rsquo;une part de gonfler des roues avec un seul des flexibles, comme ce serait le cas avec les motos, et de pouvoir les connecter aux deux roues du m\u00eame essieu d&rsquo;une voiture, sans les d\u00e9gonfler au moment de seulement connect\u00e9 et sans avoir \u00e0 manipuler aucun robinet li\u00e9 \u00e0 l&rsquo;\u00e9quipement. C\u2019est pour cette raison que, dans le cas o\u00f9 il serait n\u00e9cessaire de remplacer une des vannes us\u00e9es ou cass\u00e9es, il est imp\u00e9ratif qu\u2019elle soit du m\u00eame type. <\/ P><\/p>\n<p> L\u2019\u00e9quilibrage de la pression est obtenu gr\u00e2ce au fait que les deux flexibles sont raccord\u00e9s \u00e0 l\u2019int\u00e9rieur de l\u2019\u00e9quipement et que ces derniers sont reli\u00e9s \u00e0 l\u2019instrument indicateur ainsi qu\u2019aux soupapes de gonflage et de d\u00e9gonflage. Cela provoque l\u2019\u00e9galisation de la pression sur les deux roues, celle qui est mesur\u00e9e \u00e0 tout moment, celle \u00e0 l\u2019int\u00e9rieur du circuit pneumatique. <\/ P><\/p>\n<p> Les \u00e9quipements CABECO air peuvent \u00eatre install\u00e9s dans tout lieu o\u00f9 il est n\u00e9cessaire de contr\u00f4ler la pression de gonflage des roues des v\u00e9hicules \u00e0 moteur. <\/ p><\/p>\n<ul>\n<li> STATIONS DE SERVICE (stations-service) <\/ li>\n<li> TUNNELS DE LAVAGE <\/ li>\n<li> GARAGES PUBLICS (parking) <\/ li>\n<li> SERVICES DE PNEUS <\/ li>\n<li> ATELIERS M\u00c9CANIQUES <\/ li><br \/>\n<\/ ul><\/p>\n<p> De plus, comme indiqu\u00e9 ci-dessous, notre client peut configurer son \u00e9quilibreur-gonfleur en fonction de ses besoins: <\/ p><\/p>\n<ul>\n<li> Vous pouvez choisir entre du mat\u00e9riel peint en \u00e9poxy Queen ou enti\u00e8rement fabriqu\u00e9 en acier inoxydable. <\/ li>\n<li> Gonfleurs avec compresseur int\u00e9gr\u00e9. <\/ li>\n<li> \u00c9quilibreur \u00e0 deux tuyaux, deux spirales ou deux bobines. <\/ li>\n<li> \u00c9quipement avec alimentation en eau (\u00e9quipement air-eau). <\/ li>\n<li> Gonfleurs avec service pr\u00e9pay\u00e9. <\/ li><br \/>\n<\/ ul>[\/et_pb_text][\/et_pb_column][\/et_pb_row][\/et_pb_section]<\/p>\n","protected":false},"excerpt":{"rendered":"<p>GonfleursLa gamme Cabeco Inflator garantit la solution id\u00e9ale pour un gonflage des pneus s\u00fbr et fiable. Nos \u00e9quipements a\u00e9riens se caract\u00e9risent par leur pr\u00e9cision et leur robustesse. Plus de 40 ans sur le march\u00e9 offrant des produits de qualit\u00e9 nous soutiennent. Le fait de porter les roues du m\u00eame essieu avec des pressions diff\u00e9rentes a [&hellip;]<\/p>\n","protected":false},"author":1,"featured_media":0,"parent":970,"menu_order":3,"comment_status":"closed","ping_status":"closed","template":"","meta":{"_et_pb_use_builder":"on","_et_pb_old_content":"","_et_gb_content_width":""},"_links":{"self":[{"href":"https:\/\/cabeco.es\/fr\/wp-json\/wp\/v2\/pages\/981"}],"collection":[{"href":"https:\/\/cabeco.es\/fr\/wp-json\/wp\/v2\/pages"}],"about":[{"href":"https:\/\/cabeco.es\/fr\/wp-json\/wp\/v2\/types\/page"}],"author":[{"embeddable":true,"href":"https:\/\/cabeco.es\/fr\/wp-json\/wp\/v2\/users\/1"}],"replies":[{"embeddable":true,"href":"https:\/\/cabeco.es\/fr\/wp-json\/wp\/v2\/comments?post=981"}],"version-history":[{"count":8,"href":"https:\/\/cabeco.es\/fr\/wp-json\/wp\/v2\/pages\/981\/revisions"}],"predecessor-version":[{"id":1303,"href":"https:\/\/cabeco.es\/fr\/wp-json\/wp\/v2\/pages\/981\/revisions\/1303"}],"up":[{"embeddable":true,"href":"https:\/\/cabeco.es\/fr\/wp-json\/wp\/v2\/pages\/970"}],"wp:attachment":[{"href":"https:\/\/cabeco.es\/fr\/wp-json\/wp\/v2\/media?parent=981"}],"curies":[{"name":"wp","href":"https:\/\/api.w.org\/{rel}","templated":true}]}}