{"id":1198,"date":"2019-07-16T13:48:07","date_gmt":"2019-07-16T13:48:07","guid":{"rendered":"http:\/\/cabeco.es\/producto\/gonfleur-aig-h-1-o-monobloc-digital\/"},"modified":"2019-07-30T20:52:03","modified_gmt":"2019-07-30T20:52:03","slug":"gonfleur-aig-h-1-o-monobloc-digital","status":"publish","type":"product","link":"https:\/\/cabeco.es\/fr\/producto\/gonfleur-aig-h-1-o-monobloc-digital\/","title":{"rendered":"Gonfleur num\u00e9rique AIG-H 1 O MONOBLOC"},"content":{"rendered":"<p>Pour l\u2019alimentation en air, il est \u00e9quip\u00e9 d\u2019une vanne CABECO sp\u00e9ciale et d\u2019un manom\u00e8tre du type P.C.L. mod .: Wallair, encadr\u00e9 avec un support en acier inoxydable \u00e0 haute r\u00e9sistance, offrant une grande visibilit\u00e9, selon les normes CE, et adapt\u00e9 aux v\u00e9hicules l\u00e9gers et lourds, pression maximale 10 bars.<\/p>\n<p>L\u2019approvisionnement en eau se fait au moyen d\u2019un pistolet sp\u00e9cial pour radiateurs.<\/p>\n<p>Les prises d\u2019admission pour AIR et WATER sont dispos\u00e9es de mani\u00e8re interne \u00e0 l\u2019aide de robinets 1\/2 \u00ab\u00a0et d\u2019un filtre de purge pour AIR.<\/p>\n<p>Equipement en option:<br \/>\nIl existe un mod\u00e8le avec compresseur de 8 bars int\u00e9gr\u00e9 dans l&rsquo;armoire, mod\u00e8le: AIG-H10-C.<br \/>\nIl existe deux versions de corps:<\/p>\n<ul>\n<li>Acier peint \u00e9poxy<\/li>\n<li>Acier inoxydable bross\u00e9<\/li>\n<p><img loading=\"lazy\" src=\"http:\/\/cabeco.es\/wp-content\/uploads\/2019\/07\/Image-221-300x88.png\" alt=\"\" width=\"300\" height=\"88\" class=\"alignnone size-medium wp-image-757\" srcset=\"https:\/\/cabeco.es\/wp-content\/uploads\/2019\/07\/Image-221-300x88.png 300w, https:\/\/cabeco.es\/wp-content\/uploads\/2019\/07\/Image-221-600x176.png 600w, https:\/\/cabeco.es\/wp-content\/uploads\/2019\/07\/Image-221.png 668w\" sizes=\"(max-width: 300px) 100vw, 300px\" \/><\/p>\n","protected":false},"excerpt":{"rendered":"<div>Equipement compact, mont\u00e9 dans une armoire m\u00e9tallique (*), avec acc\u00e8s \u00e0 tous les composants par la porte arri\u00e8re.<\/div>\n<div><\/div>\n<div>L&rsquo;\u00e9quipe est compos\u00e9e de deux moulinets int\u00e9rieurs de haute qualit\u00e9 avec 8 m\u00e8tres. de tuyau chacun, pour l&rsquo;alimentation en air et en eau<\/div>\n","protected":false},"featured_media":772,"template":"","meta":{"_et_pb_use_builder":"off","_et_pb_old_content":"","_et_gb_content_width":""},"product_cat":[48],"product_tag":[],"_links":{"self":[{"href":"https:\/\/cabeco.es\/fr\/wp-json\/wp\/v2\/product\/1198"}],"collection":[{"href":"https:\/\/cabeco.es\/fr\/wp-json\/wp\/v2\/product"}],"about":[{"href":"https:\/\/cabeco.es\/fr\/wp-json\/wp\/v2\/types\/product"}],"wp:featuredmedia":[{"embeddable":true,"href":"https:\/\/cabeco.es\/fr\/wp-json\/wp\/v2\/media\/772"}],"wp:attachment":[{"href":"https:\/\/cabeco.es\/fr\/wp-json\/wp\/v2\/media?parent=1198"}],"wp:term":[{"taxonomy":"product_cat","embeddable":true,"href":"https:\/\/cabeco.es\/fr\/wp-json\/wp\/v2\/product_cat?post=1198"},{"taxonomy":"product_tag","embeddable":true,"href":"https:\/\/cabeco.es\/fr\/wp-json\/wp\/v2\/product_tag?post=1198"}],"curies":[{"name":"wp","href":"https:\/\/api.w.org\/{rel}","templated":true}]}}