{"id":1199,"date":"2019-07-16T13:11:30","date_gmt":"2019-07-16T13:11:30","guid":{"rendered":"http:\/\/cabeco.es\/producto\/inflateur-400-tp-c1a-digita\/"},"modified":"2019-07-30T21:13:31","modified_gmt":"2019-07-30T21:13:31","slug":"inflateur-400-tp-c1a-digita","status":"publish","type":"product","link":"https:\/\/cabeco.es\/fr\/producto\/inflateur-400-tp-c1a-digita\/","title":{"rendered":"Gonfleur 400 TP \/ C1A &#8211; NUM\u00c9RIQUE"},"content":{"rendered":"<p>Il existe une version qui int\u00e8gre \u00e9galement une spirale avec Service EAU, dans la m\u00eame colonne et robinet externe, pour plus de s\u00e9curit\u00e9 en cas de panne.<\/p>\n<p>400TR-W (manom\u00e8tre analogique)<br \/>\n400TR-DG (manom\u00e8tre num\u00e9rique)<\/p>\n<p>Montage avec fixation au sol:<br \/>\nAvec des tuyaux:<br \/>\nAvec seulement Air: -C1 \/ A1<br \/>\nAvec de l&rsquo;air et de l&rsquo;eau: -C1 \/ B1<br \/>\nAvec enrouleur:<br \/>\nAvec seulement Air: -C2 \/ A1<br \/>\nAvec air et eau: -C2 \/ B1<br \/>\nVersion \/ CO: Equipement avec fixation murale<\/p>\n<p>Exemple: Si nous choisissons le mod\u00e8le analogique, avec 2 tuyaux, colonne et eau, sa r\u00e9f\u00e9rence serait: 400TR-W \/ C1B.<\/p>\n<p>Remarque: Dans tous les \u00e9quipements \u00e9quip\u00e9s de flexibles, ceux-ci peuvent \u00eatre remplac\u00e9s par un tube extensible en spirale de 8 m de long.<\/p>\n","protected":false},"excerpt":{"rendered":"<p>L&rsquo;\u00e9quipement de gonflage, mod\u00e8le 400TP \/ C1A num\u00e9rique con\u00e7u et fabriqu\u00e9 par Cabeco, S.A. C\u2019est un instrument de pr\u00e9cision de haute fiabilit\u00e9, robuste et pr\u00eat \u00e0 \u00eatre install\u00e9 \u00e0 l\u2019ext\u00e9rieur, il est con\u00e7u pour faciliter les op\u00e9rations de v\u00e9rification et de gonflage des pneus dans les v\u00e9hicules automobiles.<\/p>\n<p>L&rsquo;\u00e9quipe se compose d&rsquo;une s\u00e9rie de composants de haute qualit\u00e9 tels que:<\/p>\n<ul>\n<li>MANOM\u00c8TRE NUM\u00c9RIQUE (Version 400TR-DG) avec des chiffres de 25mm de haut et approuv\u00e9 selon les normes CE,<br \/>\navec mesure jusqu&rsquo;\u00e0 10 bars avec sauts de 0,01 bar.<\/li>\n<li>LOGEMENT en acier trait\u00e9 avec cataphor\u00e8se et peinture \u00e9poxy, pour une excellente r\u00e9sistance aux agressions environnementales.<\/li>\n<li>BOUTON-POUSSOIR, \u00e9quip\u00e9 de chambres pneumatiques, qui permettent d&rsquo;augmenter ou de diminuer facilement la pression.<\/li>\n<li>MANGUERAS extensible, nylon spiral\u00e9 jusqu\u2019\u00e0 7 m\u00e8tres. longueur, avec attelage pour le raccordement aux valves des pneus.<\/li>\n<\/ul>\n","protected":false},"featured_media":766,"template":"","meta":{"_et_pb_use_builder":"off","_et_pb_old_content":"","_et_gb_content_width":""},"product_cat":[48],"product_tag":[],"_links":{"self":[{"href":"https:\/\/cabeco.es\/fr\/wp-json\/wp\/v2\/product\/1199"}],"collection":[{"href":"https:\/\/cabeco.es\/fr\/wp-json\/wp\/v2\/product"}],"about":[{"href":"https:\/\/cabeco.es\/fr\/wp-json\/wp\/v2\/types\/product"}],"wp:featuredmedia":[{"embeddable":true,"href":"https:\/\/cabeco.es\/fr\/wp-json\/wp\/v2\/media\/766"}],"wp:attachment":[{"href":"https:\/\/cabeco.es\/fr\/wp-json\/wp\/v2\/media?parent=1199"}],"wp:term":[{"taxonomy":"product_cat","embeddable":true,"href":"https:\/\/cabeco.es\/fr\/wp-json\/wp\/v2\/product_cat?post=1199"},{"taxonomy":"product_tag","embeddable":true,"href":"https:\/\/cabeco.es\/fr\/wp-json\/wp\/v2\/product_tag?post=1199"}],"curies":[{"name":"wp","href":"https:\/\/api.w.org\/{rel}","templated":true}]}}