{"id":1200,"date":"2019-07-03T09:37:51","date_gmt":"2019-07-03T09:37:51","guid":{"rendered":"http:\/\/cabeco.es\/producto\/capteurs-de-niveau-cnd3000-for-glp\/"},"modified":"2019-07-30T21:22:01","modified_gmt":"2019-07-30T21:22:01","slug":"capteurs-de-niveau-cnd3000-for-glp","status":"publish","type":"product","link":"https:\/\/cabeco.es\/fr\/producto\/capteurs-de-niveau-cnd3000-for-glp\/","title":{"rendered":"Capteurs de niveau CND3000 pour GPL"},"content":{"rendered":"<p>L&rsquo;\u00e9quipement consiste en une t\u00eate rectangulaire avec couvercle transparent en polycarbonate charg\u00e9 de fibre de verre et d&rsquo;une gaine en acier inoxydable le long de laquelle flotte un flotteur con\u00e7u pour r\u00e9sister aux pressions \u00e9lev\u00e9es et aux produits chimiques.<br \/>\nLa gaine contient un circuit magn\u00e9tique \u00e0 l&rsquo;int\u00e9rieur qui, lorsqu&rsquo;il est ferm\u00e9 par le passage d&rsquo;un aimant plac\u00e9 dans le flotteur, permet une lecture pr\u00e9cise du niveau du r\u00e9servoir. Les informations de niveau peuvent \u00eatre lues \u00e0 tout moment \u00e0 l&rsquo;aide d&rsquo;un \u00e9cran de visualisation install\u00e9 dans la t\u00eate. La fixation au r\u00e9servoir se fait au moyen d&rsquo;une bride JR ou d&rsquo;une plaque 8\u00b4\u00b4. Les composants \u00e9lectroniques n\u00e9cessaires au traitement du signal sont situ\u00e9s dans la t\u00eate et fournissent les informations suivantes:<\/p>\n<ul>\n<li>VISUAL: Mediante una pantalla de cristal l\u00edquido en la que se indica nivel del tanque en porcentaje.<\/li>\n<li>ELECTRICAL: Par un signal de courant de 4 \u00e0 20 milliamp\u00e8res qui sera fonction du pourcentage de remplissage.<\/li>\n<li>TELECOMMANDE: \u00e0 l&rsquo;aide d&rsquo;un appareil de t\u00e9l\u00e9mesure ou de t\u00e9l\u00e9mesure externe Cabeco int\u00e9gr\u00e9 \u00e0 la variante CND3000TG, les informations sur le pourcentage de remplissage du r\u00e9servoir peuvent \u00eatre captur\u00e9es et envoy\u00e9es sous forme de message texte par SMS ou Internet (GPRS).<\/li>\n<\/ul>\n","protected":false},"excerpt":{"rendered":"<p>Les capteurs de niveau CND 3000, con\u00e7us et fabriqu\u00e9s par Cabeco S.A, sont des instruments de pr\u00e9cision d&rsquo;une grande fiabilit\u00e9, robustes et pr\u00eats \u00e0 \u00eatre install\u00e9s \u00e0 l&rsquo;ext\u00e9rieur. L&rsquo;\u00e9quipement a \u00e9t\u00e9 con\u00e7u pour faciliter les op\u00e9rations de mesure de niveau des r\u00e9servoirs de carburant, des gaz liqu\u00e9fi\u00e9s (G.L.P) et de tout autre liquide pouvant \u00eatre mesur\u00e9 au moyen d&rsquo;un flotteur. Pour cela, il dispose des agr\u00e9ments et des certifications II \u00bd G Ex ia IIB T4, \u00e0 s\u00e9curit\u00e9 intrins\u00e8que, dans des atmosph\u00e8res explosives. Certificat de type LOM 03atex2151 x.<\/p>\n","protected":false},"featured_media":1098,"template":"","meta":{"_et_pb_use_builder":"off","_et_pb_old_content":"","_et_gb_content_width":""},"product_cat":[51],"product_tag":[],"_links":{"self":[{"href":"https:\/\/cabeco.es\/fr\/wp-json\/wp\/v2\/product\/1200"}],"collection":[{"href":"https:\/\/cabeco.es\/fr\/wp-json\/wp\/v2\/product"}],"about":[{"href":"https:\/\/cabeco.es\/fr\/wp-json\/wp\/v2\/types\/product"}],"wp:featuredmedia":[{"embeddable":true,"href":"https:\/\/cabeco.es\/fr\/wp-json\/wp\/v2\/media\/1098"}],"wp:attachment":[{"href":"https:\/\/cabeco.es\/fr\/wp-json\/wp\/v2\/media?parent=1200"}],"wp:term":[{"taxonomy":"product_cat","embeddable":true,"href":"https:\/\/cabeco.es\/fr\/wp-json\/wp\/v2\/product_cat?post=1200"},{"taxonomy":"product_tag","embeddable":true,"href":"https:\/\/cabeco.es\/fr\/wp-json\/wp\/v2\/product_tag?post=1200"}],"curies":[{"name":"wp","href":"https:\/\/api.w.org\/{rel}","templated":true}]}}