{"id":1201,"date":"2019-07-03T09:29:57","date_gmt":"2019-07-03T09:29:57","guid":{"rendered":"http:\/\/cabeco.es\/producto\/logiciel-de-controle-en-ligne-pour-reservoirs-de-glp\/"},"modified":"2019-07-31T06:06:26","modified_gmt":"2019-07-31T06:06:26","slug":"logiciel-de-controle-en-ligne-pour-reservoirs-de-glp","status":"publish","type":"product","link":"https:\/\/cabeco.es\/fr\/producto\/logiciel-de-controle-en-ligne-pour-reservoirs-de-glp\/","title":{"rendered":"Logiciel de contr\u00f4le en ligne pour les r\u00e9servoirs de GPL"},"content":{"rendered":"<p>Grandes ventajas<\/p>\n<ul>\n<li>Contr\u00f4le total du parc des installations<\/li>\n<li>Affichage rapide et intuitif des incidents, des alarmes et des demandes de remplissage.<\/li>\n<li>Aviso inmediato de alarmas de nivel y tensi\u00f3n cat\u00f3dica<\/li>\n<li>Alerte imm\u00e9diate des alarmes de niveau et de tension cathodique<\/li>\n<li>D\u00e9tection intelligente et automatique des incidents<\/li>\n<li>Gestion de la maintenance des fluides<\/li>\n<li>Remplir la planification affich\u00e9e sur Google Maps. Support en ligne.<\/li>\n<\/ul>\n","protected":false},"excerpt":{"rendered":"<p>GIGAZ est un puissant logiciel de contr\u00f4le en ligne qui vous permettra de contr\u00f4ler avec pr\u00e9cision le niveau de chaque r\u00e9servoir.<br \/>\nNotre logiciel a \u00e9t\u00e9 con\u00e7u pour contr\u00f4ler toutes les variables pr\u00e9sentes dans les parcs d&rsquo;installations GPL. Acc\u00e9dez aux informations de vos r\u00e9servoirs via Internet depuis n\u2019importe quel endroit, gr\u00e2ce \u00e0 une interface conviviale et ergonomique con\u00e7ue exclusivement pour votre entreprise.Optimisez les r\u00e9seaux de distribution gr\u00e2ce \u00e0 l\u2019outil de pr\u00e9vision de remplissage.<\/p>\n","protected":false},"featured_media":1100,"template":"","meta":{"_et_pb_use_builder":"off","_et_pb_old_content":"","_et_gb_content_width":""},"product_cat":[51],"product_tag":[],"_links":{"self":[{"href":"https:\/\/cabeco.es\/fr\/wp-json\/wp\/v2\/product\/1201"}],"collection":[{"href":"https:\/\/cabeco.es\/fr\/wp-json\/wp\/v2\/product"}],"about":[{"href":"https:\/\/cabeco.es\/fr\/wp-json\/wp\/v2\/types\/product"}],"wp:featuredmedia":[{"embeddable":true,"href":"https:\/\/cabeco.es\/fr\/wp-json\/wp\/v2\/media\/1100"}],"wp:attachment":[{"href":"https:\/\/cabeco.es\/fr\/wp-json\/wp\/v2\/media?parent=1201"}],"wp:term":[{"taxonomy":"product_cat","embeddable":true,"href":"https:\/\/cabeco.es\/fr\/wp-json\/wp\/v2\/product_cat?post=1201"},{"taxonomy":"product_tag","embeddable":true,"href":"https:\/\/cabeco.es\/fr\/wp-json\/wp\/v2\/product_tag?post=1201"}],"curies":[{"name":"wp","href":"https:\/\/api.w.org\/{rel}","templated":true}]}}