{"id":1202,"date":"2019-07-03T09:25:08","date_gmt":"2019-07-03T09:25:08","guid":{"rendered":"http:\/\/cabeco.es\/producto\/avizor-control-of-glp-domestic-commercial-level\/"},"modified":"2019-08-01T04:08:48","modified_gmt":"2019-08-01T04:08:48","slug":"avizor-control-of-glp-domestic-commercial-level","status":"publish","type":"product","link":"https:\/\/cabeco.es\/fr\/producto\/avizor-control-of-glp-domestic-commercial-level\/","title":{"rendered":"AVIZOR: NIvel LPG Control Domestique \/ Commercial"},"content":{"rendered":"<p>Le message d&rsquo;alarme reste pendant une minute et s&rsquo;il n&rsquo;est pas annul\u00e9 en appuyant sur le bouton situ\u00e9 \u00e0 l&rsquo;avant du module, un avertissement est de nouveau affich\u00e9 apr\u00e8s 30 minutes.<\/p>\n<p>Il int\u00e8gre \u00e9galement un affichage \u00e0 3 \u00bd chiffres o\u00f9 le niveau exact du d\u00e9p\u00f4t sera affich\u00e9 lorsque le m\u00eame bouton est enfonc\u00e9 \u00e0 tout moment.<\/p>\n<p>Contr\u00f4lez facilement le niveau de gaz de votre maison. Le nouvel AVIZOR vous informera du niveau \u00e0 tout moment en temps r\u00e9el. Si le niveau de gaz tombe en dessous de 30%, AVIZOR activera une alarme sonore et visuelle afin que le contr\u00f4le de votre r\u00e9servoir soit une t\u00e2che confortable et s\u00fbre.<\/p>\n<ul>\n<li>Conna\u00eetre le niveau du r\u00e9servoir d&rsquo;un simple clic.<\/li>\n<li>Contr\u00f4le des mesures par radio<\/li>\n<li>Id\u00e9al pour les toits ou les zones difficiles \u00e0 atteindre <\/li>\n<li>Double avertissement sonore et lumineux intermittent.<\/li>\n<li>Option de commande t\u00e9l\u00e9phonique via GSM<\/li>\n<li>Compatible avec tous types de niveaux<\/li>\n","protected":false},"excerpt":{"rendered":"<p>Syst\u00e8me d&rsquo;alarme visuelle et sonore par fr\u00e9quence radio \u00e0 868 MHz pour les r\u00e9servoirs de carburant liquide.<\/p>\n<p>Compos\u00e9 de deux modules, l&rsquo;un plac\u00e9 sur le r\u00e9servoir qui transmet l&rsquo;information de la valeur du stock en pourcentage, et l&rsquo;autre situ\u00e9 \u00e0 l&rsquo;endroit le plus commode qui le signale au moyen d&rsquo;une DEL rouge de forte luminosit\u00e9 et d&rsquo;un bip intermittent lorsqu&rsquo;il descend en dessous de 30%.<\/p>\n","protected":false},"featured_media":1102,"template":"","meta":{"_et_pb_use_builder":"off","_et_pb_old_content":"","_et_gb_content_width":""},"product_cat":[51],"product_tag":[],"_links":{"self":[{"href":"https:\/\/cabeco.es\/fr\/wp-json\/wp\/v2\/product\/1202"}],"collection":[{"href":"https:\/\/cabeco.es\/fr\/wp-json\/wp\/v2\/product"}],"about":[{"href":"https:\/\/cabeco.es\/fr\/wp-json\/wp\/v2\/types\/product"}],"wp:featuredmedia":[{"embeddable":true,"href":"https:\/\/cabeco.es\/fr\/wp-json\/wp\/v2\/media\/1102"}],"wp:attachment":[{"href":"https:\/\/cabeco.es\/fr\/wp-json\/wp\/v2\/media?parent=1202"}],"wp:term":[{"taxonomy":"product_cat","embeddable":true,"href":"https:\/\/cabeco.es\/fr\/wp-json\/wp\/v2\/product_cat?post=1202"},{"taxonomy":"product_tag","embeddable":true,"href":"https:\/\/cabeco.es\/fr\/wp-json\/wp\/v2\/product_tag?post=1202"}],"curies":[{"name":"wp","href":"https:\/\/api.w.org\/{rel}","templated":true}]}}