{"id":1203,"date":"2019-07-03T09:19:02","date_gmt":"2019-07-03T09:19:02","guid":{"rendered":"http:\/\/cabeco.es\/producto\/capteurs-de-niveau-adblue\/"},"modified":"2019-08-01T04:10:29","modified_gmt":"2019-08-01T04:10:29","slug":"capteurs-de-niveau-adblue","status":"publish","type":"product","link":"https:\/\/cabeco.es\/fr\/producto\/capteurs-de-niveau-adblue\/","title":{"rendered":"Capteurs de niveau pour ADBLUE"},"content":{"rendered":"<p>La mesure est bas\u00e9e sur trois points de consigne: un minimum pour indiquer un besoin de recharge urgente, un moyen pour indiquer la possibilit\u00e9 d&rsquo;une recharge avec des restes ou une situation de pr\u00e9-alerte pour une prochaine recharge, et un maximum pour indiquer qu&rsquo;il a \u00e9t\u00e9 recharg\u00e9. . Il peut \u00e9galement \u00eatre configur\u00e9 pour effectuer des mesures de haute pr\u00e9cision (2%)<br \/>\nCes points activent des alarmes qui avertissent instantan\u00e9ment la soci\u00e9t\u00e9 de distribution ADBLUE afin qu\u2019elle puisse r\u00e9pondre aux besoins de son client. En m\u00eame temps, toutes les 48 heures, un rapport sur l&rsquo;\u00e9tat des points de consigne est envoy\u00e9 pour corroborer les alarmes et permettre un diagnostic \u00e9ventuel en cas de d\u00e9faillance du syst\u00e8me.<br \/>\nLa m\u00e9thode utilis\u00e9e pour envoyer les informations consiste \u00e0 envoyer de courts messages SMS.<br \/>\nL&rsquo;\u00e9quipe a les approbations et certifications:<\/p>\n<p>&#8211; II 1 \/ 2G Ex ia IIB T4, s\u00e9curit\u00e9 intrins\u00e8que, en atmosph\u00e8re explosible.<br \/>\n&#8211; Certificat de type LOM 03ATEX2151 X.<\/p>\n<p>L&rsquo;\u00e9quipement consiste en une t\u00eate rectangulaire en polycarbonate charg\u00e9 de fibre de verre, avec un couvercle transparent, et une gaine en PVC ou en INOX, avec un flotteur SPANSIL\u00ae, un mat\u00e9riau hautement r\u00e9sistant aux produits chimiques ou en INOX.<\/p>\n<p>La soumission au r\u00e9servoir se fait au moyen d&rsquo;une bride de quatre trous, bien qu&rsquo;elle puisse \u00eatre totalement personnalisable.<br \/>\nLes composants \u00e9lectroniques n\u00e9cessaires au traitement du signal fourni par la gaine sont situ\u00e9s dans la t\u00eate.<br \/>\nIl fonctionne de mani\u00e8re autonome avec une pile au lithium non rechargeable de 3,6 V et 14 Ah, de longue dur\u00e9e (environ 4 ans).<\/p>\n","protected":false},"excerpt":{"rendered":"<p>Les capteurs de niveau mod\u00e8le CND3000, con\u00e7us et fabriqu\u00e9s par Cabeco, S.A. Ils sont en version PVC ou INOX pour travailler \u00e0 la pression atmosph\u00e9rique, dans des r\u00e9servoirs contenant ADBLUE.<\/p>\n","protected":false},"featured_media":1104,"template":"","meta":{"_et_pb_use_builder":"off","_et_pb_old_content":"","_et_gb_content_width":""},"product_cat":[51],"product_tag":[],"_links":{"self":[{"href":"https:\/\/cabeco.es\/fr\/wp-json\/wp\/v2\/product\/1203"}],"collection":[{"href":"https:\/\/cabeco.es\/fr\/wp-json\/wp\/v2\/product"}],"about":[{"href":"https:\/\/cabeco.es\/fr\/wp-json\/wp\/v2\/types\/product"}],"wp:featuredmedia":[{"embeddable":true,"href":"https:\/\/cabeco.es\/fr\/wp-json\/wp\/v2\/media\/1104"}],"wp:attachment":[{"href":"https:\/\/cabeco.es\/fr\/wp-json\/wp\/v2\/media?parent=1203"}],"wp:term":[{"taxonomy":"product_cat","embeddable":true,"href":"https:\/\/cabeco.es\/fr\/wp-json\/wp\/v2\/product_cat?post=1203"},{"taxonomy":"product_tag","embeddable":true,"href":"https:\/\/cabeco.es\/fr\/wp-json\/wp\/v2\/product_tag?post=1203"}],"curies":[{"name":"wp","href":"https:\/\/api.w.org\/{rel}","templated":true}]}}