{"id":1204,"date":"2019-07-03T08:56:17","date_gmt":"2019-07-03T08:56:17","guid":{"rendered":"http:\/\/cabeco.es\/producto\/capteurs-de-niveau-cnd-3000-consommation-propre\/"},"modified":"2019-08-01T04:12:04","modified_gmt":"2019-08-01T04:12:04","slug":"capteurs-de-niveau-cnd-3000-consommation-propre","status":"publish","type":"product","link":"https:\/\/cabeco.es\/fr\/producto\/capteurs-de-niveau-cnd-3000-consommation-propre\/","title":{"rendered":"Consommation propre des capteurs de niveau CND 3000"},"content":{"rendered":"<p>La mesure est bas\u00e9e sur trois points de consigne: un minimum pour indiquer un besoin de recharge urgente, un moyen pour indiquer la possibilit\u00e9 d&rsquo;une recharge avec des restes ou une situation de pr\u00e9-alerte pour une prochaine recharge, et un maximum pour indiquer qu&rsquo;il a \u00e9t\u00e9 recharg\u00e9. .<br \/>\nCes points activent des alarmes qui informent instantan\u00e9ment l\u2019entreprise qui fournit le carburant afin de r\u00e9pondre aux besoins de ses clients. En m\u00eame temps, toutes les 48 heures, un rapport sur l&rsquo;\u00e9tat des points de consigne est envoy\u00e9 pour corroborer les alarmes et permettre un diagnostic \u00e9ventuel en cas de d\u00e9faillance du syst\u00e8me.<br \/>\nLa m\u00e9thode utilis\u00e9e pour envoyer les informations consiste \u00e0 envoyer de courts messages SMS.<br \/>\nL&rsquo;\u00e9quipe a les approbations et certifications:<\/p>\n<p>&#8211; II 1 \/ 2G Ex ia IIB T4, s\u00e9curit\u00e9 intrins\u00e8que, en atmosph\u00e8re explosible.<br \/>\n&#8211; Certificat de type LOM 03ATEX2151 X.<\/p>\n<p>L&rsquo;\u00e9quipement consiste en une t\u00eate rectangulaire en polycarbonate charg\u00e9 de fibre de verre avec couvercle transparent et d&rsquo;une gaine en PVC avec flotteur SPANSIL\u00ae, un mat\u00e9riau hautement r\u00e9sistant aux produits chimiques.<br \/>\nDans la gaine, les trois points sont mont\u00e9s au moyen d&rsquo;ampoules \u00e0 anche qui, lorsqu&rsquo;elles sont ferm\u00e9es par le passage de l&rsquo;aimant plac\u00e9 dans le flotteur, g\u00e9n\u00e8rent le signal qui active l&rsquo;alarme correspondante.<br \/>\nLa soumission au r\u00e9servoir se fait au moyen d&rsquo;une bride de quatre trous.<br \/>\nLes composants \u00e9lectroniques n\u00e9cessaires au traitement du signal fourni par la gaine sont situ\u00e9s dans la t\u00eate.<br \/>\nIl fonctionne de mani\u00e8re autonome avec une pile au lithium non rechargeable de 3,6 V et 14 Ah, qui dure longtemps.<\/p>\n","protected":false},"excerpt":{"rendered":"<p>Les capteurs de niveau mod\u00e8le CND3000, con\u00e7us et fabriqu\u00e9s par Cabeco, S.A., pour leur propre consommation de diesel, sont une version en PVC con\u00e7ue pour fonctionner \u00e0 la pression atmosph\u00e9rique dans des r\u00e9servoirs en plastique contenant de l\u2019eau, du diesel ou tout solvant ou solvant non corrosif.<\/p>\n","protected":false},"featured_media":1106,"template":"","meta":{"_et_pb_use_builder":"off","_et_pb_old_content":"","_et_gb_content_width":""},"product_cat":[51],"product_tag":[],"_links":{"self":[{"href":"https:\/\/cabeco.es\/fr\/wp-json\/wp\/v2\/product\/1204"}],"collection":[{"href":"https:\/\/cabeco.es\/fr\/wp-json\/wp\/v2\/product"}],"about":[{"href":"https:\/\/cabeco.es\/fr\/wp-json\/wp\/v2\/types\/product"}],"wp:featuredmedia":[{"embeddable":true,"href":"https:\/\/cabeco.es\/fr\/wp-json\/wp\/v2\/media\/1106"}],"wp:attachment":[{"href":"https:\/\/cabeco.es\/fr\/wp-json\/wp\/v2\/media?parent=1204"}],"wp:term":[{"taxonomy":"product_cat","embeddable":true,"href":"https:\/\/cabeco.es\/fr\/wp-json\/wp\/v2\/product_cat?post=1204"},{"taxonomy":"product_tag","embeddable":true,"href":"https:\/\/cabeco.es\/fr\/wp-json\/wp\/v2\/product_tag?post=1204"}],"curies":[{"name":"wp","href":"https:\/\/api.w.org\/{rel}","templated":true}]}}