{"id":1205,"date":"2019-07-03T08:46:21","date_gmt":"2019-07-03T08:46:21","guid":{"rendered":"http:\/\/cabeco.es\/producto\/capteurs-de-niveau-cnd3000tg-for-glp\/"},"modified":"2019-08-01T04:18:03","modified_gmt":"2019-08-01T04:18:03","slug":"capteurs-de-niveau-cnd3000tg-for-glp","status":"publish","type":"product","link":"https:\/\/cabeco.es\/fr\/producto\/capteurs-de-niveau-cnd3000tg-for-glp\/","title":{"rendered":"Capteurs de niveau CND3000TG pour GPL"},"content":{"rendered":"\n<li>T\u00e9l\u00e9m\u00e9trie int\u00e9gr\u00e9e<\/li>\n<li>Mesure de la protection cathodique<\/li>\n<li>Certification ATEX<\/li>\n<li>Compatibilit\u00e9 totale<\/li>\n<li>2% de pr\u00e9cision<\/li>\n<li>Enti\u00e8rement accessible de l&rsquo;ext\u00e9rieur<\/li>\n<\/ul>\n<p>Les capteurs de niveau CND3000TG consistent en une t\u00eate rectangulaire en polycarbonate charg\u00e9 de fibre de verre, avec couvercle transparent, et une gaine en acier inoxydable, avec flotteur SPANSIL, un mat\u00e9riau extr\u00eamement r\u00e9sistant aux hautes pressions et aux produits chimiques. .<\/p>\n<p>Une s\u00e9rie de r\u00e9sistances et d\u2019ampoules nettes est mont\u00e9e sur la gaine qui, une fois ferm\u00e9e par le passage de l\u2019aimant plac\u00e9 sur le flotteur, g\u00e9n\u00e8re un effet potentiom\u00e9trique sur l\u2019ensemble du trajet de la gaine, ce qui permet une lecture pr\u00e9cise du niveau de la cuve. Il peut \u00eatre lu \u00e0 tout moment au moyen d\u2019un \u00e9cran de visualisation install\u00e9 dans la t\u00eate.<\/p>\n<p>La fixation au r\u00e9servoir se fait au moyen d&rsquo;une bride JR ou d&rsquo;une plaque de 8 \u201d.<\/p>\n<p>Il existe deux versions du CND3000, le Basic et le TG (Integrated Tele-management)<\/p>\n<p>Les capteurs de niveau CND3000TG ont un modem GSM int\u00e9gr\u00e9 qui permet de lire le niveau de n\u2019importe o\u00f9 sur la plan\u00e8te disposant d\u2019une couverture GSM.<\/p>\n<p>Ce syst\u00e8me facilite l&rsquo;installation de l&rsquo;\u00e9quipement puisqu&rsquo;un seul dispositif est ins\u00e9r\u00e9 directement dans la bouche du r\u00e9servoir sans qu&rsquo;il soit n\u00e9cessaire d&rsquo;ajouter un compl\u00e9ment au syst\u00e8me. La sonde de niveau et le module de t\u00e9l\u00e9mesure sont connect\u00e9s sans avoir besoin de c\u00e2bles r\u00e9partis sur les zones 1 ou 0.<\/p>\n<p>Les capteurs de niveau \u00e9lectroniques CND3000 TG vous permettent de contr\u00f4ler l\u2019ensemble de votre groupe de sondes \u00e0 l\u2019aide d\u2019un simple message mobile ou par le biais d\u2019un PC dot\u00e9 d\u2019un logiciel de contr\u00f4le; vous permettant ainsi d\u2019\u00e9tudier les niveaux, de contr\u00f4ler l&rsquo;historique et de pr\u00e9voir la consommation de chaque r\u00e9servoir afin d&rsquo;optimiser sa logistique. Les camions de cargaison ne visiteront que les citernes en rupture de stock.<\/p>\n<p>Les capteurs de niveau CND3000TG sont enti\u00e8rement compatibles avec toute entr\u00e9e de r\u00e9servoir de GPL ou de r\u00e9servoir GASOIL.<\/p>\n<p>Par contre, au cas o\u00f9 il serait n\u00e9cessaire de changer la pile ou tout autre composant, nous n\u2019aurions pas \u00e0 retirer la sonde du r\u00e9servoir. L&rsquo;\u00e9quipement est compl\u00e8tement \u00e9tanche et vous permet de manipuler vos pi\u00e8ces sans avoir \u00e0 vider le r\u00e9servoir, ce qui entra\u00eene des \u00e9conomies de co\u00fbts cons\u00e9quentes.<\/p>\n<p>De plus, ces capteurs de niveau permettent d&rsquo;afficher la tension de protection cathodique d&rsquo;une \u00e9lectrode de r\u00e9f\u00e9rence.<\/p>\n<p>Les mesures standard sont: 1200mm, 1500mm, 1750mm, 2200mm, 2450mm<\/p>\n","protected":false},"excerpt":{"rendered":"<p>Les capteurs de niveau CND 3000, sont un instrument de pr\u00e9cision de haute fiabilit\u00e9, pr\u00eat \u00e0 \u00eatre install\u00e9 \u00e0 l\u2019ext\u00e9rieur. Les capteurs de niveau CND 3000 ont \u00e9t\u00e9 con\u00e7us pour faciliter les op\u00e9rations de mesure de niveau des r\u00e9servoirs de carburant, des gaz liqu\u00e9fi\u00e9s (G.L.P) et de tout autre liquide pouvant \u00eatre mesur\u00e9 au moyen d\u2019un flotteur. Pour cela, ils disposent des agr\u00e9ments et certifications II \u00bd G Ex ia IIB T4 Ga \/ Go, de s\u00e9curit\u00e9 intrins\u00e8que, dans des atmosph\u00e8res explosives. Certificat de type LOM 03atex2151 x.<\/p>\n","protected":false},"featured_media":1108,"template":"","meta":{"_et_pb_use_builder":"off","_et_pb_old_content":"","_et_gb_content_width":""},"product_cat":[51],"product_tag":[],"_links":{"self":[{"href":"https:\/\/cabeco.es\/fr\/wp-json\/wp\/v2\/product\/1205"}],"collection":[{"href":"https:\/\/cabeco.es\/fr\/wp-json\/wp\/v2\/product"}],"about":[{"href":"https:\/\/cabeco.es\/fr\/wp-json\/wp\/v2\/types\/product"}],"wp:featuredmedia":[{"embeddable":true,"href":"https:\/\/cabeco.es\/fr\/wp-json\/wp\/v2\/media\/1108"}],"wp:attachment":[{"href":"https:\/\/cabeco.es\/fr\/wp-json\/wp\/v2\/media?parent=1205"}],"wp:term":[{"taxonomy":"product_cat","embeddable":true,"href":"https:\/\/cabeco.es\/fr\/wp-json\/wp\/v2\/product_cat?post=1205"},{"taxonomy":"product_tag","embeddable":true,"href":"https:\/\/cabeco.es\/fr\/wp-json\/wp\/v2\/product_tag?post=1205"}],"curies":[{"name":"wp","href":"https:\/\/api.w.org\/{rel}","templated":true}]}}