{"id":1207,"date":"2019-07-03T08:25:27","date_gmt":"2019-07-03T08:25:27","guid":{"rendered":"http:\/\/cabeco.es\/producto\/capteurs-de-niveau-cns-27\/"},"modified":"2019-10-21T11:03:49","modified_gmt":"2019-10-21T11:03:49","slug":"capteurs-de-niveau-cns-27","status":"publish","type":"product","link":"https:\/\/cabeco.es\/fr\/producto\/capteurs-de-niveau-cns-27\/","title":{"rendered":"Capteurs de niveau CNS-27"},"content":{"rendered":"<p>Il existe 2 types de base de montage, l&rsquo;un horizontal r\u00e9f\u00e9renc\u00e9 SNI7330 et l&rsquo;autre vertical r\u00e9f\u00e9renc\u00e9 SNI7340.<\/p>\n<p>Pour plus de robustesse et de s\u00e9curit\u00e9, le tube en acier inoxydable. Il est rempli d&rsquo;un \u00e9lastom\u00e8re de silicone.<\/p>\n","protected":false},"excerpt":{"rendered":"<p>Les capteurs de niveau CNS-27 sont construits en tube d&rsquo;acier inoxydable. 8 mm de diam\u00e8tre et muni d&rsquo;un filetage de 1\/8 \u201dpour un serrage facile.<\/p>\n","protected":false},"featured_media":1114,"template":"","meta":{"_et_pb_use_builder":"off","_et_pb_old_content":"","_et_gb_content_width":""},"product_cat":[51],"product_tag":[],"_links":{"self":[{"href":"https:\/\/cabeco.es\/fr\/wp-json\/wp\/v2\/product\/1207"}],"collection":[{"href":"https:\/\/cabeco.es\/fr\/wp-json\/wp\/v2\/product"}],"about":[{"href":"https:\/\/cabeco.es\/fr\/wp-json\/wp\/v2\/types\/product"}],"wp:featuredmedia":[{"embeddable":true,"href":"https:\/\/cabeco.es\/fr\/wp-json\/wp\/v2\/media\/1114"}],"wp:attachment":[{"href":"https:\/\/cabeco.es\/fr\/wp-json\/wp\/v2\/media?parent=1207"}],"wp:term":[{"taxonomy":"product_cat","embeddable":true,"href":"https:\/\/cabeco.es\/fr\/wp-json\/wp\/v2\/product_cat?post=1207"},{"taxonomy":"product_tag","embeddable":true,"href":"https:\/\/cabeco.es\/fr\/wp-json\/wp\/v2\/product_tag?post=1207"}],"curies":[{"name":"wp","href":"https:\/\/api.w.org\/{rel}","templated":true}]}}