{"id":1208,"date":"2019-07-03T08:17:53","date_gmt":"2019-07-03T08:17:53","guid":{"rendered":"http:\/\/cabeco.es\/producto\/capteurs-de-niveau-cnr-3000-cnr3000-d\/"},"modified":"2019-08-01T04:20:49","modified_gmt":"2019-08-01T04:20:49","slug":"capteurs-de-niveau-cnr-3000-cnr3000-d","status":"publish","type":"product","link":"https:\/\/cabeco.es\/fr\/producto\/capteurs-de-niveau-cnr-3000-cnr3000-d\/","title":{"rendered":"Capteurs de niveau CNR-3000-CNR3000 \/ D"},"content":{"rendered":"<p>Une s\u00e9rie de r\u00e9sistances et d&rsquo;ampoules Reed sont mont\u00e9es dans la gaine qui, lorsqu&rsquo;elles sont ferm\u00e9es par le passage de l&rsquo;aimant plac\u00e9 sur le flotteur, g\u00e9n\u00e8rent un effet potentiom\u00e9trique sur l&rsquo;ensemble de son trajet.<br \/>\nLa version des capteurs de niveau CNR3000 \/ D comprend un flotteur inf\u00e9rieur qui agit sur un flacon, indiquant la pr\u00e9sence d&rsquo;eau au fond du r\u00e9servoir.<\/p>\n<p>La fixation au r\u00e9servoir se fait au moyen d\u2019un filetage 2 \u00ab\u00a0GAS.<br \/>\nLes bornes n\u00e9cessaires pour connecter l&rsquo;appareil \u00e0 un instrument de mesure sont situ\u00e9es dans la t\u00eate du capteur de niveau. Dans les installations \u00e0 atmosph\u00e8res explosives, la sonde de niveau doit \u00eatre connect\u00e9e via des isolateurs galvaniques approuv\u00e9s ou la s\u00e9curit\u00e9 intrins\u00e8que de l&rsquo;instrument.<\/p>\n","protected":false},"excerpt":{"rendered":"<p>Les capteurs de niveau, mod\u00e8le CNR3000, con\u00e7us et fabriqu\u00e9s par Cabeco, S.A., sont des instruments de pr\u00e9cision de haute fiabilit\u00e9, robustes et pr\u00eats \u00e0 \u00eatre install\u00e9s \u00e0 l&rsquo;ext\u00e9rieur. Le capteur de niveau CNR3000 est con\u00e7u pour faciliter les op\u00e9rations de mesure de niveau dans les r\u00e9servoirs de carburant ou tout autre liquide pouvant \u00eatre mesur\u00e9 par flotteur.<br \/>\nLes capteurs de niveau sont constitu\u00e9s d&rsquo;une t\u00eate DIN-A en aluminium et d&rsquo;une gaine en acier inoxydable d&rsquo;un diam\u00e8tre de 16 mm, avec un ou deux flotteurs SPANSIL\u00ae, un mat\u00e9riau hautement r\u00e9sistant aux produits chimiques.<\/p>\n","protected":false},"featured_media":1116,"template":"","meta":{"_et_pb_use_builder":"off","_et_pb_old_content":"","_et_gb_content_width":""},"product_cat":[51],"product_tag":[],"_links":{"self":[{"href":"https:\/\/cabeco.es\/fr\/wp-json\/wp\/v2\/product\/1208"}],"collection":[{"href":"https:\/\/cabeco.es\/fr\/wp-json\/wp\/v2\/product"}],"about":[{"href":"https:\/\/cabeco.es\/fr\/wp-json\/wp\/v2\/types\/product"}],"wp:featuredmedia":[{"embeddable":true,"href":"https:\/\/cabeco.es\/fr\/wp-json\/wp\/v2\/media\/1116"}],"wp:attachment":[{"href":"https:\/\/cabeco.es\/fr\/wp-json\/wp\/v2\/media?parent=1208"}],"wp:term":[{"taxonomy":"product_cat","embeddable":true,"href":"https:\/\/cabeco.es\/fr\/wp-json\/wp\/v2\/product_cat?post=1208"},{"taxonomy":"product_tag","embeddable":true,"href":"https:\/\/cabeco.es\/fr\/wp-json\/wp\/v2\/product_tag?post=1208"}],"curies":[{"name":"wp","href":"https:\/\/api.w.org\/{rel}","templated":true}]}}