{"id":1210,"date":"2019-07-02T14:50:54","date_gmt":"2019-07-02T14:50:54","guid":{"rendered":"http:\/\/cabeco.es\/producto\/telemetrie-pour-le-controle-de-niveau-des-liquides-combustibles\/"},"modified":"2019-08-01T04:24:40","modified_gmt":"2019-08-01T04:24:40","slug":"telemetrie-pour-le-controle-de-niveau-des-liquides-combustibles","status":"publish","type":"product","link":"https:\/\/cabeco.es\/fr\/producto\/telemetrie-pour-le-controle-de-niveau-des-liquides-combustibles\/","title":{"rendered":"T\u00e9l\u00e9m\u00e9trie pour le contr\u00f4le du niveau de liquide \/ carburant"},"content":{"rendered":"<ul>\n<li>Contr\u00f4le centralis\u00e9 de plusieurs r\u00e9servoirs dans un.<\/li>\n<li>Affichage rapide et intuitif des incidents, des alarmes et des demandes de remplissage.<\/li>\n<li>Certification ATEX<\/li>\n<li>Compatibilit\u00e9 totale<\/li>\n<li>Radio \/ GPRS \/ SMS<\/li>\n<li>Mesure de la protection cathodique pour les r\u00e9servoirs enterr\u00e9s<\/li>\n<\/ul>\n<p>Le module de t\u00e9l\u00e9m\u00e9trie Cabeco convertit une sonde m\u00e9canique ou notre base CND3000 en une sonde capable d\u2019envoyer son niveau \u00e0 n\u2019importe quel endroit de la plan\u00e8te.Ce couplage peut \u00eatre r\u00e9alis\u00e9 par effet Hall ou par une sortie 0-10V<\/p>\n","protected":false},"excerpt":{"rendered":"<p>Int\u00e9grez les avantages offerts par la t\u00e9l\u00e9m\u00e9trie. Contr\u00f4lez chaque r\u00e9servoir de votre parc de mani\u00e8re s\u00fbre tout en optimisant votre r\u00e9seau de distribution. V\u00e9rifiez les avantages d&rsquo;une \u00e9quipe con\u00e7ue avec le plus haut standard de qualit\u00e9 sur le march\u00e9.<\/p>\n","protected":false},"featured_media":1120,"template":"","meta":{"_et_pb_use_builder":"off","_et_pb_old_content":"","_et_gb_content_width":""},"product_cat":[51],"product_tag":[],"_links":{"self":[{"href":"https:\/\/cabeco.es\/fr\/wp-json\/wp\/v2\/product\/1210"}],"collection":[{"href":"https:\/\/cabeco.es\/fr\/wp-json\/wp\/v2\/product"}],"about":[{"href":"https:\/\/cabeco.es\/fr\/wp-json\/wp\/v2\/types\/product"}],"wp:featuredmedia":[{"embeddable":true,"href":"https:\/\/cabeco.es\/fr\/wp-json\/wp\/v2\/media\/1120"}],"wp:attachment":[{"href":"https:\/\/cabeco.es\/fr\/wp-json\/wp\/v2\/media?parent=1210"}],"wp:term":[{"taxonomy":"product_cat","embeddable":true,"href":"https:\/\/cabeco.es\/fr\/wp-json\/wp\/v2\/product_cat?post=1210"},{"taxonomy":"product_tag","embeddable":true,"href":"https:\/\/cabeco.es\/fr\/wp-json\/wp\/v2\/product_tag?post=1210"}],"curies":[{"name":"wp","href":"https:\/\/api.w.org\/{rel}","templated":true}]}}