{"id":1211,"date":"2019-07-02T14:45:52","date_gmt":"2019-07-02T14:45:52","guid":{"rendered":"http:\/\/cabeco.es\/producto\/capteurs-de-niveau-diesel-cnd3000-d-diesel\/"},"modified":"2019-08-01T04:28:16","modified_gmt":"2019-08-01T04:28:16","slug":"capteurs-de-niveau-diesel-cnd3000-d-diesel","status":"publish","type":"product","link":"https:\/\/cabeco.es\/fr\/producto\/capteurs-de-niveau-diesel-cnd3000-d-diesel\/","title":{"rendered":"Capteurs de niveau diesel CND3000-D-GASOLEO"},"content":{"rendered":"<p><strong>Il existe plusieurs configurations pour les d\u00e9nomm\u00e9s DEPOTS POUR CONSOMMATIONS PROPRES<br \/>\n<\/strong><\/p>\n<ul>\n<li>Capteurs de niveau avec afficheur pour lecture directe<\/li>\n<li>Capteurs de niveau \u00e0 \u00e9mission radio pour la lecture en champ proche<\/li>\n<li>Capteurs de niveau avec \u00e9mission GSM pour la lecture en champ lointain.<\/li>\n<\/ul>\n<p>Pour un maximum de 5 r\u00e9servoirs avec une sonde individuelle avec un \u00e9cran de lecture seul. Un capteur de niveau fonctionne comme un ma\u00eetre, recevant les signaux radio du reste des sondes SLAVE et envoyant tous les niveaux via GSM \u00e0 un t\u00e9l\u00e9phone mobile ou \u00e0 un PC avec un logiciel de gestion de donn\u00e9es.<\/p>\n<p>Nous nous adaptons aux besoins de chaque projet. Notre service d&rsquo;ing\u00e9nierie d\u00e9veloppe des capteurs de niveau et des syst\u00e8mes de collecte de donn\u00e9es en fonction des besoins de chaque client. Nous vous recommandons donc de prendre contact directement avec nous pour leur offrir un service plus personnalis\u00e9.<\/p>\n","protected":false},"excerpt":{"rendered":"<p>Les capteurs diesel sont compos\u00e9s d\u2019une tige avec le flotteur principal de mesure du niveau d\u2019huile et d\u2019un flotteur suppl\u00e9mentaire indiquant le niveau d\u2019eau pouvant s\u2019accumuler au fond du r\u00e9servoir.<\/p>\n<p>Le fonctionnement interne repose sur le m\u00eame principe que les sondes LPG, \u00e0 savoir la commutation des ampoules Reed \u00e0 l&rsquo;aide d&rsquo;un champ magn\u00e9tique.<\/p>\n","protected":false},"featured_media":1122,"template":"","meta":{"_et_pb_use_builder":"off","_et_pb_old_content":"","_et_gb_content_width":""},"product_cat":[51],"product_tag":[],"_links":{"self":[{"href":"https:\/\/cabeco.es\/fr\/wp-json\/wp\/v2\/product\/1211"}],"collection":[{"href":"https:\/\/cabeco.es\/fr\/wp-json\/wp\/v2\/product"}],"about":[{"href":"https:\/\/cabeco.es\/fr\/wp-json\/wp\/v2\/types\/product"}],"wp:featuredmedia":[{"embeddable":true,"href":"https:\/\/cabeco.es\/fr\/wp-json\/wp\/v2\/media\/1122"}],"wp:attachment":[{"href":"https:\/\/cabeco.es\/fr\/wp-json\/wp\/v2\/media?parent=1211"}],"wp:term":[{"taxonomy":"product_cat","embeddable":true,"href":"https:\/\/cabeco.es\/fr\/wp-json\/wp\/v2\/product_cat?post=1211"},{"taxonomy":"product_tag","embeddable":true,"href":"https:\/\/cabeco.es\/fr\/wp-json\/wp\/v2\/product_tag?post=1211"}],"curies":[{"name":"wp","href":"https:\/\/api.w.org\/{rel}","templated":true}]}}