{"id":1212,"date":"2019-07-02T14:38:08","date_gmt":"2019-07-02T14:38:08","guid":{"rendered":"http:\/\/cabeco.es\/producto\/capteurs-magnetiques-serie-pg\/"},"modified":"2019-08-01T04:31:37","modified_gmt":"2019-08-01T04:31:37","slug":"capteurs-magnetiques-serie-pg","status":"publish","type":"product","link":"https:\/\/cabeco.es\/fr\/producto\/capteurs-magnetiques-serie-pg\/","title":{"rendered":"Capteurs magn\u00e9tiques s\u00e9rie PG"},"content":{"rendered":"<p><strong>Applications typiques des capteurs magn\u00e9tiques de la s\u00e9rie PG<br \/>\n<\/strong><\/p>\n<ul>\n<li>G\u00e9n\u00e9rateurs d&rsquo;impulsions pour les compteurs<\/li>\n<li>Contr\u00f4le de position pour machines-outils<\/li>\n<li>Signaux de commande pour \u00e9l\u00e9ments de transport, courroies, etc..<\/li>\n<li>Machines textiles<\/li>\n<li>Finales pour grues, portails, balances, presses, etc..<\/li>\n<\/ul>\n<p>Vous cherchez un capteur magn\u00e9tique diff\u00e9rent? Voir notre catalogue de capteurs magn\u00e9tiques &#8211; capteurs de proximit\u00e9 &#8211; commutateurs magn\u00e9tiques<\/p>\n","protected":false},"excerpt":{"rendered":"<p>Les capteurs magn\u00e9tiques de la s\u00e9rie PG sont encapsul\u00e9s dans un bo\u00eetier en plastique ABS bleu de 12 mm. de diam\u00e8tre et ferm\u00e9es par des presse-\u00e9toupes PG-9, qui servent en m\u00eame temps pour la fixation.Pour plus de robustesse et de s\u00e9curit\u00e9, ledit bo\u00eetier a \u00e9t\u00e9 rempli avec un \u00e9lastom\u00e8re de silicone.<\/p>\n","protected":false},"featured_media":1124,"template":"","meta":{"_et_pb_use_builder":"off","_et_pb_old_content":"","_et_gb_content_width":""},"product_cat":[50],"product_tag":[],"_links":{"self":[{"href":"https:\/\/cabeco.es\/fr\/wp-json\/wp\/v2\/product\/1212"}],"collection":[{"href":"https:\/\/cabeco.es\/fr\/wp-json\/wp\/v2\/product"}],"about":[{"href":"https:\/\/cabeco.es\/fr\/wp-json\/wp\/v2\/types\/product"}],"wp:featuredmedia":[{"embeddable":true,"href":"https:\/\/cabeco.es\/fr\/wp-json\/wp\/v2\/media\/1124"}],"wp:attachment":[{"href":"https:\/\/cabeco.es\/fr\/wp-json\/wp\/v2\/media?parent=1212"}],"wp:term":[{"taxonomy":"product_cat","embeddable":true,"href":"https:\/\/cabeco.es\/fr\/wp-json\/wp\/v2\/product_cat?post=1212"},{"taxonomy":"product_tag","embeddable":true,"href":"https:\/\/cabeco.es\/fr\/wp-json\/wp\/v2\/product_tag?post=1212"}],"curies":[{"name":"wp","href":"https:\/\/api.w.org\/{rel}","templated":true}]}}