{"id":1213,"date":"2019-07-02T14:34:29","date_gmt":"2019-07-02T14:34:29","guid":{"rendered":"http:\/\/cabeco.es\/producto\/capteurs-magnetiques-de-la-serie-j\/"},"modified":"2019-08-01T04:34:24","modified_gmt":"2019-08-01T04:34:24","slug":"capteurs-magnetiques-de-la-serie-j","status":"publish","type":"product","link":"https:\/\/cabeco.es\/fr\/producto\/capteurs-magnetiques-de-la-serie-j\/","title":{"rendered":"Capteurs magn\u00e9tiques de la s\u00e9rie J"},"content":{"rendered":"<p><strong>Applications typiques des capteurs magn\u00e9tiques J SERIES<br \/>\n<\/strong><\/p>\n<ul>\n<li>Emetteurs d&rsquo;impulsions pour compteurs<\/li>\n<li>Contr\u00f4le de position pour machines-outils<\/li>\n<li>Signaux de commande pour bandes transporteuses<\/li>\n<li>Programmeurs de machines \u00e0 cames<\/li>\n<\/ul>\n","protected":false},"excerpt":{"rendered":"<p>Les capteurs magn\u00e9tiques de la s\u00e9rie J sont encapsul\u00e9s dans un tube en laiton nickel\u00e9 filet\u00e9 sur toute sa longueur en M8 pour faciliter l&rsquo;installation du capteur magn\u00e9tique &#8211; commutateur magn\u00e9tique dans des espaces confin\u00e9s ou avec une accessibilit\u00e9 r\u00e9duite. Pour plus de robustesse et de s\u00e9curit\u00e9, ledit tube a \u00e9t\u00e9 rempli de r\u00e9sine de polyur\u00e9thane.<\/p>\n","protected":false},"featured_media":1126,"template":"","meta":{"_et_pb_use_builder":"off","_et_pb_old_content":"","_et_gb_content_width":""},"product_cat":[50],"product_tag":[],"_links":{"self":[{"href":"https:\/\/cabeco.es\/fr\/wp-json\/wp\/v2\/product\/1213"}],"collection":[{"href":"https:\/\/cabeco.es\/fr\/wp-json\/wp\/v2\/product"}],"about":[{"href":"https:\/\/cabeco.es\/fr\/wp-json\/wp\/v2\/types\/product"}],"wp:featuredmedia":[{"embeddable":true,"href":"https:\/\/cabeco.es\/fr\/wp-json\/wp\/v2\/media\/1126"}],"wp:attachment":[{"href":"https:\/\/cabeco.es\/fr\/wp-json\/wp\/v2\/media?parent=1213"}],"wp:term":[{"taxonomy":"product_cat","embeddable":true,"href":"https:\/\/cabeco.es\/fr\/wp-json\/wp\/v2\/product_cat?post=1213"},{"taxonomy":"product_tag","embeddable":true,"href":"https:\/\/cabeco.es\/fr\/wp-json\/wp\/v2\/product_tag?post=1213"}],"curies":[{"name":"wp","href":"https:\/\/api.w.org\/{rel}","templated":true}]}}