{"id":1214,"date":"2019-07-02T14:30:39","date_gmt":"2019-07-02T14:30:39","guid":{"rendered":"http:\/\/cabeco.es\/producto\/capteur-magnetique-serie-h\/"},"modified":"2019-08-01T04:37:17","modified_gmt":"2019-08-01T04:37:17","slug":"capteur-magnetique-serie-h","status":"publish","type":"product","link":"https:\/\/cabeco.es\/fr\/producto\/capteur-magnetique-serie-h\/","title":{"rendered":"Capteur magn\u00e9tique s\u00e9rie H"},"content":{"rendered":"<p><strong>Applications typiques<br \/>\n<\/strong><\/p>\n<ul>\n<li>S\u00e9curit\u00e9 des portes et fen\u00eatres<\/li>\n<li>Contr\u00f4le de position dans les machines textiles<\/li>\n<li>Fin de cours pour commutateurs petites machines<\/li>\n<li>Positionnement du levier<\/li>\n<\/ul>\n<p>\u00cates-vous int\u00e9ress\u00e9 par un autre type de capteur magn\u00e9tique? Visitez notre catalogue de commutateurs magn\u00e9tiques &#8211; capteurs de proximit\u00e9<\/p>\n","protected":false},"excerpt":{"rendered":"<p>Les capteurs magn\u00e9tiques de la s\u00e9rie H sont encapsul\u00e9s dans un bo\u00eetier en plastique ABS blanc en forme de parall\u00e9l\u00e9pip\u00e8de muni de deux trous pour le montage afin de renforcer la s\u00e9curit\u00e9 et la solidit\u00e9 du bo\u00eetier en \u00e9lastom\u00e8re de silicone.<\/p>\n","protected":false},"featured_media":1128,"template":"","meta":{"_et_pb_use_builder":"off","_et_pb_old_content":"","_et_gb_content_width":""},"product_cat":[50],"product_tag":[],"_links":{"self":[{"href":"https:\/\/cabeco.es\/fr\/wp-json\/wp\/v2\/product\/1214"}],"collection":[{"href":"https:\/\/cabeco.es\/fr\/wp-json\/wp\/v2\/product"}],"about":[{"href":"https:\/\/cabeco.es\/fr\/wp-json\/wp\/v2\/types\/product"}],"wp:featuredmedia":[{"embeddable":true,"href":"https:\/\/cabeco.es\/fr\/wp-json\/wp\/v2\/media\/1128"}],"wp:attachment":[{"href":"https:\/\/cabeco.es\/fr\/wp-json\/wp\/v2\/media?parent=1214"}],"wp:term":[{"taxonomy":"product_cat","embeddable":true,"href":"https:\/\/cabeco.es\/fr\/wp-json\/wp\/v2\/product_cat?post=1214"},{"taxonomy":"product_tag","embeddable":true,"href":"https:\/\/cabeco.es\/fr\/wp-json\/wp\/v2\/product_tag?post=1214"}],"curies":[{"name":"wp","href":"https:\/\/api.w.org\/{rel}","templated":true}]}}