{"id":1215,"date":"2019-07-02T14:26:38","date_gmt":"2019-07-02T14:26:38","guid":{"rendered":"http:\/\/cabeco.es\/producto\/capteurs-magnetiques-de-la-serie-g\/"},"modified":"2019-08-01T04:40:04","modified_gmt":"2019-08-01T04:40:04","slug":"capteurs-magnetiques-de-la-serie-g","status":"publish","type":"product","link":"https:\/\/cabeco.es\/fr\/producto\/capteurs-magnetiques-de-la-serie-g\/","title":{"rendered":"Capteurs magn\u00e9tiques s\u00e9rie G"},"content":{"rendered":"<p><strong>Applications typiques<br \/>\n<\/strong><\/p>\n<ul>\n<li>G\u00e9n\u00e9rateurs d&rsquo;impulsions pour les compteurs\/li>\n<li>Contr\u00f4le de position pour machines-outils<\/li>\n<li>Signaux de commande pour \u00e9l\u00e9ments de transport, courroies, etc.<\/li>\n<li>Machines textiles\/li>\n<li>Finales pour grues, portails, balances, presses, etc.<\/li>\n<\/ul>\n","protected":false},"excerpt":{"rendered":"<p>Les capteurs magn\u00e9tiques de la s\u00e9rie G sont encapsul\u00e9s dans un tube en laiton nickel\u00e9 de 12 mm de diam\u00e8tre, muni d&rsquo;un filetage m\u00e9tallique M15 au fond pour faciliter sa fixation.Pour plus de robustesse et de s\u00e9curit\u00e9, ledit tube a \u00e9t\u00e9 rempli avec un \u00e9lastom\u00e8re de silicone Son corps m\u00e9tallique le rend particuli\u00e8rement adapt\u00e9 aux applications \u00e0 haute temp\u00e9rature. Sortie de c\u00e2ble \u00e0 travers des presse-\u00e9toupe PG7.<\/p>\n","protected":false},"featured_media":1130,"template":"","meta":{"_et_pb_use_builder":"off","_et_pb_old_content":"","_et_gb_content_width":""},"product_cat":[50],"product_tag":[],"_links":{"self":[{"href":"https:\/\/cabeco.es\/fr\/wp-json\/wp\/v2\/product\/1215"}],"collection":[{"href":"https:\/\/cabeco.es\/fr\/wp-json\/wp\/v2\/product"}],"about":[{"href":"https:\/\/cabeco.es\/fr\/wp-json\/wp\/v2\/types\/product"}],"wp:featuredmedia":[{"embeddable":true,"href":"https:\/\/cabeco.es\/fr\/wp-json\/wp\/v2\/media\/1130"}],"wp:attachment":[{"href":"https:\/\/cabeco.es\/fr\/wp-json\/wp\/v2\/media?parent=1215"}],"wp:term":[{"taxonomy":"product_cat","embeddable":true,"href":"https:\/\/cabeco.es\/fr\/wp-json\/wp\/v2\/product_cat?post=1215"},{"taxonomy":"product_tag","embeddable":true,"href":"https:\/\/cabeco.es\/fr\/wp-json\/wp\/v2\/product_tag?post=1215"}],"curies":[{"name":"wp","href":"https:\/\/api.w.org\/{rel}","templated":true}]}}