{"id":1216,"date":"2019-07-02T14:09:11","date_gmt":"2019-07-02T14:09:11","guid":{"rendered":"http:\/\/cabeco.es\/producto\/capteurs-magnetiques-de-la-serie-f\/"},"modified":"2019-08-01T04:42:57","modified_gmt":"2019-08-01T04:42:57","slug":"capteurs-magnetiques-de-la-serie-f","status":"publish","type":"product","link":"https:\/\/cabeco.es\/fr\/producto\/capteurs-magnetiques-de-la-serie-f\/","title":{"rendered":"Capteurs magn\u00e9tiques s\u00e9rie F"},"content":{"rendered":"<p><strong>Aplicaciones t\u00edpicas<br \/>\n<\/strong>Applications typiques<\/p>\n<ul>\n<li>G\u00e9n\u00e9rateurs d&rsquo;impulsions pour les compteurs<\/li>\n<li>Signaux de commande pour \u00e9l\u00e9ments de transport, courroies, etc.<\/li>\n<li>Finales pour grues, portails, balances, presses, etc..<\/li>\n<li>Machines textiles<\/li>\n<li>Contr\u00f4le de position pour machines-outils<\/li>\n<\/ul>\n<p>Vous recherchez un capteur magn\u00e9tique diff\u00e9rent? Consultez notre catalogue de commutateurs magn\u00e9tiques &#8211; capteurs de proximit\u00e9<\/p>\n","protected":false},"excerpt":{"rendered":"<p>Les capteurs magn\u00e9tiques de la s\u00e9rie F sont encapsul\u00e9s dans un tube en laiton nickel\u00e9 lisse de 8 mm de diam\u00e8tre, fix\u00e9 au moyen d&rsquo;une pince ou d&rsquo;un prisonnier.Pour plus de robustesse et de s\u00e9curit\u00e9, ledit tube a \u00e9t\u00e9 rempli de r\u00e9sine polyur\u00e9thane. Ils le rendent particuli\u00e8rement adapt\u00e9 aux applications dans les zones \u00e0 espace r\u00e9duit.<\/p>\n","protected":false},"featured_media":1132,"template":"","meta":{"_et_pb_use_builder":"off","_et_pb_old_content":"","_et_gb_content_width":""},"product_cat":[50],"product_tag":[],"_links":{"self":[{"href":"https:\/\/cabeco.es\/fr\/wp-json\/wp\/v2\/product\/1216"}],"collection":[{"href":"https:\/\/cabeco.es\/fr\/wp-json\/wp\/v2\/product"}],"about":[{"href":"https:\/\/cabeco.es\/fr\/wp-json\/wp\/v2\/types\/product"}],"wp:featuredmedia":[{"embeddable":true,"href":"https:\/\/cabeco.es\/fr\/wp-json\/wp\/v2\/media\/1132"}],"wp:attachment":[{"href":"https:\/\/cabeco.es\/fr\/wp-json\/wp\/v2\/media?parent=1216"}],"wp:term":[{"taxonomy":"product_cat","embeddable":true,"href":"https:\/\/cabeco.es\/fr\/wp-json\/wp\/v2\/product_cat?post=1216"},{"taxonomy":"product_tag","embeddable":true,"href":"https:\/\/cabeco.es\/fr\/wp-json\/wp\/v2\/product_tag?post=1216"}],"curies":[{"name":"wp","href":"https:\/\/api.w.org\/{rel}","templated":true}]}}