{"id":1217,"date":"2019-07-02T14:03:12","date_gmt":"2019-07-02T14:03:12","guid":{"rendered":"http:\/\/cabeco.es\/producto\/capteurs-magnetiques-serie-e-12\/"},"modified":"2019-08-01T04:46:03","modified_gmt":"2019-08-01T04:46:03","slug":"capteurs-magnetiques-serie-e-12","status":"publish","type":"product","link":"https:\/\/cabeco.es\/fr\/producto\/capteurs-magnetiques-serie-e-12\/","title":{"rendered":"Capteurs magn\u00e9tiques de la s\u00e9rie E-12"},"content":{"rendered":"<p><strong>Applications typiques des capteurs magn\u00e9tiques de la s\u00e9rie E-12<br \/>\n<\/strong><\/p>\n<ul>\n<li>Syst\u00e8mes de levage et bandes transporteuses<\/li>\n<li>Fin de carri\u00e8re<\/li>\n<li>D\u00e9tecteurs de pas<\/li>\n<\/ul>\n<p>\u00cates-vous int\u00e9ress\u00e9 par un capteur magn\u00e9tique diff\u00e9rent? Voir notre catalogue de commutateurs magn\u00e9tiques &#8211; capteurs de proximit\u00e9<\/p>\n","protected":false},"excerpt":{"rendered":"<p>Capteurs magn\u00e9tiques cylindriques en laiton nickel\u00e9, Capteurs magn\u00e9tiques cylindriques en laiton nickel\u00e9, compl\u00e8tement filet\u00e9s au pas M12x1 et munis de deux \u00e9crous \u00e0 profil bas, pour la fixation.<\/p>\n<p>Les capteurs magn\u00e9tiques sont remplis d&rsquo;\u00e9lastom\u00e8re de silicone pour une plus grande robustesse m\u00e9canique et une plage de temp\u00e9rature plus large.<\/p>\n<p>Son activation se fait au moyen d&rsquo;un aimant externe appliqu\u00e9 \u00e0 son extr\u00e9mit\u00e9, axialement ou radialement.<\/p>\n<p>Il y a aussi la version en plastique. Tube M12P et \u00e9crous en plastique sp\u00e9ciaux pour faciliter le filetage.<\/p>\n","protected":false},"featured_media":1134,"template":"","meta":{"_et_pb_use_builder":"off","_et_pb_old_content":"","_et_gb_content_width":""},"product_cat":[50],"product_tag":[],"_links":{"self":[{"href":"https:\/\/cabeco.es\/fr\/wp-json\/wp\/v2\/product\/1217"}],"collection":[{"href":"https:\/\/cabeco.es\/fr\/wp-json\/wp\/v2\/product"}],"about":[{"href":"https:\/\/cabeco.es\/fr\/wp-json\/wp\/v2\/types\/product"}],"wp:featuredmedia":[{"embeddable":true,"href":"https:\/\/cabeco.es\/fr\/wp-json\/wp\/v2\/media\/1134"}],"wp:attachment":[{"href":"https:\/\/cabeco.es\/fr\/wp-json\/wp\/v2\/media?parent=1217"}],"wp:term":[{"taxonomy":"product_cat","embeddable":true,"href":"https:\/\/cabeco.es\/fr\/wp-json\/wp\/v2\/product_cat?post=1217"},{"taxonomy":"product_tag","embeddable":true,"href":"https:\/\/cabeco.es\/fr\/wp-json\/wp\/v2\/product_tag?post=1217"}],"curies":[{"name":"wp","href":"https:\/\/api.w.org\/{rel}","templated":true}]}}