{"id":1218,"date":"2019-07-02T12:16:38","date_gmt":"2019-07-02T12:16:38","guid":{"rendered":"http:\/\/cabeco.es\/producto\/sensores-magneticos-serie-e\/"},"modified":"2019-08-01T04:49:33","modified_gmt":"2019-08-01T04:49:33","slug":"sensores-magneticos-serie-e","status":"publish","type":"product","link":"https:\/\/cabeco.es\/fr\/producto\/sensores-magneticos-serie-e\/","title":{"rendered":"Capteurs magn\u00e9tiques s\u00e9rie E"},"content":{"rendered":"<p><strong>Applications typiques des capteurs magn\u00e9tiques de la s\u00e9rie E<br \/>\n<\/strong><\/p>\n<ul>\n<li>G\u00e9n\u00e9rateurs d&rsquo;impulsions pour les compteurs<\/li>\n<li>Contr\u00f4le de position pour machines-outils<\/li>\n<li>Signaux de commande pour \u00e9l\u00e9ments de transport, courroies, etc.<\/li>\n<li>Machines textiles<\/li>\n<li>Finales pour grues, portails, ascenseurs, ascenseurs, presses, etc..<\/li>\n<\/ul>\n<p>Vous recherchez d&rsquo;autres capteurs magn\u00e9tiques? Voir notre section de commutateurs magn\u00e9tiques &#8211; capteurs de proximit\u00e9<\/p>\n","protected":false},"excerpt":{"rendered":"<p>Les capteurs magn\u00e9tiques de la s\u00e9rie E sont encapsul\u00e9s dans un bo\u00eetier bleu en polystyr\u00e8ne r\u00e9sistant aux chocs de 12 mm de diam\u00e8tre et se terminent dans une bague en laiton nickel\u00e9, enti\u00e8rement filet\u00e9e avec un pas de M15x1 et munie de deux \u00e9crous \u00e0 profil bas. la fixation<\/p>\n<p>Pour plus de robustesse et de s\u00e9curit\u00e9, ledit bo\u00eetier a \u00e9t\u00e9 rempli d\u2019un \u00e9lastom\u00e8re de silicone.<\/p>\n","protected":false},"featured_media":1136,"template":"","meta":{"_et_pb_use_builder":"off","_et_pb_old_content":"","_et_gb_content_width":""},"product_cat":[50],"product_tag":[],"_links":{"self":[{"href":"https:\/\/cabeco.es\/fr\/wp-json\/wp\/v2\/product\/1218"}],"collection":[{"href":"https:\/\/cabeco.es\/fr\/wp-json\/wp\/v2\/product"}],"about":[{"href":"https:\/\/cabeco.es\/fr\/wp-json\/wp\/v2\/types\/product"}],"wp:featuredmedia":[{"embeddable":true,"href":"https:\/\/cabeco.es\/fr\/wp-json\/wp\/v2\/media\/1136"}],"wp:attachment":[{"href":"https:\/\/cabeco.es\/fr\/wp-json\/wp\/v2\/media?parent=1218"}],"wp:term":[{"taxonomy":"product_cat","embeddable":true,"href":"https:\/\/cabeco.es\/fr\/wp-json\/wp\/v2\/product_cat?post=1218"},{"taxonomy":"product_tag","embeddable":true,"href":"https:\/\/cabeco.es\/fr\/wp-json\/wp\/v2\/product_tag?post=1218"}],"curies":[{"name":"wp","href":"https:\/\/api.w.org\/{rel}","templated":true}]}}