{"id":1219,"date":"2019-07-02T12:12:30","date_gmt":"2019-07-02T12:12:30","guid":{"rendered":"http:\/\/cabeco.es\/producto\/capteurs-magnetiques-de-la-serie-d\/"},"modified":"2019-08-01T04:56:33","modified_gmt":"2019-08-01T04:56:33","slug":"capteurs-magnetiques-de-la-serie-d","status":"publish","type":"product","link":"https:\/\/cabeco.es\/fr\/producto\/capteurs-magnetiques-de-la-serie-d\/","title":{"rendered":"Capteurs magn\u00e9tiques s\u00e9rie D"},"content":{"rendered":"<p><strong>Applications typiques des capteurs magn\u00e9tiques D-SERIES<br \/>\n<\/strong><\/p>\n<ul>\n<li>Emetteurs d&rsquo;impulsions pour compteurs<\/li>\n<li>Contr\u00f4le de position pour machines-outils<\/li>\n<li>Signaux de commande pour bandes transporteuses<\/li>\n<li>Programmeurs de machines \u00e0 cames<\/li>\n<\/ul>\n<p>Avez-vous besoin d&rsquo;un capteur magn\u00e9tique dot\u00e9 d&rsquo;autres fonctionnalit\u00e9s? Voir notre catalogue de commutateurs magn\u00e9tiques &#8211; capteurs de proximit\u00e9<\/p>\n","protected":false},"excerpt":{"rendered":"<p>Les capteurs magn\u00e9tiques de la s\u00e9rie D sont encapsul\u00e9s dans un tube m\u00e9tallique filet\u00e9 sur toute sa longueur jusqu&rsquo;\u00e0 M10 pour faciliter son installation dans des espaces confin\u00e9s ou avec une accessibilit\u00e9 r\u00e9duite. Pour plus de robustesse et de s\u00e9curit\u00e9, ledit bo\u00eetier a \u00e9t\u00e9 rempli de r\u00e9sine polyur\u00e9thane.<\/p>\n","protected":false},"featured_media":1138,"template":"","meta":{"_et_pb_use_builder":"off","_et_pb_old_content":"","_et_gb_content_width":""},"product_cat":[50],"product_tag":[],"_links":{"self":[{"href":"https:\/\/cabeco.es\/fr\/wp-json\/wp\/v2\/product\/1219"}],"collection":[{"href":"https:\/\/cabeco.es\/fr\/wp-json\/wp\/v2\/product"}],"about":[{"href":"https:\/\/cabeco.es\/fr\/wp-json\/wp\/v2\/types\/product"}],"wp:featuredmedia":[{"embeddable":true,"href":"https:\/\/cabeco.es\/fr\/wp-json\/wp\/v2\/media\/1138"}],"wp:attachment":[{"href":"https:\/\/cabeco.es\/fr\/wp-json\/wp\/v2\/media?parent=1219"}],"wp:term":[{"taxonomy":"product_cat","embeddable":true,"href":"https:\/\/cabeco.es\/fr\/wp-json\/wp\/v2\/product_cat?post=1219"},{"taxonomy":"product_tag","embeddable":true,"href":"https:\/\/cabeco.es\/fr\/wp-json\/wp\/v2\/product_tag?post=1219"}],"curies":[{"name":"wp","href":"https:\/\/api.w.org\/{rel}","templated":true}]}}