{"id":1220,"date":"2019-07-02T12:07:01","date_gmt":"2019-07-02T12:07:01","guid":{"rendered":"http:\/\/cabeco.es\/producto\/capteurs-magnetiques-de-la-serie-c\/"},"modified":"2019-10-21T10:52:35","modified_gmt":"2019-10-21T10:52:35","slug":"capteurs-magnetiques-de-la-serie-c","status":"publish","type":"product","link":"https:\/\/cabeco.es\/fr\/producto\/capteurs-magnetiques-de-la-serie-c\/","title":{"rendered":"Capteurs magn\u00e9tiques s\u00e9rie C"},"content":{"rendered":"<p><strong>Applications typiques des capteurs magn\u00e9tiques C-SERIES<br \/>\n<\/strong><\/p>\n<ul>\n<li>Chariots \u00e9l\u00e9vateurs et ascenseurs<\/li>\n<li>Signaux de commande sur les bandes transporteuses<\/li>\n<li>Machines textiles<\/li>\n<li>Finales pour grues, portails, balances, presses et en g\u00e9n\u00e9ral.<\/li>\n<li>Dans toutes les applications utilisant des fins de course classiques.<\/li>\n<\/ul>\n<p>Vous recherchez un capteur magn\u00e9tique avec d&rsquo;autres caract\u00e9ristiques? Voir notre catalogue de commutateurs magn\u00e9tiques &#8211; capteurs de proximit\u00e9.<\/p>\n","protected":false},"excerpt":{"rendered":"<div>Les capteurs magn\u00e9tiques de la s\u00e9rie C sont encapsul\u00e9s Les capteurs magn\u00e9tiques de la s\u00e9rie C sont encapsul\u00e9s dans une coque en polystyr\u00e8ne de couleur bleue \u00e0 l&rsquo;impact \u00e9lev\u00e9, en forme de parall\u00e9l\u00e9pip\u00e8de, \u00e9quip\u00e9e de deux trous de 6,5 mm pour le montage. Leur performance est approximativement celle d&rsquo;un aimant de type M2, M3 ou similaire appliqu\u00e9 \u00e0 chaque extr\u00e9mit\u00e9 longitudinalement ou transversalement.<\/p>\n<p>Pour plus de robustesse et de s\u00e9curit\u00e9, ledit bo\u00eetier a \u00e9t\u00e9 rempli d\u2019un \u00e9lastom\u00e8re de silicone.<\/p>\n","protected":false},"featured_media":1141,"template":"","meta":{"_et_pb_use_builder":"off","_et_pb_old_content":"","_et_gb_content_width":""},"product_cat":[50],"product_tag":[],"_links":{"self":[{"href":"https:\/\/cabeco.es\/fr\/wp-json\/wp\/v2\/product\/1220"}],"collection":[{"href":"https:\/\/cabeco.es\/fr\/wp-json\/wp\/v2\/product"}],"about":[{"href":"https:\/\/cabeco.es\/fr\/wp-json\/wp\/v2\/types\/product"}],"wp:featuredmedia":[{"embeddable":true,"href":"https:\/\/cabeco.es\/fr\/wp-json\/wp\/v2\/media\/1141"}],"wp:attachment":[{"href":"https:\/\/cabeco.es\/fr\/wp-json\/wp\/v2\/media?parent=1220"}],"wp:term":[{"taxonomy":"product_cat","embeddable":true,"href":"https:\/\/cabeco.es\/fr\/wp-json\/wp\/v2\/product_cat?post=1220"},{"taxonomy":"product_tag","embeddable":true,"href":"https:\/\/cabeco.es\/fr\/wp-json\/wp\/v2\/product_tag?post=1220"}],"curies":[{"name":"wp","href":"https:\/\/api.w.org\/{rel}","templated":true}]}}