{"id":1221,"date":"2019-07-02T12:02:45","date_gmt":"2019-07-02T12:02:45","guid":{"rendered":"http:\/\/cabeco.es\/producto\/capteurs-magnetiques-de-la-serie-b\/"},"modified":"2019-08-01T05:01:54","modified_gmt":"2019-08-01T05:01:54","slug":"capteurs-magnetiques-de-la-serie-b","status":"publish","type":"product","link":"https:\/\/cabeco.es\/fr\/producto\/capteurs-magnetiques-de-la-serie-b\/","title":{"rendered":"Capteurs magn\u00e9tiques s\u00e9rie B"},"content":{"rendered":"<p><strong>Applications typiques des capteurs magn\u00e9tiques B-SERIES<br \/>\n<\/strong><\/p>\n<ul>\n<li>Chariots \u00e9l\u00e9vateurs et ascenseurs<\/li>\n<li>Signaux de commande sur les bandes transporteuses<\/li>\n<li>Machines textiles<\/li>\n<li>Finales pour grues, portails, balances, presses, ascenseurs et en g\u00e9n\u00e9ral<\/li>\n<li>Dans toutes les applications utilisant des fins de course classiques.<\/li>\n<\/ul>\n","protected":false},"excerpt":{"rendered":"<p>Les capteurs pas \u00e0 pas magn\u00e9tiques de la s\u00e9rie B sont encapsul\u00e9s dans un bo\u00eetier en polystyr\u00e8ne de haute r\u00e9sistance en forme de fer \u00e0 cheval bleu, muni de deux trous de 6,6 mm pour la fixation.<\/p>\n<p>Le fonctionnement de ces commutateurs magn\u00e9tiques se fait par \u00e9tape d&rsquo;un drapeau m\u00e9tallique \u00e0 travers l&rsquo;ouverture. Pour plus de robustesse et de s\u00e9curit\u00e9, ledit bo\u00eetier a \u00e9t\u00e9 rempli d\u2019un \u00e9lastom\u00e8re de silicone.<\/p>\n","protected":false},"featured_media":1143,"template":"","meta":{"_et_pb_use_builder":"off","_et_pb_old_content":"","_et_gb_content_width":""},"product_cat":[50],"product_tag":[],"_links":{"self":[{"href":"https:\/\/cabeco.es\/fr\/wp-json\/wp\/v2\/product\/1221"}],"collection":[{"href":"https:\/\/cabeco.es\/fr\/wp-json\/wp\/v2\/product"}],"about":[{"href":"https:\/\/cabeco.es\/fr\/wp-json\/wp\/v2\/types\/product"}],"wp:featuredmedia":[{"embeddable":true,"href":"https:\/\/cabeco.es\/fr\/wp-json\/wp\/v2\/media\/1143"}],"wp:attachment":[{"href":"https:\/\/cabeco.es\/fr\/wp-json\/wp\/v2\/media?parent=1221"}],"wp:term":[{"taxonomy":"product_cat","embeddable":true,"href":"https:\/\/cabeco.es\/fr\/wp-json\/wp\/v2\/product_cat?post=1221"},{"taxonomy":"product_tag","embeddable":true,"href":"https:\/\/cabeco.es\/fr\/wp-json\/wp\/v2\/product_tag?post=1221"}],"curies":[{"name":"wp","href":"https:\/\/api.w.org\/{rel}","templated":true}]}}