{"id":1222,"date":"2019-07-02T11:52:23","date_gmt":"2019-07-02T11:52:23","guid":{"rendered":"http:\/\/cabeco.es\/producto\/capteurs-magnetiques-serie-a\/"},"modified":"2019-08-01T05:05:11","modified_gmt":"2019-08-01T05:05:11","slug":"capteurs-magnetiques-serie-a","status":"publish","type":"product","link":"https:\/\/cabeco.es\/fr\/producto\/capteurs-magnetiques-serie-a\/","title":{"rendered":"Capteurs magn\u00e9tiques s\u00e9rie A"},"content":{"rendered":"<p><strong>des capteurs magn\u00e9tiques S\u00c9RIE A<br \/>\n<\/strong><\/p>\n<ul>\n<li>G\u00e9n\u00e9rateurs d&rsquo;impulsions pour les compteurs<\/li>\n<li>Contr\u00f4le de position pour machines-outils<\/li>\n<li>Signaux de commande pour \u00e9l\u00e9ments de transport, courroies, etc..<\/li>\n<li>Machines textiles<\/li>\n<li>Finales pour grues, portails, balances, presses, etc..<\/li>\n<\/ul>\n<p>Vous cherchez un capteur magn\u00e9tique diff\u00e9rent? Voir notre catalogue de commutateurs magn\u00e9tiques &#8211; capteurs de proximit\u00e9.<\/p>\n","protected":false},"excerpt":{"rendered":"<p>Les capteurs magn\u00e9tiques de la s\u00e9rie A sont encapsul\u00e9s dans une coque en polystyr\u00e8ne bleu de 12 mm de diam\u00e8tre et r\u00e9sistant aux chocs, munie d&rsquo;un rabat de serrage.Pour plus de robustesse et de s\u00e9curit\u00e9, le bo\u00eetier est rempli d&rsquo;un \u00e9lastom\u00e8re de silicone.<\/p>\n","protected":false},"featured_media":1145,"template":"","meta":{"_et_pb_use_builder":"off","_et_pb_old_content":"","_et_gb_content_width":""},"product_cat":[50],"product_tag":[],"_links":{"self":[{"href":"https:\/\/cabeco.es\/fr\/wp-json\/wp\/v2\/product\/1222"}],"collection":[{"href":"https:\/\/cabeco.es\/fr\/wp-json\/wp\/v2\/product"}],"about":[{"href":"https:\/\/cabeco.es\/fr\/wp-json\/wp\/v2\/types\/product"}],"wp:featuredmedia":[{"embeddable":true,"href":"https:\/\/cabeco.es\/fr\/wp-json\/wp\/v2\/media\/1145"}],"wp:attachment":[{"href":"https:\/\/cabeco.es\/fr\/wp-json\/wp\/v2\/media?parent=1222"}],"wp:term":[{"taxonomy":"product_cat","embeddable":true,"href":"https:\/\/cabeco.es\/fr\/wp-json\/wp\/v2\/product_cat?post=1222"},{"taxonomy":"product_tag","embeddable":true,"href":"https:\/\/cabeco.es\/fr\/wp-json\/wp\/v2\/product_tag?post=1222"}],"curies":[{"name":"wp","href":"https:\/\/api.w.org\/{rel}","templated":true}]}}