{"id":1223,"date":"2019-07-02T10:15:48","date_gmt":"2019-07-02T10:15:48","guid":{"rendered":"http:\/\/cabeco.es\/producto\/capteur-magnetique-en-serie\/"},"modified":"2019-08-01T05:07:40","modified_gmt":"2019-08-01T05:07:40","slug":"capteur-magnetique-en-serie","status":"publish","type":"product","link":"https:\/\/cabeco.es\/fr\/producto\/capteur-magnetique-en-serie\/","title":{"rendered":"Capteur magn\u00e9tique s\u00e9rie Z"},"content":{"rendered":"<p><strong>Applications typiques des capteurs magn\u00e9tiques Z SERIES<br \/>\n<\/strong><\/p>\n<ul>\n<li>G\u00e9n\u00e9rateurs d&rsquo;impulsions pour les compteurs<\/li>\n<li>Contr\u00f4le de position pour machines-outils<\/li>\n<li>Signaux de commande pour \u00e9l\u00e9ments de transport, courroies, etc.<\/li>\n<li>Machines textiles<\/li>\n<li>Finales pour grues, portails, balances, presses, etc..<\/li>\n<\/ul>\n","protected":false},"excerpt":{"rendered":"<p>Les capteurs magn\u00e9tiques de la s\u00e9rie Z sont encapsul\u00e9s dans un bo\u00eetier en plastique ABS bleu de 12 mm. de diam\u00e8tre et \u00e9quip\u00e9 d\u2019une bague en laiton nickel\u00e9e en m\u00e9tal filet\u00e9e \u00e0 vis M-15 pour sa fixation et ferm\u00e9e par un presse-\u00e9toupe en m\u00e9tal PG-7, avec prot\u00e8ge-c\u00e2ble, ce qui renforce le bo\u00eetier du capteur magn\u00e9tique un \u00e9lastom\u00e8re de silicone.<\/p>\n","protected":false},"featured_media":0,"template":"","meta":{"_et_pb_use_builder":"off","_et_pb_old_content":"","_et_gb_content_width":""},"product_cat":[50],"product_tag":[],"_links":{"self":[{"href":"https:\/\/cabeco.es\/fr\/wp-json\/wp\/v2\/product\/1223"}],"collection":[{"href":"https:\/\/cabeco.es\/fr\/wp-json\/wp\/v2\/product"}],"about":[{"href":"https:\/\/cabeco.es\/fr\/wp-json\/wp\/v2\/types\/product"}],"wp:attachment":[{"href":"https:\/\/cabeco.es\/fr\/wp-json\/wp\/v2\/media?parent=1223"}],"wp:term":[{"taxonomy":"product_cat","embeddable":true,"href":"https:\/\/cabeco.es\/fr\/wp-json\/wp\/v2\/product_cat?post=1223"},{"taxonomy":"product_tag","embeddable":true,"href":"https:\/\/cabeco.es\/fr\/wp-json\/wp\/v2\/product_tag?post=1223"}],"curies":[{"name":"wp","href":"https:\/\/api.w.org\/{rel}","templated":true}]}}