{"id":1227,"date":"2019-07-01T14:57:41","date_gmt":"2019-07-01T14:57:41","guid":{"rendered":"http:\/\/cabeco.es\/producto\/matraz-aforado-10-lts-certificado\/"},"modified":"2019-08-01T05:14:52","modified_gmt":"2019-08-01T05:14:52","slug":"matraz-aforado-10-lts-certificado","status":"publish","type":"product","link":"https:\/\/cabeco.es\/fr\/producto\/matraz-aforado-10-lts-certificado\/","title":{"rendered":"Fiole jaug\u00e9e 10 litres, certifi\u00e9e"},"content":{"rendered":"<p>Les \u00e9talonnages en: sec, pr\u00e9-humidifi\u00e9, ou dans les deux conditions selon la r\u00e9f\u00e9rence de l&rsquo;article, sont fournis avec un num\u00e9ro d&rsquo;identification individuel de contraste, grav\u00e9 dans la partie inf\u00e9rieure du col et accompagn\u00e9 d&rsquo;un certificat d&rsquo;\u00e9talonnage.<\/p>\n<p>Pour les fioles \u00e9talonn\u00e9es s\u00e8ches ou \u00e0 double \u00e9chelle (s\u00e8ches et pr\u00e9-humidifi\u00e9es), le certificat d&rsquo;\u00e9talonnage ci-joint est pour l&rsquo;\u00e9talonnage \u00e0 sec et est d\u00e9livr\u00e9 par le Laboratoire d&rsquo;\u00e9talonnage de Volumetric, S.A. Certifi\u00e9 ENAC.<\/p>\n<p>Dans tous les cas, une copie de l&rsquo;autorisation du laboratoire officiellement autoris\u00e9, d\u00e9livr\u00e9e par le minist\u00e8re de l&rsquo;Industrie de la Generalitat de Catalunya, est \u00e9galement jointe.<\/p>\n","protected":false},"excerpt":{"rendered":"<p>Flacons \u00e0 col gradu\u00e9 pour le contr\u00f4le des pompes \u00e0 carburant liquide.<br \/>\nFabriqu\u00e9 et calibr\u00e9 selon la norme UNE 82510 en verre borosilocate \u00e0 faible coefficient de dilatation thermique lin\u00e9aire:<br \/>\n33&#215;10 degr\u00e9s Celsius et volumes: 2L, 5L, 10L et 20L satisfaisant aux exigences de l&rsquo;arr\u00eat\u00e9 minist\u00e9riel 13499 du 1998\/05\/27.<\/p>\n","protected":false},"featured_media":1228,"template":"","meta":{"_et_pb_use_builder":"off","_et_pb_old_content":"","_et_gb_content_width":""},"product_cat":[48],"product_tag":[],"_links":{"self":[{"href":"https:\/\/cabeco.es\/fr\/wp-json\/wp\/v2\/product\/1227"}],"collection":[{"href":"https:\/\/cabeco.es\/fr\/wp-json\/wp\/v2\/product"}],"about":[{"href":"https:\/\/cabeco.es\/fr\/wp-json\/wp\/v2\/types\/product"}],"wp:featuredmedia":[{"embeddable":true,"href":"https:\/\/cabeco.es\/fr\/wp-json\/wp\/v2\/media\/1228"}],"wp:attachment":[{"href":"https:\/\/cabeco.es\/fr\/wp-json\/wp\/v2\/media?parent=1227"}],"wp:term":[{"taxonomy":"product_cat","embeddable":true,"href":"https:\/\/cabeco.es\/fr\/wp-json\/wp\/v2\/product_cat?post=1227"},{"taxonomy":"product_tag","embeddable":true,"href":"https:\/\/cabeco.es\/fr\/wp-json\/wp\/v2\/product_tag?post=1227"}],"curies":[{"name":"wp","href":"https:\/\/api.w.org\/{rel}","templated":true}]}}