{"id":1229,"date":"2019-07-01T14:39:27","date_gmt":"2019-07-01T14:39:27","guid":{"rendered":"http:\/\/cabeco.es\/producto\/gonfleur-de-pneus-approuve-par-larmee-de-lair\/"},"modified":"2019-08-01T05:18:18","modified_gmt":"2019-08-01T05:18:18","slug":"gonfleur-de-pneus-approuve-par-larmee-de-lair","status":"publish","type":"product","link":"https:\/\/cabeco.es\/fr\/producto\/gonfleur-de-pneus-approuve-par-larmee-de-lair\/","title":{"rendered":"Gonfleur de pneu Airforce &#8211; approuv\u00e9"},"content":{"rendered":"<p>[et_pb_section bb_built=\u00a0\u00bb1&Prime; _builder_version=\u00a0\u00bb3.22.3&Prime;][et_pb_row _builder_version=\u00a0\u00bb3.22.3&Prime; background_size=\u00a0\u00bbinitial\u00a0\u00bb background_position=\u00a0\u00bbtop_left\u00a0\u00bb background_repeat=\u00a0\u00bbrepeat\u00a0\u00bb][et_pb_column type=\u00a0\u00bb4_4&Prime;][et_pb_text _builder_version=\u00a0\u00bb3.22.7&Prime; background_size=\u00a0\u00bbinitial\u00a0\u00bb background_position=\u00a0\u00bbtop_left\u00a0\u00bb background_repeat=\u00a0\u00bbrepeat\u00a0\u00bb text_text_shadow_horizontal_length=\u00a0\u00bbtext_text_shadow_style,%91object Object%93&Prime; text_text_shadow_vertical_length=\u00a0\u00bbtext_text_shadow_style,%91object Object%93&Prime; text_text_shadow_blur_strength=\u00a0\u00bbtext_text_shadow_style,%91object Object%93&Prime; link_text_shadow_horizontal_length=\u00a0\u00bblink_text_shadow_style,%91object Object%93&Prime; link_text_shadow_vertical_length=\u00a0\u00bblink_text_shadow_style,%91object Object%93&Prime; link_text_shadow_blur_strength=\u00a0\u00bblink_text_shadow_style,%91object Object%93&Prime; ul_text_shadow_horizontal_length=\u00a0\u00bbul_text_shadow_style,%91object Object%93&Prime; ul_text_shadow_vertical_length=\u00a0\u00bbul_text_shadow_style,%91object Object%93&Prime; ul_text_shadow_blur_strength=\u00a0\u00bbul_text_shadow_style,%91object Object%93&Prime; ol_text_shadow_horizontal_length=\u00a0\u00bbol_text_shadow_style,%91object Object%93&Prime; ol_text_shadow_vertical_length=\u00a0\u00bbol_text_shadow_style,%91object Object%93&Prime; ol_text_shadow_blur_strength=\u00a0\u00bbol_text_shadow_style,%91object Object%93&Prime; quote_text_shadow_horizontal_length=\u00a0\u00bbquote_text_shadow_style,%91object Object%93&Prime; quote_text_shadow_vertical_length=\u00a0\u00bbquote_text_shadow_style,%91object Object%93&Prime; quote_text_shadow_blur_strength=\u00a0\u00bbquote_text_shadow_style,%91object Object%93&Prime; header_text_shadow_horizontal_length=\u00a0\u00bbheader_text_shadow_style,%91object Object%93&Prime; header_text_shadow_vertical_length=\u00a0\u00bbheader_text_shadow_style,%91object Object%93&Prime; header_text_shadow_blur_strength=\u00a0\u00bbheader_text_shadow_style,%91object Object%93&Prime; header_2_text_shadow_horizontal_length=\u00a0\u00bbheader_2_text_shadow_style,%91object Object%93&Prime; header_2_text_shadow_vertical_length=\u00a0\u00bbheader_2_text_shadow_style,%91object Object%93&Prime; header_2_text_shadow_blur_strength=\u00a0\u00bbheader_2_text_shadow_style,%91object Object%93&Prime; header_3_text_shadow_horizontal_length=\u00a0\u00bbheader_3_text_shadow_style,%91object Object%93&Prime; header_3_text_shadow_vertical_length=\u00a0\u00bbheader_3_text_shadow_style,%91object Object%93&Prime; header_3_text_shadow_blur_strength=\u00a0\u00bbheader_3_text_shadow_style,%91object Object%93&Prime; header_4_text_shadow_horizontal_length=\u00a0\u00bbheader_4_text_shadow_style,%91object Object%93&Prime; header_4_text_shadow_vertical_length=\u00a0\u00bbheader_4_text_shadow_style,%91object Object%93&Prime; header_4_text_shadow_blur_strength=\u00a0\u00bbheader_4_text_shadow_style,%91object Object%93&Prime; header_5_text_shadow_horizontal_length=\u00a0\u00bbheader_5_text_shadow_style,%91object Object%93&Prime; header_5_text_shadow_vertical_length=\u00a0\u00bbheader_5_text_shadow_style,%91object Object%93&Prime; header_5_text_shadow_blur_strength=\u00a0\u00bbheader_5_text_shadow_style,%91object Object%93&Prime; header_6_text_shadow_horizontal_length=\u00a0\u00bbheader_6_text_shadow_style,%91object Object%93&Prime; header_6_text_shadow_vertical_length=\u00a0\u00bbheader_6_text_shadow_style,%91object Object%93&Prime; header_6_text_shadow_blur_strength=\u00a0\u00bbheader_6_text_shadow_style,%91object Object%93&Prime; z_index_tablet=\u00a0\u00bb500&Prime;]<\/p>\n<p>Le nouveau mod\u00e8le AirForce est un gonfleur de pneu manuel, robuste mais l\u00e9ger, avec un affichage facile \u00e0 lire qui offre un gonflage de pneu pr\u00e9cis et sans probl\u00e8me.<\/p>\n<ul>\n\tTout cela facilite l&rsquo;ajustement des pressions de mani\u00e8re efficace, ce qui permet aux utilisateurs de pneus de b\u00e9n\u00e9ficier d&rsquo;une dur\u00e9e plus longue de celles-ci, d&rsquo;une am\u00e9lioration de l&rsquo;\u00e9conomie de carburant et d&rsquo;une s\u00e9curit\u00e9 accrue.<br \/>\nL&rsquo;AirForce a \u00e9t\u00e9 d\u00e9velopp\u00e9 avec des plastiques techniques renforc\u00e9s, afin de r\u00e9pondre aux sp\u00e9cifications strictes des volumes d&rsquo;utilisation \u00e9lev\u00e9s et des applications intensives. Le poids l\u00e9ger de l&rsquo;AirForce et sa conception intelligente am\u00e9liorent la capacit\u00e9 du produit \u00e0 r\u00e9sister aux chocs, ce qui augmente sa dur\u00e9e de vie.<br \/>\nLa poign\u00e9e ergonomique de l\u2019AirForce, associ\u00e9e au m\u00e9canisme d\u2019entra\u00eenement direct de la valve, assure confort et rapidit\u00e9 de gonflage et de d\u00e9gonflage.<br \/>\nLa pression est mesur\u00e9e par un indicateur m\u00e9canique robuste \u00e0 hautes performances avec de faibles tol\u00e9rances, bien au-dessus des exigences de la directive europ\u00e9enne EC86 \/ 217. Il a le certificat d&rsquo;approbation UK 06\/2779. Pression maximale 12 bars en divisions de 0,1 bar.\n<\/ul>\n<p><strong>Medidas<\/strong><\/p>\n<ul>\n<li>Longueur 250mm<\/li>\n<li>Largeur 110mm<\/li>\n<li>Poids 0.36kg<\/li>\n<\/ul>\n<p>[\/et_pb_text][\/et_pb_column][\/et_pb_row][\/et_pb_section]<\/p>\n","protected":false},"excerpt":{"rendered":"<p>\u00c9quipement de pointe en compteurs analogiques de haute qualit\u00e9 pour un gonflage fiable des pneus et ateliers, pneus, garages, parcs de v\u00e9hicules de transport et stations-service \u00e0 hautes performances.<\/p>\n","protected":false},"featured_media":1230,"template":"","meta":{"_et_pb_use_builder":"on","_et_pb_old_content":"<p>El equipo est\u00e1 formado por una serie de componentes de alta calidad como son:<\/p><ul><li><strong>Manometro Anal\u00f3gico<\/strong> (versi\u00f3n 400TP-W) marca <strong>PCL<\/strong> mod.: Tyrair de gran visibilidad a distancia, aprobado seg\u00fan normas CE, y apropiado tanto para <strong>zonas de veh\u00edculos ligeros como pesados<\/strong>, o Digital (Versi\u00f3n 400TP-DG) con n\u00fameros de 25mm de altura y aprobado seg\u00fan normativa CE, con medici\u00f3n de hasta 10bar con saltos de 0,01bar.<\/li><li><strong>Carcasa<\/strong> fabricada en acero tratado con <strong>cataforesis y pintura epoxi<\/strong>, para una excelente resistencia a las agresiones ambientales.<\/li><li><strong>Columna<\/strong> para fijaci\u00f3n al suelo.<\/li><li><strong>Pulsadores<\/strong>, provistos de c\u00e1maras neum\u00e1ticas, que permiten aumentar o disminuir la presi\u00f3n con facilidad.<\/li><li><strong>Mangueras<\/strong> extensibles, de Nylon espiral de hasta 7 mts. de longitud, con boquilla de enganche para conexi\u00f3n a las v\u00e1lvulas de los neum\u00e1ticos.<\/li><\/ul><p>Existe una versi\u00f3n que adem\u00e1s incorpora espiral con pistola para <strong>servicio de AGUA<\/strong>, en la misma columna y llave de paso exterior, para mayor seguridad en caso de aver\u00eda.<\/p><ul><li>400TP-W (man\u00f3metro anal\u00f3gico)<\/li><li>400TP-DG (man\u00f3metro digital)<\/li><\/ul><p>Montaje con fijaci\u00f3n al suelo:<\/p><ul><li>Con Mangueras:<br \/>\u2013 Con s\u00f3lo Aire: -C1\/A1<br \/>\u2013 Con Aire i Agua: -C1\/B1<\/li><li>Con enrollador:<br \/>\u2013 Con s\u00f3lo Aire: -C2\/A1<br \/>\u2013 Con Aire i Agua: -C2\/B1<\/li><li>Versi\u00f3n \/CO: Equipo con fijaci\u00f3n mural<\/li><\/ul><p><strong>Ejemplo:<\/strong> Si elegimos el modelo anal\u00f3gico, con dos mangueras, columna y agua, su referencia ser\u00eda: 400TP-W\/C1B<\/p><p><strong>Nota:<\/strong> En todos los equipos provistos de mangueras, \u00e9stas se pueden sustituir por tubo extensible espiral de 8m de longitud \u00fatil.<\/p><p><em>TODOS LOS EQUIPOS TIENEN LA OPCI\u00d3N DESALIR DE F\u00c1BRICA CON 1 O 2 SALIDAS DE AIRE SEG\u00daN SI ES UN SISTEMA INFLADOR O UN SISTEMA PARA EQUILIBRAR LA PRESI\u00d3N DE LOS PNEUM\u00c1TICOS.<\/em><\/p>","_et_gb_content_width":""},"product_cat":[48],"product_tag":[],"_links":{"self":[{"href":"https:\/\/cabeco.es\/fr\/wp-json\/wp\/v2\/product\/1229"}],"collection":[{"href":"https:\/\/cabeco.es\/fr\/wp-json\/wp\/v2\/product"}],"about":[{"href":"https:\/\/cabeco.es\/fr\/wp-json\/wp\/v2\/types\/product"}],"wp:featuredmedia":[{"embeddable":true,"href":"https:\/\/cabeco.es\/fr\/wp-json\/wp\/v2\/media\/1230"}],"wp:attachment":[{"href":"https:\/\/cabeco.es\/fr\/wp-json\/wp\/v2\/media?parent=1229"}],"wp:term":[{"taxonomy":"product_cat","embeddable":true,"href":"https:\/\/cabeco.es\/fr\/wp-json\/wp\/v2\/product_cat?post=1229"},{"taxonomy":"product_tag","embeddable":true,"href":"https:\/\/cabeco.es\/fr\/wp-json\/wp\/v2\/product_tag?post=1229"}],"curies":[{"name":"wp","href":"https:\/\/api.w.org\/{rel}","templated":true}]}}