{"id":1231,"date":"2019-05-24T00:03:01","date_gmt":"2019-05-24T00:03:01","guid":{"rendered":"http:\/\/cabeco.es\/producto\/serie-400tp-homologue\/"},"modified":"2019-08-01T05:28:35","modified_gmt":"2019-08-01T05:28:35","slug":"serie-400tp-homologue","status":"publish","type":"product","link":"https:\/\/cabeco.es\/fr\/producto\/serie-400tp-homologue\/","title":{"rendered":"Inflateur s\u00e9rie 400TP homologu\u00e9"},"content":{"rendered":"<p>L&rsquo;\u00e9quipe se compose d&rsquo;une s\u00e9rie de composants de haute qualit\u00e9 tels que:<\/p>\n<ul>\n<li><strong>Manom\u00e8tre analogique<\/strong> (version 400TP-W) marque <strong>PCL<\/strong> Mod\u00e8le: tr\u00e8s grande visibilit\u00e9 \u00e0 distance, approuv\u00e9 selon les normes CE, et adapt\u00e9 \u00e0 la fois<strong>zones de v\u00e9hicules l\u00e9gers et lourds<\/strong>,o Num\u00e9rique (version 400TP-DG) avec des chiffres de 25 mm de haut et approuv\u00e9 conform\u00e9ment \u00e0 la r\u00e9glementation CE, mesurant jusqu&rsquo;\u00e0 10 bars avec des sauts de 0,01 bar.<\/li>\n<li><strong>Le logement<\/strong> en acier trait\u00e9 avec <strong>cataphor\u00e8se et peinture \u00e9poxy <\/ strong>, pour une excellente r\u00e9sistance aux agressions de l&rsquo;environnement.<\/li>\n<li><strong>Colonne<\/strong> pour la fixation au sol.<\/li>\n<li><strong>Boutons poussoirs<\/strong>, \u00e9quip\u00e9 de chambres pneumatiques, qui permettent d&rsquo;augmenter ou de diminuer facilement la pression.<\/li>\n<li><strong>Les tuyaux<\/strong> Nylon spiral extensible jusqu\u2019\u00e0 7 m\u00e8tres. longueur, avec attelage pour le raccordement aux valves des pneus.<\/li>\n<\/ul>\n<p>Il existe une version qui int\u00e8gre \u00e9galement une spirale avec un pistolet pour le <strong> service EAU <\/ strong>, dans la m\u00eame colonne et le robinet d\u2019arr\u00eat externe, pour plus de s\u00e9curit\u00e9 en cas de panne.<\/p>\n<ul>\n<li>400TP-W (manom\u00e8tre analogique)<\/li>\n<li>400TP-DG (manom\u00e8tre num\u00e9rique)<\/li>\n<\/ul>\n<p>Montage avec fixation au sol:<\/p>\n<ul>\n<li>Avec des tuyaux:<br \/>\n&#8211; Avec seulement Air: -C1 \/ A1<br \/>\n&#8211; Avec air et eau: -C1 \/ B1<\/li>\n<li>Avec enrouleur:<br \/>\n&#8211; Avec seulement Air: -C2 \/ A1<br \/>\n&#8211; Avec air et eau: -C2 \/ B1<\/li>\n<li>Version \/ CO: Equipement avec fixation murale<\/li>\n<\/ul>\n<p><strong>Exemple:<\/strong> Si nous choisissons le mod\u00e8le analogique, avec deux tuyaux, colonne et eau, votre r\u00e9f\u00e9rence serait: 400TP-W \/ C1B<\/p>\n<p><strong>Note:<\/strong> Dans tous les \u00e9quipements \u00e9quip\u00e9s de flexibles, ceux-ci peuvent \u00eatre remplac\u00e9s par un tube extensible en spirale de 8 m de long.<\/p>\n<p><em>TOUS LES \u00c9QUIPEMENTS A LA POSSIBILIT\u00c9 DE D\u00c9MARRER L&rsquo;USINE AVEC 1 OU 2 SORTIES D&rsquo;AIR, SELON SI C&rsquo;EST UN SYST\u00c8ME DE GONFLAGE OU UN SYST\u00c8ME D&rsquo;\u00c9QUILIBRAGE DE LA PRESSION DES PNEUMATIQUES.<\/em><\/p>\n","protected":false},"excerpt":{"rendered":"<p>\u00c9quipement de gonflage, mod\u00e8le 400T \/ C1B con\u00e7u et fabriqu\u00e9 par Cabeco, S.A. C\u2019est un instrument de pr\u00e9cision de haute fiabilit\u00e9, robuste et pr\u00eat \u00e0 \u00eatre install\u00e9 \u00e0 l\u2019ext\u00e9rieur. Il est con\u00e7u pour faciliter les op\u00e9rations de<strong> v\u00e9rification et de gonflage <\/strong> des pneus des v\u00e9hicules \u00e0 moteur.<\/p>\n","protected":false},"featured_media":1232,"template":"","meta":{"_et_pb_use_builder":"off","_et_pb_old_content":"","_et_gb_content_width":""},"product_cat":[48],"product_tag":[],"_links":{"self":[{"href":"https:\/\/cabeco.es\/fr\/wp-json\/wp\/v2\/product\/1231"}],"collection":[{"href":"https:\/\/cabeco.es\/fr\/wp-json\/wp\/v2\/product"}],"about":[{"href":"https:\/\/cabeco.es\/fr\/wp-json\/wp\/v2\/types\/product"}],"wp:featuredmedia":[{"embeddable":true,"href":"https:\/\/cabeco.es\/fr\/wp-json\/wp\/v2\/media\/1232"}],"wp:attachment":[{"href":"https:\/\/cabeco.es\/fr\/wp-json\/wp\/v2\/media?parent=1231"}],"wp:term":[{"taxonomy":"product_cat","embeddable":true,"href":"https:\/\/cabeco.es\/fr\/wp-json\/wp\/v2\/product_cat?post=1231"},{"taxonomy":"product_tag","embeddable":true,"href":"https:\/\/cabeco.es\/fr\/wp-json\/wp\/v2\/product_tag?post=1231"}],"curies":[{"name":"wp","href":"https:\/\/api.w.org\/{rel}","templated":true}]}}